{"id":10218,"date":"2024-04-19T12:32:50","date_gmt":"2024-04-19T10:32:50","guid":{"rendered":"https:\/\/izharia.com\/?page_id=10218"},"modified":"2024-06-21T18:59:55","modified_gmt":"2024-06-21T16:59:55","slug":"lineas-de-alta-tension-y-de-mbt","status":"publish","type":"page","link":"https:\/\/izharia.com\/en\/lineas-de-alta-tension-y-de-mbt\/","title":{"rendered":"High Voltage Lines and MBT"},"content":{"rendered":"<div data-elementor-type=\"wp-page\" data-elementor-id=\"10218\" class=\"elementor elementor-10218\">\n\t\t\t\t\t\t<section data-dynamic-background-color=\"#EAE4E4\" class=\"elementor-section elementor-top-section elementor-element elementor-element-f177ae1 elementor-section-full_width elementor-section-height-default elementor-section-height-default qodef-elementor-content-no qodef-elementor-column-no\" data-id=\"f177ae1\" data-element_type=\"section\" data-e-type=\"section\" data-settings=\"{&quot;background_background&quot;:&quot;classic&quot;}\">\n\t\t\t\t\t\t<div class=\"elementor-container elementor-column-gap-default\">\n\t\t\t\t\t<div class=\"elementor-column elementor-col-100 elementor-top-column elementor-element elementor-element-a7d7ee9\" data-id=\"a7d7ee9\" data-element_type=\"column\" data-e-type=\"column\">\n\t\t\t<div class=\"elementor-widget-wrap elementor-element-populated\">\n\t\t\t\t\t\t<div class=\"elementor-element elementor-element-014ecfe elementor-widget elementor-widget-text-editor\" data-id=\"014ecfe\" data-element_type=\"widget\" data-e-type=\"widget\" data-widget_type=\"text-editor.default\">\n\t\t\t\t<div class=\"elementor-widget-container\">\n\t\t\t\t\t\t\t\t\t<h3><strong><img decoding=\"async\" class=\"alignnone size-full wp-image-9787\" src=\"https:\/\/izharia.com\/wp-content\/uploads\/2024\/04\/4-alta_tension_MBT.png\" alt=\"\" width=\"100\" height=\"100\" \/><\/strong><\/h3><h3><strong>HIGH VOLTAGE LINES AND MBT<\/strong><\/h3>\t\t\t\t\t\t\t\t<\/div>\n\t\t\t\t<\/div>\n\t\t\t\t\t<\/div>\n\t\t<\/div>\n\t\t\t\t\t<\/div>\n\t\t<\/section>\n\t\t\t\t<section data-dynamic-background-color=\"#EAE4E4\" class=\"elementor-section elementor-top-section elementor-element elementor-element-f81e6db elementor-section-full_width elementor-section-height-default elementor-section-height-default qodef-elementor-content-no qodef-elementor-column-no\" data-id=\"f81e6db\" data-element_type=\"section\" data-e-type=\"section\" data-settings=\"{&quot;background_background&quot;:&quot;classic&quot;}\">\n\t\t\t\t\t\t<div class=\"elementor-container elementor-column-gap-default\">\n\t\t\t\t\t<div class=\"elementor-column elementor-col-50 elementor-top-column elementor-element elementor-element-fdd64de\" data-id=\"fdd64de\" data-element_type=\"column\" data-e-type=\"column\">\n\t\t\t<div class=\"elementor-widget-wrap elementor-element-populated\">\n\t\t\t\t\t\t<div class=\"elementor-element elementor-element-082f97a elementor-widget elementor-widget-text-editor\" data-id=\"082f97a\" data-element_type=\"widget\" data-e-type=\"widget\" data-widget_type=\"text-editor.default\">\n\t\t\t\t<div class=\"elementor-widget-container\">\n\t\t\t\t\t\t\t\t\t<h4>Our Approach<\/h4>\t\t\t\t\t\t\t\t<\/div>\n\t\t\t\t<\/div>\n\t\t\t\t<div class=\"elementor-element elementor-element-a03a259 elementor-widget elementor-widget-text-editor\" data-id=\"a03a259\" data-element_type=\"widget\" data-e-type=\"widget\" data-widget_type=\"text-editor.default\">\n\t\t\t\t<div class=\"elementor-widget-container\">\n\t\t\t\t\t\t\t\t\t<p>A power transmission line is the physical means necessary for the efficient transport of this energy from generating plants to substations and finally its distribution to consumption points. Electrical engineering plays a crucial role in ensuring that power is transmitted over long distances safely and efficiently. This is fundamental to achieving a change in the current energy system. One of the main objectives of electrical engineering is the energy transition, replacing the use of fossil fuels with renewable energy sources.<\/p>\t\t\t\t\t\t\t\t<\/div>\n\t\t\t\t<\/div>\n\t\t\t\t\t<\/div>\n\t\t<\/div>\n\t\t\t\t<div class=\"elementor-column elementor-col-50 elementor-top-column elementor-element elementor-element-74c15c3\" data-id=\"74c15c3\" data-element_type=\"column\" data-e-type=\"column\">\n\t\t\t<div class=\"elementor-widget-wrap elementor-element-populated\">\n\t\t\t\t\t\t<div class=\"elementor-element elementor-element-04e4f35 elementor-widget__width-auto elementor-widget elementor-widget-hiroshi_core_single_image\" data-id=\"04e4f35\" data-element_type=\"widget\" data-e-type=\"widget\" data-widget_type=\"hiroshi_core_single_image.default\">\n\t\t\t\t<div class=\"elementor-widget-container\">\n\t\t\t\t\t<div class=\"qodef-shortcode qodef-m  qodef-single-image qodef-layout--default\">\n\t\t\t<div class=\"qodef-m-image\">\n\t\t\t\t\t\t\t\t<img fetchpriority=\"high\" decoding=\"async\" width=\"905\" height=\"710\" src=\"https:\/\/izharia.com\/wp-content\/uploads\/2024\/04\/4-AT_IMG-906X710PX-services-img-1.png\" class=\"attachment-full size-full\" alt=\"\" srcset=\"https:\/\/izharia.com\/wp-content\/uploads\/2024\/04\/4-AT_IMG-906X710PX-services-img-1.png 905w, https:\/\/izharia.com\/wp-content\/uploads\/2024\/04\/4-AT_IMG-906X710PX-services-img-1-300x235.png 300w, https:\/\/izharia.com\/wp-content\/uploads\/2024\/04\/4-AT_IMG-906X710PX-services-img-1-768x603.png 768w\" sizes=\"(max-width: 905px) 100vw, 905px\" \/>\t\t\t\t\t\t\t<\/div>\n\t<\/div>\n\t\t\t\t<\/div>\n\t\t\t\t<\/div>\n\t\t\t\t\t<\/div>\n\t\t<\/div>\n\t\t\t\t\t<\/div>\n\t\t<\/section>\n\t\t\t\t<section data-dynamic-background-color=\"#B1B8B1\" class=\"elementor-section elementor-top-section elementor-element elementor-element-2cf8c75 elementor-section-full_width elementor-section-height-default elementor-section-height-default qodef-elementor-content-no qodef-elementor-column-no\" data-id=\"2cf8c75\" data-element_type=\"section\" data-e-type=\"section\" data-settings=\"{&quot;background_background&quot;:&quot;classic&quot;}\">\n\t\t\t\t\t\t<div class=\"elementor-container elementor-column-gap-default\">\n\t\t\t\t\t<div class=\"elementor-column elementor-col-50 elementor-top-column elementor-element elementor-element-44bda58\" data-id=\"44bda58\" data-element_type=\"column\" data-e-type=\"column\">\n\t\t\t<div class=\"elementor-widget-wrap elementor-element-populated\">\n\t\t\t\t\t\t<div class=\"elementor-element elementor-element-b4a0f1f elementor-widget elementor-widget-hiroshi_core_single_image\" data-id=\"b4a0f1f\" data-element_type=\"widget\" data-e-type=\"widget\" data-widget_type=\"hiroshi_core_single_image.default\">\n\t\t\t\t<div class=\"elementor-widget-container\">\n\t\t\t\t\t<div class=\"qodef-shortcode qodef-m  qodef-single-image qodef-layout--default\">\n\t\t\t<div class=\"qodef-m-image\">\n\t\t\t\t\t\t\t\t<img decoding=\"async\" width=\"905\" height=\"710\" src=\"https:\/\/izharia.com\/wp-content\/uploads\/2024\/04\/4-AT_IMG-906X710PX-services-img-2.png\" class=\"attachment-full size-full\" alt=\"\" srcset=\"https:\/\/izharia.com\/wp-content\/uploads\/2024\/04\/4-AT_IMG-906X710PX-services-img-2.png 905w, https:\/\/izharia.com\/wp-content\/uploads\/2024\/04\/4-AT_IMG-906X710PX-services-img-2-300x235.png 300w, https:\/\/izharia.com\/wp-content\/uploads\/2024\/04\/4-AT_IMG-906X710PX-services-img-2-768x603.png 768w\" sizes=\"(max-width: 905px) 100vw, 905px\" \/>\t\t\t\t\t\t\t<\/div>\n\t<\/div>\n\t\t\t\t<\/div>\n\t\t\t\t<\/div>\n\t\t\t\t\t<\/div>\n\t\t<\/div>\n\t\t\t\t<div class=\"elementor-column elementor-col-50 elementor-top-column elementor-element elementor-element-94759ba\" data-id=\"94759ba\" data-element_type=\"column\" data-e-type=\"column\">\n\t\t\t<div class=\"elementor-widget-wrap elementor-element-populated\">\n\t\t\t\t\t\t<div class=\"elementor-element elementor-element-a8f3070 elementor-widget elementor-widget-text-editor\" data-id=\"a8f3070\" data-element_type=\"widget\" data-e-type=\"widget\" data-widget_type=\"text-editor.default\">\n\t\t\t\t<div class=\"elementor-widget-container\">\n\t\t\t\t\t\t\t\t\t<h4>Efficiency<\/h4>\t\t\t\t\t\t\t\t<\/div>\n\t\t\t\t<\/div>\n\t\t\t\t<div class=\"elementor-element elementor-element-43bc4fe elementor-widget elementor-widget-text-editor\" data-id=\"43bc4fe\" data-element_type=\"widget\" data-e-type=\"widget\" data-widget_type=\"text-editor.default\">\n\t\t\t\t<div class=\"elementor-widget-container\">\n\t\t\t\t\t\t\t\t\t<p>High-voltage lines, together with substations, make up the electricity transmission network. In addition to ensuring the reliability and efficiency of electricity transmission, electrical engineering contributes to the stability of the system by providing an optimal response capacity in emergency situations.<\/p><p>At IZHARIA we specialise in both the design of power lines (in all their phases) and in the supervision and management of their construction, offering solutions that promote the transition towards cleaner, more stable and sustainable energy.<\/p><p>Many companies rely on our experts to ensure a safe and efficient electricity supply.<\/p>\t\t\t\t\t\t\t\t<\/div>\n\t\t\t\t<\/div>\n\t\t\t\t\t<\/div>\n\t\t<\/div>\n\t\t\t\t\t<\/div>\n\t\t<\/section>\n\t\t\t\t<section data-dynamic-background-color=\"#B1B8B1\" class=\"elementor-section elementor-top-section elementor-element elementor-element-b2ade44 elementor-section-full_width elementor-section-height-default elementor-section-height-default qodef-elementor-content-no qodef-elementor-column-no\" data-id=\"b2ade44\" data-element_type=\"section\" data-e-type=\"section\" data-settings=\"{&quot;background_background&quot;:&quot;classic&quot;}\">\n\t\t\t\t\t\t<div class=\"elementor-container elementor-column-gap-default\">\n\t\t\t\t\t<div class=\"elementor-column elementor-col-100 elementor-top-column elementor-element elementor-element-5d2fe02\" data-id=\"5d2fe02\" data-element_type=\"column\" data-e-type=\"column\">\n\t\t\t<div class=\"elementor-widget-wrap elementor-element-populated\">\n\t\t\t\t\t\t<div class=\"elementor-element elementor-element-ffe26b5 elementor-widget elementor-widget-text-editor\" data-id=\"ffe26b5\" data-element_type=\"widget\" data-e-type=\"widget\" data-widget_type=\"text-editor.default\">\n\t\t\t\t<div class=\"elementor-widget-container\">\n\t\t\t\t\t\t\t\t\t<h4>What we do<\/h4><div>\u00a0<\/div>\t\t\t\t\t\t\t\t<\/div>\n\t\t\t\t<\/div>\n\t\t\t\t<div class=\"elementor-element elementor-element-34f2cf2 elementor-widget elementor-widget-text-editor\" data-id=\"34f2cf2\" data-element_type=\"widget\" data-e-type=\"widget\" data-widget_type=\"text-editor.default\">\n\t\t\t\t<div class=\"elementor-widget-container\">\n\t\t\t\t\t\t\t\t\t<ul>\n<li>Trace studies<\/li>\n<li>Modelling in PLSCADD and CYMCAP<\/li>\n<li>Civil and electromechanical works design<\/li>\n<li>Mechanical and electrical calculations&nbsp;<\/li>\n<li>Review of engineering, preliminary and basic engineering, execution projects, detailed engineering.<\/li>\n<\/ul>\t\t\t\t\t\t\t\t<\/div>\n\t\t\t\t<\/div>\n\t\t\t\t<div class=\"elementor-element elementor-element-bb19e89 elementor-widget elementor-widget-text-editor\" data-id=\"bb19e89\" data-element_type=\"widget\" data-e-type=\"widget\" data-widget_type=\"text-editor.default\">\n\t\t\t\t<div class=\"elementor-widget-container\">\n\t\t\t\t\t\t\t\t\t<h4>Software<\/h4>\t\t\t\t\t\t\t\t<\/div>\n\t\t\t\t<\/div>\n\t\t\t\t<div class=\"elementor-element elementor-element-16c80b5 elementor-widget elementor-widget-text-editor\" data-id=\"16c80b5\" data-element_type=\"widget\" data-e-type=\"widget\" data-widget_type=\"text-editor.default\">\n\t\t\t\t<div class=\"elementor-widget-container\">\n\t\t\t\t\t\t\t\t\t<p>Our staff is highly trained in the use and management of very specific software, including: PLSCADD, TOWER, SAPS, CYMCAP, QGIS, AutoCAD and Civil3D.<\/p>\t\t\t\t\t\t\t\t<\/div>\n\t\t\t\t<\/div>\n\t\t\t\t\t<\/div>\n\t\t<\/div>\n\t\t\t\t\t<\/div>\n\t\t<\/section>\n\t\t\t\t<section data-dynamic-background-color=\"#EAE4E4\" class=\"elementor-section elementor-top-section elementor-element elementor-element-06db739 elementor-section-full_width elementor-section-height-default elementor-section-height-default qodef-elementor-content-no qodef-elementor-column-no\" data-id=\"06db739\" data-element_type=\"section\" data-e-type=\"section\" data-settings=\"{&quot;background_background&quot;:&quot;classic&quot;}\">\n\t\t\t\t\t\t<div class=\"elementor-container elementor-column-gap-default\">\n\t\t\t\t\t<div class=\"elementor-column elementor-col-50 elementor-top-column elementor-element elementor-element-49c4f14\" data-id=\"49c4f14\" data-element_type=\"column\" data-e-type=\"column\">\n\t\t\t<div class=\"elementor-widget-wrap elementor-element-populated\">\n\t\t\t\t\t\t<div class=\"elementor-element elementor-element-f5d7497 elementor-widget elementor-widget-text-editor\" data-id=\"f5d7497\" data-element_type=\"widget\" data-e-type=\"widget\" data-widget_type=\"text-editor.default\">\n\t\t\t\t<div class=\"elementor-widget-container\">\n\t\t\t\t\t\t\t\t\t<h4>Project highlights<\/h4><p>We invite you to explore the essence of our innovation and dedication through our outstanding projects. In each work, we leave a unique imprint that reflects the quality, vision and commitment that defines us.<\/p><p><span style=\"font-family: var( --e-global-typography-text-font-family ), Sans-serif;\"><span style=\"background-color: #ffffff; font-weight: var( --e-global-typography-text-font-weight );\"><a href=\"https:\/\/izharia.com\/en\/referencias\/laat-132-st-fv-balsicas-sabic-30-132-kv\/\" target=\"_blank\" rel=\"noopener\">Project: LAAT 132 ST FV BALSICAS (SABIC) 30\/132 KV<\/a><\/span><\/span><\/p><p><a style=\"background-color: #ffffff; font-weight: var( --e-global-typography-text-font-weight );\" href=\"https:\/\/izharia.com\/en\/referencias\/infraestructuras-de-conexion-de-la-planta-de-hidrogeno-renovable-en-as-pontes\/\" target=\"_blank\" rel=\"noopener\">Project: INFRASTRUCTURE CONNECTING THE RENEWABLE HYDROGEN PLANT IN AS PONTES<\/a><\/p><p><a href=\"https:\/\/izharia.com\/en\/referencias\/laat-400-kv-se-carmona\/\" target=\"_blank\" rel=\"noopener\"><span style=\"font-family: var( --e-global-typography-text-font-family ), Sans-serif;\"><span style=\"background-color: #ffffff; font-weight: var( --e-global-typography-text-font-weight );\">Project: LAAT 400 kV DE CARMONA<\/span><\/span><\/a><\/p><p><span style=\"font-family: var( --e-global-typography-text-font-family ), Sans-serif;\"><span style=\"background-color: #ffffff; font-weight: var( --e-global-typography-text-font-weight );\"><a href=\"\/en\/referencias\/lat-220-kv-dc-sc-valle-1-y-2-se-renedo-promotores-se-las-arroyadas-c-seccionamineto\/\" target=\"_blank\" rel=\"noopener\">Project: LAAT 220 kV DC - SC VALLE 1 Y 2 - SE RENEDO PROMOTORES - SE LAS ARROYADAS C. SECCIONAMENTO<\/a><\/span><\/span><\/p>\t\t\t\t\t\t\t\t<\/div>\n\t\t\t\t<\/div>\n\t\t\t\t\t<\/div>\n\t\t<\/div>\n\t\t\t\t<div class=\"elementor-column elementor-col-50 elementor-top-column elementor-element elementor-element-73f8d92\" data-id=\"73f8d92\" data-element_type=\"column\" data-e-type=\"column\">\n\t\t\t<div class=\"elementor-widget-wrap elementor-element-populated\">\n\t\t\t\t\t\t<div class=\"elementor-element elementor-element-7bd1803 elementor-widget__width-auto elementor-widget elementor-widget-hiroshi_core_single_image\" data-id=\"7bd1803\" data-element_type=\"widget\" data-e-type=\"widget\" data-widget_type=\"hiroshi_core_single_image.default\">\n\t\t\t\t<div class=\"elementor-widget-container\">\n\t\t\t\t\t<div class=\"qodef-shortcode qodef-m  qodef-single-image qodef-layout--default\">\n\t\t\t<div class=\"qodef-m-image\">\n\t\t\t\t\t\t\t\t<img loading=\"lazy\" decoding=\"async\" width=\"905\" height=\"710\" src=\"https:\/\/izharia.com\/wp-content\/uploads\/2024\/04\/4-AT_IMG-906X710PX-services-img-4.png\" class=\"attachment-full size-full\" alt=\"\" srcset=\"https:\/\/izharia.com\/wp-content\/uploads\/2024\/04\/4-AT_IMG-906X710PX-services-img-4.png 905w, https:\/\/izharia.com\/wp-content\/uploads\/2024\/04\/4-AT_IMG-906X710PX-services-img-4-300x235.png 300w, https:\/\/izharia.com\/wp-content\/uploads\/2024\/04\/4-AT_IMG-906X710PX-services-img-4-768x603.png 768w\" sizes=\"(max-width: 905px) 100vw, 905px\" \/>\t\t\t\t\t\t\t<\/div>\n\t<\/div>\n\t\t\t\t<\/div>\n\t\t\t\t<\/div>\n\t\t\t\t\t<\/div>\n\t\t<\/div>\n\t\t\t\t\t<\/div>\n\t\t<\/section>\n\t\t<div class=\"elementor-element elementor-element-2e30277 e-flex e-con-boxed e-con e-parent\" data-id=\"2e30277\" data-element_type=\"container\" data-e-type=\"container\">\n\t\t\t\t\t<div class=\"e-con-inner\">\n\t\t\t\t<div class=\"elementor-element elementor-element-8c6694f elementor-widget elementor-widget-text-editor\" data-id=\"8c6694f\" data-element_type=\"widget\" data-e-type=\"widget\" data-widget_type=\"text-editor.default\">\n\t\t\t\t<div class=\"elementor-widget-container\">\n\t\t\t\t\t\t\t\t\t<h5 style=\"text-align: center;\"><a href=\"https:\/\/izharia.com\/en\/ingenieria-civil-y-arquitectura\/\"><span style=\"text-decoration: underline;\"><strong>CIVIL ENGINEERING AND ARCHITECTURE<\/strong><\/span><\/a><\/h5><h5 style=\"text-align: center;\"><a href=\"https:\/\/izharia.com\/en\/estudios-y-analisis-de-redes-e-interconexiones-electricas\/\"><span style=\"text-decoration: underline;\"><strong>STUDIES AND ANALYSIS OF POWER SYSTEMS<\/strong><\/span><\/a><\/h5>\t\t\t\t\t\t\t\t<\/div>\n\t\t\t\t<\/div>\n\t\t\t\t\t<\/div>\n\t\t\t\t<\/div>\n\t\t\t\t<section data-dynamic-background-color=\"#FFFFFF\" class=\"elementor-section elementor-top-section elementor-element elementor-element-a16cb38 elementor-section-boxed elementor-section-height-default elementor-section-height-default qodef-elementor-content-no qodef-elementor-column-no\" data-id=\"a16cb38\" data-element_type=\"section\" data-e-type=\"section\">\n\t\t\t\t\t\t<div class=\"elementor-container elementor-column-gap-default\">\n\t\t\t\t\t<div class=\"elementor-column elementor-col-100 elementor-top-column elementor-element elementor-element-5b385ad\" data-id=\"5b385ad\" data-element_type=\"column\" data-e-type=\"column\">\n\t\t\t<div class=\"elementor-widget-wrap elementor-element-populated\">\n\t\t\t\t\t\t<div class=\"elementor-element elementor-element-44da023 elementor-widget elementor-widget-text-editor\" data-id=\"44da023\" data-element_type=\"widget\" data-e-type=\"widget\" data-widget_type=\"text-editor.default\">\n\t\t\t\t<div class=\"elementor-widget-container\">\n\t\t\t\t\t\t\t\t\t<h3>Working together, we will achieve extraordinary projects<\/h3>\t\t\t\t\t\t\t\t<\/div>\n\t\t\t\t<\/div>\n\t\t\t\t<div class=\"elementor-element elementor-element-f88d2d1 elementor-widget elementor-widget-hiroshi_core_button\" data-id=\"f88d2d1\" data-element_type=\"widget\" data-e-type=\"widget\" data-widget_type=\"hiroshi_core_button.default\">\n\t\t\t\t<div class=\"elementor-widget-container\">\n\t\t\t\t\t<a class=\"qodef-shortcode qodef-m  qodef-button qodef-layout--textual  qodef-html--link\" href=\"\/en\/contacto\/\" target=\"_self\"  >\n\t<span class=\"qodef-m-text\">contact us<\/span>\n<\/a>\n\t\t\t\t<\/div>\n\t\t\t\t<\/div>\n\t\t\t\t\t<\/div>\n\t\t<\/div>\n\t\t\t\t\t<\/div>\n\t\t<\/section>\n\t\t\t\t<\/div>","protected":false},"excerpt":{"rendered":"<p>L\u00cdNEAS DE ALTA TENSIO\u0301N Y DE MBT Nuestro Enfoque Una l\u00ednea de transmisi\u00f3n el\u00e9ctrica es el medio f\u00edsico necesario para el transporte eficiente de esta energ\u00eda, desde las plantas generadoras hasta las subestaciones y, finalmente, su distribuci\u00f3n a los puntos de consumo. La ingenier\u00eda el\u00e9ctrica desempe\u00f1a un papel crucial en garantizar que la energ\u00eda se [&hellip;]<\/p>\n","protected":false},"author":1,"featured_media":0,"parent":0,"menu_order":0,"comment_status":"closed","ping_status":"closed","template":"page-full-width.php","meta":{"footnotes":""},"class_list":["post-10218","page","type-page","status-publish","hentry"],"_links":{"self":[{"href":"https:\/\/izharia.com\/en\/wp-json\/wp\/v2\/pages\/10218","targetHints":{"allow":["GET"]}}],"collection":[{"href":"https:\/\/izharia.com\/en\/wp-json\/wp\/v2\/pages"}],"about":[{"href":"https:\/\/izharia.com\/en\/wp-json\/wp\/v2\/types\/page"}],"author":[{"embeddable":true,"href":"https:\/\/izharia.com\/en\/wp-json\/wp\/v2\/users\/1"}],"replies":[{"embeddable":true,"href":"https:\/\/izharia.com\/en\/wp-json\/wp\/v2\/comments?post=10218"}],"version-history":[{"count":92,"href":"https:\/\/izharia.com\/en\/wp-json\/wp\/v2\/pages\/10218\/revisions"}],"predecessor-version":[{"id":14521,"href":"https:\/\/izharia.com\/en\/wp-json\/wp\/v2\/pages\/10218\/revisions\/14521"}],"wp:attachment":[{"href":"https:\/\/izharia.com\/en\/wp-json\/wp\/v2\/media?parent=10218"}],"curies":[{"name":"wp","href":"https:\/\/api.w.org\/{rel}","templated":true}]}}