{"id":10433,"date":"2024-04-20T20:20:18","date_gmt":"2024-04-20T18:20:18","guid":{"rendered":"https:\/\/izharia.com\/?page_id=10433"},"modified":"2024-06-21T19:13:10","modified_gmt":"2024-06-21T17:13:10","slug":"ingenieria-cliente-y-soporte-de-obra","status":"publish","type":"page","link":"https:\/\/izharia.com\/en\/ingenieria-cliente-y-soporte-de-obra\/","title":{"rendered":"Customer Engineering and Site Support\u200b"},"content":{"rendered":"<div data-elementor-type=\"wp-page\" data-elementor-id=\"10433\" class=\"elementor elementor-10433\">\n\t\t\t\t\t\t<section data-dynamic-background-color=\"#EAE4E4\" class=\"elementor-section elementor-top-section elementor-element elementor-element-f177ae1 elementor-section-full_width elementor-section-height-default elementor-section-height-default qodef-elementor-content-no qodef-elementor-column-no\" data-id=\"f177ae1\" data-element_type=\"section\" data-e-type=\"section\" data-settings=\"{&quot;background_background&quot;:&quot;classic&quot;}\">\n\t\t\t\t\t\t<div class=\"elementor-container elementor-column-gap-default\">\n\t\t\t\t\t<div class=\"elementor-column elementor-col-100 elementor-top-column elementor-element elementor-element-a7d7ee9\" data-id=\"a7d7ee9\" data-element_type=\"column\" data-e-type=\"column\">\n\t\t\t<div class=\"elementor-widget-wrap elementor-element-populated\">\n\t\t\t\t\t\t<div class=\"elementor-element elementor-element-014ecfe elementor-widget elementor-widget-text-editor\" data-id=\"014ecfe\" data-element_type=\"widget\" data-e-type=\"widget\" data-widget_type=\"text-editor.default\">\n\t\t\t\t<div class=\"elementor-widget-container\">\n\t\t\t\t\t\t\t\t\t<h1><img decoding=\"async\" class=\"alignnone size-full wp-image-9790\" src=\"https:\/\/izharia.com\/wp-content\/uploads\/2024\/04\/7-ingenieria_cliente.png\" alt=\"\" width=\"100\" height=\"100\" \/><\/h1><h3><strong>CUSTOMER ENGINEERING AND SITE SUPPORT<\/strong><\/h3>\t\t\t\t\t\t\t\t<\/div>\n\t\t\t\t<\/div>\n\t\t\t\t\t<\/div>\n\t\t<\/div>\n\t\t\t\t\t<\/div>\n\t\t<\/section>\n\t\t\t\t<section data-dynamic-background-color=\"#EAE4E4\" class=\"elementor-section elementor-top-section elementor-element elementor-element-f81e6db elementor-section-full_width elementor-section-height-default elementor-section-height-default qodef-elementor-content-no qodef-elementor-column-no\" data-id=\"f81e6db\" data-element_type=\"section\" data-e-type=\"section\" data-settings=\"{&quot;background_background&quot;:&quot;classic&quot;}\">\n\t\t\t\t\t\t<div class=\"elementor-container elementor-column-gap-default\">\n\t\t\t\t\t<div class=\"elementor-column elementor-col-50 elementor-top-column elementor-element elementor-element-fdd64de\" data-id=\"fdd64de\" data-element_type=\"column\" data-e-type=\"column\">\n\t\t\t<div class=\"elementor-widget-wrap elementor-element-populated\">\n\t\t\t\t\t\t<div class=\"elementor-element elementor-element-082f97a elementor-widget elementor-widget-text-editor\" data-id=\"082f97a\" data-element_type=\"widget\" data-e-type=\"widget\" data-widget_type=\"text-editor.default\">\n\t\t\t\t<div class=\"elementor-widget-container\">\n\t\t\t\t\t\t\t\t\t<h4>Our Approach<\/h4>\t\t\t\t\t\t\t\t<\/div>\n\t\t\t\t<\/div>\n\t\t\t\t<div class=\"elementor-element elementor-element-a03a259 elementor-widget elementor-widget-text-editor\" data-id=\"a03a259\" data-element_type=\"widget\" data-e-type=\"widget\" data-widget_type=\"text-editor.default\">\n\t\t\t\t<div class=\"elementor-widget-container\">\n\t\t\t\t\t\t\t\t\t<p class=\"translation-block\">At IZHARIA, our Construction Management and Supervision discipline adapts in a personalised manner to the needs and magnitude of each project.<\/p><p>In smaller projects, we carry out the project management, which is an indispensable legal requirement for any industrial project. In these cases, we implement the minimum required structure, which includes the Site Management and the Execution Management, ensuring a correct application and rigorous compliance with all the necessary aspects.<\/p>\t\t\t\t\t\t\t\t<\/div>\n\t\t\t\t<\/div>\n\t\t\t\t\t<\/div>\n\t\t<\/div>\n\t\t\t\t<div class=\"elementor-column elementor-col-50 elementor-top-column elementor-element elementor-element-74c15c3\" data-id=\"74c15c3\" data-element_type=\"column\" data-e-type=\"column\">\n\t\t\t<div class=\"elementor-widget-wrap elementor-element-populated\">\n\t\t\t\t\t\t<div class=\"elementor-element elementor-element-04e4f35 elementor-widget__width-auto elementor-widget elementor-widget-hiroshi_core_single_image\" data-id=\"04e4f35\" data-element_type=\"widget\" data-e-type=\"widget\" data-widget_type=\"hiroshi_core_single_image.default\">\n\t\t\t\t<div class=\"elementor-widget-container\">\n\t\t\t\t\t<div class=\"qodef-shortcode qodef-m  qodef-single-image qodef-layout--default\">\n\t\t\t<div class=\"qodef-m-image\">\n\t\t\t\t\t\t\t\t<img fetchpriority=\"high\" decoding=\"async\" width=\"905\" height=\"710\" src=\"https:\/\/izharia.com\/wp-content\/uploads\/2024\/04\/7-CLIENTE-OBRA-IMG-906X710PX-6.png\" class=\"attachment-full size-full\" alt=\"\" srcset=\"https:\/\/izharia.com\/wp-content\/uploads\/2024\/04\/7-CLIENTE-OBRA-IMG-906X710PX-6.png 905w, https:\/\/izharia.com\/wp-content\/uploads\/2024\/04\/7-CLIENTE-OBRA-IMG-906X710PX-6-300x235.png 300w, https:\/\/izharia.com\/wp-content\/uploads\/2024\/04\/7-CLIENTE-OBRA-IMG-906X710PX-6-768x603.png 768w\" sizes=\"(max-width: 905px) 100vw, 905px\" \/>\t\t\t\t\t\t\t<\/div>\n\t<\/div>\n\t\t\t\t<\/div>\n\t\t\t\t<\/div>\n\t\t\t\t\t<\/div>\n\t\t<\/div>\n\t\t\t\t\t<\/div>\n\t\t<\/section>\n\t\t\t\t<section data-dynamic-background-color=\"#B1B8B1\" class=\"elementor-section elementor-top-section elementor-element elementor-element-2cf8c75 elementor-section-full_width elementor-section-height-default elementor-section-height-default qodef-elementor-content-no qodef-elementor-column-no\" data-id=\"2cf8c75\" data-element_type=\"section\" data-e-type=\"section\" data-settings=\"{&quot;background_background&quot;:&quot;classic&quot;}\">\n\t\t\t\t\t\t<div class=\"elementor-container elementor-column-gap-default\">\n\t\t\t\t\t<div class=\"elementor-column elementor-col-50 elementor-top-column elementor-element elementor-element-44bda58\" data-id=\"44bda58\" data-element_type=\"column\" data-e-type=\"column\">\n\t\t\t<div class=\"elementor-widget-wrap elementor-element-populated\">\n\t\t\t\t\t\t<div class=\"elementor-element elementor-element-b4a0f1f elementor-widget elementor-widget-hiroshi_core_single_image\" data-id=\"b4a0f1f\" data-element_type=\"widget\" data-e-type=\"widget\" data-widget_type=\"hiroshi_core_single_image.default\">\n\t\t\t\t<div class=\"elementor-widget-container\">\n\t\t\t\t\t<div class=\"qodef-shortcode qodef-m  qodef-single-image qodef-layout--default\">\n\t\t\t<div class=\"qodef-m-image\">\n\t\t\t\t\t\t\t\t<img decoding=\"async\" width=\"905\" height=\"710\" src=\"https:\/\/izharia.com\/wp-content\/uploads\/2024\/04\/7-CLIENTE-OBRA-IMG-906X710PX-4.png\" class=\"attachment-full size-full\" alt=\"\" srcset=\"https:\/\/izharia.com\/wp-content\/uploads\/2024\/04\/7-CLIENTE-OBRA-IMG-906X710PX-4.png 905w, https:\/\/izharia.com\/wp-content\/uploads\/2024\/04\/7-CLIENTE-OBRA-IMG-906X710PX-4-300x235.png 300w, https:\/\/izharia.com\/wp-content\/uploads\/2024\/04\/7-CLIENTE-OBRA-IMG-906X710PX-4-768x603.png 768w\" sizes=\"(max-width: 905px) 100vw, 905px\" \/>\t\t\t\t\t\t\t<\/div>\n\t<\/div>\n\t\t\t\t<\/div>\n\t\t\t\t<\/div>\n\t\t\t\t\t<\/div>\n\t\t<\/div>\n\t\t\t\t<div class=\"elementor-column elementor-col-50 elementor-top-column elementor-element elementor-element-94759ba\" data-id=\"94759ba\" data-element_type=\"column\" data-e-type=\"column\">\n\t\t\t<div class=\"elementor-widget-wrap elementor-element-populated\">\n\t\t\t\t\t\t<div class=\"elementor-element elementor-element-a8f3070 elementor-widget elementor-widget-text-editor\" data-id=\"a8f3070\" data-element_type=\"widget\" data-e-type=\"widget\" data-widget_type=\"text-editor.default\">\n\t\t\t\t<div class=\"elementor-widget-container\">\n\t\t\t\t\t\t\t\t\t<h4>Multidisciplinary Team<\/h4>\t\t\t\t\t\t\t\t<\/div>\n\t\t\t\t<\/div>\n\t\t\t\t<div class=\"elementor-element elementor-element-43bc4fe elementor-widget elementor-widget-text-editor\" data-id=\"43bc4fe\" data-element_type=\"widget\" data-e-type=\"widget\" data-widget_type=\"text-editor.default\">\n\t\t\t\t<div class=\"elementor-widget-container\">\n\t\t\t\t\t\t\t\t\t<p>When it comes to large-scale industrial projects, our management and supervision is reinforced by a specialised multidisciplinary team, responsible for effectively managing and controlling all processes and areas of the site.<\/p><p>At IZHARIA, we are committed to the integral management of our clients' projects, guaranteeing quality and compliance at all stages of construction and supervision.<\/p>\t\t\t\t\t\t\t\t<\/div>\n\t\t\t\t<\/div>\n\t\t\t\t\t<\/div>\n\t\t<\/div>\n\t\t\t\t\t<\/div>\n\t\t<\/section>\n\t\t\t\t<section data-dynamic-background-color=\"#B1B8B1\" class=\"elementor-section elementor-top-section elementor-element elementor-element-4a82717 elementor-section-full_width elementor-section-height-default elementor-section-height-default qodef-elementor-content-no qodef-elementor-column-no\" data-id=\"4a82717\" data-element_type=\"section\" data-e-type=\"section\" data-settings=\"{&quot;background_background&quot;:&quot;classic&quot;}\">\n\t\t\t\t\t\t<div class=\"elementor-container elementor-column-gap-default\">\n\t\t\t\t\t<div class=\"elementor-column elementor-col-50 elementor-top-column elementor-element elementor-element-584cd7c\" data-id=\"584cd7c\" data-element_type=\"column\" data-e-type=\"column\">\n\t\t\t<div class=\"elementor-widget-wrap elementor-element-populated\">\n\t\t\t\t\t\t<div class=\"elementor-element elementor-element-e73d0be elementor-widget elementor-widget-hiroshi_core_single_image\" data-id=\"e73d0be\" data-element_type=\"widget\" data-e-type=\"widget\" data-widget_type=\"hiroshi_core_single_image.default\">\n\t\t\t\t<div class=\"elementor-widget-container\">\n\t\t\t\t\t<div class=\"qodef-shortcode qodef-m  qodef-single-image qodef-layout--default\">\n\t\t\t<div class=\"qodef-m-image\">\n\t\t\t\t\t\t\t\t<img loading=\"lazy\" decoding=\"async\" width=\"905\" height=\"710\" src=\"https:\/\/izharia.com\/wp-content\/uploads\/2024\/04\/7-CLIENTE-OBRA-IMG-906X710PX-3.png\" class=\"attachment-full size-full\" alt=\"\" srcset=\"https:\/\/izharia.com\/wp-content\/uploads\/2024\/04\/7-CLIENTE-OBRA-IMG-906X710PX-3.png 905w, https:\/\/izharia.com\/wp-content\/uploads\/2024\/04\/7-CLIENTE-OBRA-IMG-906X710PX-3-300x235.png 300w, https:\/\/izharia.com\/wp-content\/uploads\/2024\/04\/7-CLIENTE-OBRA-IMG-906X710PX-3-768x603.png 768w\" sizes=\"(max-width: 905px) 100vw, 905px\" \/>\t\t\t\t\t\t\t<\/div>\n\t<\/div>\n\t\t\t\t<\/div>\n\t\t\t\t<\/div>\n\t\t\t\t\t<\/div>\n\t\t<\/div>\n\t\t\t\t<div class=\"elementor-column elementor-col-50 elementor-top-column elementor-element elementor-element-faf54c8\" data-id=\"faf54c8\" data-element_type=\"column\" data-e-type=\"column\">\n\t\t\t<div class=\"elementor-widget-wrap elementor-element-populated\">\n\t\t\t\t\t\t<div class=\"elementor-element elementor-element-ffe26b5 elementor-widget elementor-widget-text-editor\" data-id=\"ffe26b5\" data-element_type=\"widget\" data-e-type=\"widget\" data-widget_type=\"text-editor.default\">\n\t\t\t\t<div class=\"elementor-widget-container\">\n\t\t\t\t\t\t\t\t\t<h4>Extensive experience<\/h4>\t\t\t\t\t\t\t\t<\/div>\n\t\t\t\t<\/div>\n\t\t\t\t<div class=\"elementor-element elementor-element-34f2cf2 elementor-widget elementor-widget-text-editor\" data-id=\"34f2cf2\" data-element_type=\"widget\" data-e-type=\"widget\" data-widget_type=\"text-editor.default\">\n\t\t\t\t<div class=\"elementor-widget-container\">\n\t\t\t\t\t\t\t\t\t<p>More than 150 works as a Property Engineer, carrying out Facultative Management, Supervision of works, quality control, health and safety, engineering review and documentary control.<\/p><ul><li>Photovoltaic Park +1500 MW<\/li><li>Wind farms + 600 MW<\/li><li>Electrical Substations + 30 SETS<\/li><li>High Voltage Lines + 500 Km<\/li><\/ul>\t\t\t\t\t\t\t\t<\/div>\n\t\t\t\t<\/div>\n\t\t\t\t\t<\/div>\n\t\t<\/div>\n\t\t\t\t\t<\/div>\n\t\t<\/section>\n\t\t\t\t<section data-dynamic-background-color=\"#EAE4E4\" class=\"elementor-section elementor-top-section elementor-element elementor-element-cb9672e elementor-section-full_width elementor-section-height-default elementor-section-height-default qodef-elementor-content-no qodef-elementor-column-no\" data-id=\"cb9672e\" data-element_type=\"section\" data-e-type=\"section\" data-settings=\"{&quot;background_background&quot;:&quot;classic&quot;}\">\n\t\t\t\t\t\t<div class=\"elementor-container elementor-column-gap-default\">\n\t\t\t\t\t<div class=\"elementor-column elementor-col-50 elementor-top-column elementor-element elementor-element-7c06e27\" data-id=\"7c06e27\" data-element_type=\"column\" data-e-type=\"column\">\n\t\t\t<div class=\"elementor-widget-wrap elementor-element-populated\">\n\t\t\t\t\t\t<div class=\"elementor-element elementor-element-c44266e elementor-widget elementor-widget-text-editor\" data-id=\"c44266e\" data-element_type=\"widget\" data-e-type=\"widget\" data-widget_type=\"text-editor.default\">\n\t\t\t\t<div class=\"elementor-widget-container\">\n\t\t\t\t\t\t\t\t\t<h4>What we do<\/h4>\t\t\t\t\t\t\t\t<\/div>\n\t\t\t\t<\/div>\n\t\t\t\t<div class=\"elementor-element elementor-element-53694dd elementor-widget elementor-widget-text-editor\" data-id=\"53694dd\" data-element_type=\"widget\" data-e-type=\"widget\" data-widget_type=\"text-editor.default\">\n\t\t\t\t<div class=\"elementor-widget-container\">\n\t\t\t\t\t\t\t\t\t<ul><li>Direction, supervision and management of civil and electrical works such as wind farms (EP), photovoltaic (PV) plants, high and medium voltage lines and electrical substations.\u00a0<\/li><li>Preparation of engineering for tendering and construction<\/li><li>Design review\u00a0<\/li><li>Ensuring the quality of major equipment and construction\u00a0<\/li><li>Specification of the scope of ancillary systems (BOP)<\/li><li>On-site acceptance tests<\/li><li>Factory Acceptance Tests (FAT).\u00a0<\/li><li>Commissioning<\/li><li>Health and safety coordination<\/li><\/ul>\t\t\t\t\t\t\t\t<\/div>\n\t\t\t\t<\/div>\n\t\t\t\t\t<\/div>\n\t\t<\/div>\n\t\t\t\t<div class=\"elementor-column elementor-col-50 elementor-top-column elementor-element elementor-element-7ccbddd\" data-id=\"7ccbddd\" data-element_type=\"column\" data-e-type=\"column\">\n\t\t\t<div class=\"elementor-widget-wrap elementor-element-populated\">\n\t\t\t\t\t\t<div class=\"elementor-element elementor-element-f04a67b elementor-widget__width-auto elementor-widget elementor-widget-hiroshi_core_single_image\" data-id=\"f04a67b\" data-element_type=\"widget\" data-e-type=\"widget\" data-widget_type=\"hiroshi_core_single_image.default\">\n\t\t\t\t<div class=\"elementor-widget-container\">\n\t\t\t\t\t<div class=\"qodef-shortcode qodef-m  qodef-single-image qodef-layout--default\">\n\t\t\t<div class=\"qodef-m-image\">\n\t\t\t\t\t\t\t\t<img loading=\"lazy\" decoding=\"async\" width=\"905\" height=\"710\" src=\"https:\/\/izharia.com\/wp-content\/uploads\/2024\/04\/7-CLIENTE-OBRA-IMG-906X710PX-2.png\" class=\"attachment-full size-full\" alt=\"\" srcset=\"https:\/\/izharia.com\/wp-content\/uploads\/2024\/04\/7-CLIENTE-OBRA-IMG-906X710PX-2.png 905w, https:\/\/izharia.com\/wp-content\/uploads\/2024\/04\/7-CLIENTE-OBRA-IMG-906X710PX-2-300x235.png 300w, https:\/\/izharia.com\/wp-content\/uploads\/2024\/04\/7-CLIENTE-OBRA-IMG-906X710PX-2-768x603.png 768w\" sizes=\"(max-width: 905px) 100vw, 905px\" \/>\t\t\t\t\t\t\t<\/div>\n\t<\/div>\n\t\t\t\t<\/div>\n\t\t\t\t<\/div>\n\t\t\t\t\t<\/div>\n\t\t<\/div>\n\t\t\t\t\t<\/div>\n\t\t<\/section>\n\t\t\t\t<section data-dynamic-background-color=\"#EAE4E4\" class=\"elementor-section elementor-top-section elementor-element elementor-element-06db739 elementor-section-full_width elementor-section-height-default elementor-section-height-default qodef-elementor-content-no qodef-elementor-column-no\" data-id=\"06db739\" data-element_type=\"section\" data-e-type=\"section\" data-settings=\"{&quot;background_background&quot;:&quot;classic&quot;}\">\n\t\t\t\t\t\t<div class=\"elementor-container elementor-column-gap-default\">\n\t\t\t\t\t<div class=\"elementor-column elementor-col-50 elementor-top-column elementor-element elementor-element-49c4f14\" data-id=\"49c4f14\" data-element_type=\"column\" data-e-type=\"column\">\n\t\t\t<div class=\"elementor-widget-wrap elementor-element-populated\">\n\t\t\t\t\t\t<div class=\"elementor-element elementor-element-f5d7497 elementor-widget elementor-widget-text-editor\" data-id=\"f5d7497\" data-element_type=\"widget\" data-e-type=\"widget\" data-widget_type=\"text-editor.default\">\n\t\t\t\t<div class=\"elementor-widget-container\">\n\t\t\t\t\t\t\t\t\t<h4>Project highlights<\/h4><p>We invite you to explore the essence of our innovation and dedication through our outstanding projects. In each work, we leave a unique imprint that reflects the quality, vision and commitment that defines us.<\/p><p><a style=\"background-color: #ffffff; font-family: var( --e-global-typography-text-font-family ), Sans-serif; font-weight: var( --e-global-typography-text-font-weight );\" href=\"\/en\/referencias\/pvf-gamonarejo\/\" target=\"_blank\" rel=\"noopener\">Project: PVF GAMONAREJO<\/a><\/p><p><a style=\"background-color: #ffffff; font-family: var( --e-global-typography-text-font-family ), Sans-serif; font-weight: var( --e-global-typography-text-font-weight );\" href=\"\/en\/referencias\/pvf-miraflores\/\" target=\"_blank\" rel=\"noopener\">Project: PVF MIRAFLORES<\/a><\/p><p><a style=\"background-color: #ffffff; font-family: var( --e-global-typography-text-font-family ), Sans-serif; font-weight: var( --e-global-typography-text-font-weight );\" href=\"\/en\/referencias\/pe-merengue-ii\/\" target=\"_blank\" rel=\"noopener\">Project: PE MERENGUE II <\/a><\/p><p><a style=\"font-family: var( --e-global-typography-text-font-family ), Sans-serif; font-weight: var( --e-global-typography-text-font-weight ); background-color: #ffffff;\" href=\"\/en\/referencias\/pvf-castillo-i-y-castillo-ii\/\" target=\"_blank\" rel=\"noopener\">Project: PVF CASTILLO I AND CASTILLO II<\/a><\/p>\t\t\t\t\t\t\t\t<\/div>\n\t\t\t\t<\/div>\n\t\t<div class=\"elementor-element elementor-element-8ac8a9c e-con-full e-flex e-con e-parent\" data-id=\"8ac8a9c\" data-element_type=\"container\" data-e-type=\"container\">\n\t\t\t\t<div class=\"elementor-element elementor-element-80b8c95 elementor-widget elementor-widget-text-editor\" data-id=\"80b8c95\" data-element_type=\"widget\" data-e-type=\"widget\" data-widget_type=\"text-editor.default\">\n\t\t\t\t<div class=\"elementor-widget-container\">\n\t\t\t\t\t\t\t\t\t<h5 style=\"text-align: center;\"><a href=\"https:\/\/izharia.com\/en\/nuevas-energias\/\"><span style=\"text-decoration: underline;\"><strong>NEW ENERGIES<\/strong><\/span><\/a><\/h5><h5 style=\"text-align: center;\"><a href=\"https:\/\/izharia.com\/en\/puesta-en-servico-subestaciones\/\"><span style=\"text-decoration: underline;\"><strong>COMMISSIONING OF SUBSTATIONS<\/strong><\/span><\/a><\/h5>\t\t\t\t\t\t\t\t<\/div>\n\t\t\t\t<\/div>\n\t\t\t\t<\/div>\n\t\t\t\t\t<\/div>\n\t\t<\/div>\n\t\t\t\t<div class=\"elementor-column elementor-col-50 elementor-top-column elementor-element elementor-element-73f8d92\" data-id=\"73f8d92\" data-element_type=\"column\" data-e-type=\"column\">\n\t\t\t<div class=\"elementor-widget-wrap elementor-element-populated\">\n\t\t\t\t\t\t<div class=\"elementor-element elementor-element-7bd1803 elementor-widget__width-auto elementor-widget elementor-widget-hiroshi_core_single_image\" data-id=\"7bd1803\" data-element_type=\"widget\" data-e-type=\"widget\" data-widget_type=\"hiroshi_core_single_image.default\">\n\t\t\t\t<div class=\"elementor-widget-container\">\n\t\t\t\t\t<div class=\"qodef-shortcode qodef-m  qodef-single-image qodef-layout--default\">\n\t\t\t<div class=\"qodef-m-image\">\n\t\t\t\t\t\t\t\t<img loading=\"lazy\" decoding=\"async\" width=\"905\" height=\"710\" src=\"https:\/\/izharia.com\/wp-content\/uploads\/2024\/04\/7-CLIENTE-OBRA-IMG-906X710PX-1.png\" class=\"attachment-full size-full\" alt=\"\" srcset=\"https:\/\/izharia.com\/wp-content\/uploads\/2024\/04\/7-CLIENTE-OBRA-IMG-906X710PX-1.png 905w, https:\/\/izharia.com\/wp-content\/uploads\/2024\/04\/7-CLIENTE-OBRA-IMG-906X710PX-1-300x235.png 300w, https:\/\/izharia.com\/wp-content\/uploads\/2024\/04\/7-CLIENTE-OBRA-IMG-906X710PX-1-768x603.png 768w\" sizes=\"(max-width: 905px) 100vw, 905px\" \/>\t\t\t\t\t\t\t<\/div>\n\t<\/div>\n\t\t\t\t<\/div>\n\t\t\t\t<\/div>\n\t\t\t\t\t<\/div>\n\t\t<\/div>\n\t\t\t\t\t<\/div>\n\t\t<\/section>\n\t\t\t\t<section data-dynamic-background-color=\"#FFFFFF\" class=\"elementor-section elementor-top-section elementor-element elementor-element-a16cb38 elementor-section-boxed elementor-section-height-default elementor-section-height-default qodef-elementor-content-no qodef-elementor-column-no\" data-id=\"a16cb38\" data-element_type=\"section\" data-e-type=\"section\">\n\t\t\t\t\t\t<div class=\"elementor-container elementor-column-gap-default\">\n\t\t\t\t\t<div class=\"elementor-column elementor-col-100 elementor-top-column elementor-element elementor-element-5b385ad\" data-id=\"5b385ad\" data-element_type=\"column\" data-e-type=\"column\">\n\t\t\t<div class=\"elementor-widget-wrap elementor-element-populated\">\n\t\t\t\t\t\t<div class=\"elementor-element elementor-element-44da023 elementor-widget elementor-widget-text-editor\" data-id=\"44da023\" data-element_type=\"widget\" data-e-type=\"widget\" data-widget_type=\"text-editor.default\">\n\t\t\t\t<div class=\"elementor-widget-container\">\n\t\t\t\t\t\t\t\t\t<h3>Working together, we will achieve extraordinary projects<\/h3>\t\t\t\t\t\t\t\t<\/div>\n\t\t\t\t<\/div>\n\t\t\t\t<div class=\"elementor-element elementor-element-f88d2d1 elementor-widget elementor-widget-hiroshi_core_button\" data-id=\"f88d2d1\" data-element_type=\"widget\" data-e-type=\"widget\" data-widget_type=\"hiroshi_core_button.default\">\n\t\t\t\t<div class=\"elementor-widget-container\">\n\t\t\t\t\t<a class=\"qodef-shortcode qodef-m  qodef-button qodef-layout--textual  qodef-html--link\" href=\"\/en\/contacto\/\" target=\"_self\"  >\n\t<span class=\"qodef-m-text\">Contact Us<\/span>\n<\/a>\n\t\t\t\t<\/div>\n\t\t\t\t<\/div>\n\t\t\t\t\t<\/div>\n\t\t<\/div>\n\t\t\t\t\t<\/div>\n\t\t<\/section>\n\t\t\t\t<\/div>","protected":false},"excerpt":{"rendered":"<p>INGENIER\u00cdA DE CLIENTE Y SOPORTE A OBRA Nuestro Enfoque En IZHARIA, nuestra disciplina de Direcci\u00f3n y Supervisi\u00f3n de Obras se adapta de manera personalizada a las necesidades y magnitud de cada proyecto. En proyectos de menor envergadura, llevamos a cabo la Direcci\u00f3n facultativa, que es un requisito legal indispensable para cualquier proyecto industrial. En estos [&hellip;]<\/p>\n","protected":false},"author":1,"featured_media":0,"parent":0,"menu_order":0,"comment_status":"closed","ping_status":"closed","template":"page-full-width.php","meta":{"footnotes":""},"class_list":["post-10433","page","type-page","status-publish","hentry"],"_links":{"self":[{"href":"https:\/\/izharia.com\/en\/wp-json\/wp\/v2\/pages\/10433","targetHints":{"allow":["GET"]}}],"collection":[{"href":"https:\/\/izharia.com\/en\/wp-json\/wp\/v2\/pages"}],"about":[{"href":"https:\/\/izharia.com\/en\/wp-json\/wp\/v2\/types\/page"}],"author":[{"embeddable":true,"href":"https:\/\/izharia.com\/en\/wp-json\/wp\/v2\/users\/1"}],"replies":[{"embeddable":true,"href":"https:\/\/izharia.com\/en\/wp-json\/wp\/v2\/comments?post=10433"}],"version-history":[{"count":93,"href":"https:\/\/izharia.com\/en\/wp-json\/wp\/v2\/pages\/10433\/revisions"}],"predecessor-version":[{"id":14534,"href":"https:\/\/izharia.com\/en\/wp-json\/wp\/v2\/pages\/10433\/revisions\/14534"}],"wp:attachment":[{"href":"https:\/\/izharia.com\/en\/wp-json\/wp\/v2\/media?parent=10433"}],"curies":[{"name":"wp","href":"https:\/\/api.w.org\/{rel}","templated":true}]}}