{"id":10467,"date":"2024-04-20T20:50:26","date_gmt":"2024-04-20T18:50:26","guid":{"rendered":"https:\/\/izharia.com\/?page_id=10467"},"modified":"2025-10-13T11:29:52","modified_gmt":"2025-10-13T09:29:52","slug":"autoconsumo-industrial","status":"publish","type":"page","link":"https:\/\/izharia.com\/en\/autoconsumo-industrial\/","title":{"rendered":"Gases Renovables"},"content":{"rendered":"<div data-elementor-type=\"wp-page\" data-elementor-id=\"10467\" class=\"elementor elementor-10467\">\n\t\t\t\t\t\t<section data-dynamic-background-color=\"#EAE4E4\" class=\"elementor-section elementor-top-section elementor-element elementor-element-f177ae1 elementor-section-full_width elementor-section-height-default elementor-section-height-default qodef-elementor-content-no qodef-elementor-column-no\" data-id=\"f177ae1\" data-element_type=\"section\" data-e-type=\"section\" data-settings=\"{&quot;background_background&quot;:&quot;classic&quot;}\">\n\t\t\t\t\t\t<div class=\"elementor-container elementor-column-gap-default\">\n\t\t\t\t\t<div class=\"elementor-column elementor-col-100 elementor-top-column elementor-element elementor-element-a7d7ee9\" data-id=\"a7d7ee9\" data-element_type=\"column\" data-e-type=\"column\">\n\t\t\t<div class=\"elementor-widget-wrap elementor-element-populated\">\n\t\t\t\t\t\t<div class=\"elementor-element elementor-element-014ecfe elementor-widget elementor-widget-text-editor\" data-id=\"014ecfe\" data-element_type=\"widget\" data-e-type=\"widget\" data-widget_type=\"text-editor.default\">\n\t\t\t\t<div class=\"elementor-widget-container\">\n\t\t\t\t\t\t\t\t\t<h3><strong><img decoding=\"async\" class=\"alignnone size-full wp-image-9791\" src=\"https:\/\/izharia.com\/wp-content\/uploads\/2024\/04\/8-nuevas_energias.png\" alt=\"\" width=\"100\" height=\"100\" \/><\/strong><\/h3><h3><strong>GASES RENOVABLES<\/strong><\/h3>\t\t\t\t\t\t\t\t<\/div>\n\t\t\t\t<\/div>\n\t\t\t\t\t<\/div>\n\t\t<\/div>\n\t\t\t\t\t<\/div>\n\t\t<\/section>\n\t\t\t\t<section data-dynamic-background-color=\"#EAE4E4\" class=\"elementor-section elementor-top-section elementor-element elementor-element-f81e6db elementor-section-full_width elementor-section-height-default elementor-section-height-default qodef-elementor-content-no qodef-elementor-column-no\" data-id=\"f81e6db\" data-element_type=\"section\" data-e-type=\"section\" data-settings=\"{&quot;background_background&quot;:&quot;classic&quot;}\">\n\t\t\t\t\t\t<div class=\"elementor-container elementor-column-gap-default\">\n\t\t\t\t\t<div class=\"elementor-column elementor-col-50 elementor-top-column elementor-element elementor-element-fdd64de\" data-id=\"fdd64de\" data-element_type=\"column\" data-e-type=\"column\">\n\t\t\t<div class=\"elementor-widget-wrap elementor-element-populated\">\n\t\t\t\t\t\t<div class=\"elementor-element elementor-element-082f97a elementor-widget elementor-widget-text-editor\" data-id=\"082f97a\" data-element_type=\"widget\" data-e-type=\"widget\" data-widget_type=\"text-editor.default\">\n\t\t\t\t<div class=\"elementor-widget-container\">\n\t\t\t\t\t\t\t\t\t<h4>Our Approach<\/h4>\t\t\t\t\t\t\t\t<\/div>\n\t\t\t\t<\/div>\n\t\t\t\t<div class=\"elementor-element elementor-element-a03a259 elementor-widget__width-initial elementor-widget elementor-widget-text-editor\" data-id=\"a03a259\" data-element_type=\"widget\" data-e-type=\"widget\" data-widget_type=\"text-editor.default\">\n\t\t\t\t<div class=\"elementor-widget-container\">\n\t\t\t\t\t\t\t\t\t<p>I<b>mpulsamos una nueva era energ\u00e9tica basada en la sostenibilidad y la innovaci\u00f3n.<\/b><\/p><p class=\"p1\">\u00a0<\/p><p class=\"p3\">En IZHARIA, creemos que los <span class=\"s1\"><b>gases renovables<\/b><\/span> son una pieza clave en la transici\u00f3n hacia un sistema energ\u00e9tico m\u00e1s limpio, flexible y seguro. Tecnolog\u00edas como el <span class=\"s1\"><b>biog\u00e1s, biometano o el hidr\u00f3geno verde<\/b><\/span> permiten aprovechar recursos disponibles, valorizar residuos y descarbonizar sectores donde la electrificaci\u00f3n no es viable.<\/p>\t\t\t\t\t\t\t\t<\/div>\n\t\t\t\t<\/div>\n\t\t\t\t\t<\/div>\n\t\t<\/div>\n\t\t\t\t<div class=\"elementor-column elementor-col-50 elementor-top-column elementor-element elementor-element-74c15c3\" data-id=\"74c15c3\" data-element_type=\"column\" data-e-type=\"column\">\n\t\t\t<div class=\"elementor-widget-wrap elementor-element-populated\">\n\t\t\t\t\t\t<div class=\"elementor-element elementor-element-04e4f35 elementor-widget__width-auto elementor-widget elementor-widget-hiroshi_core_single_image\" data-id=\"04e4f35\" data-element_type=\"widget\" data-e-type=\"widget\" data-widget_type=\"hiroshi_core_single_image.default\">\n\t\t\t\t<div class=\"elementor-widget-container\">\n\t\t\t\t\t<div class=\"qodef-shortcode qodef-m  qodef-single-image qodef-layout--default\">\n\t\t\t<div class=\"qodef-m-image\">\n\t\t\t\t\t\t\t\t<img fetchpriority=\"high\" decoding=\"async\" width=\"905\" height=\"710\" src=\"https:\/\/izharia.com\/wp-content\/uploads\/2024\/04\/10-autoconsumo_IMG-906X710PX-services-img-4.png\" class=\"attachment-full size-full\" alt=\"\" srcset=\"https:\/\/izharia.com\/wp-content\/uploads\/2024\/04\/10-autoconsumo_IMG-906X710PX-services-img-4.png 905w, https:\/\/izharia.com\/wp-content\/uploads\/2024\/04\/10-autoconsumo_IMG-906X710PX-services-img-4-300x235.png 300w, https:\/\/izharia.com\/wp-content\/uploads\/2024\/04\/10-autoconsumo_IMG-906X710PX-services-img-4-768x603.png 768w\" sizes=\"(max-width: 905px) 100vw, 905px\" \/>\t\t\t\t\t\t\t<\/div>\n\t<\/div>\n\t\t\t\t<\/div>\n\t\t\t\t<\/div>\n\t\t\t\t\t<\/div>\n\t\t<\/div>\n\t\t\t\t\t<\/div>\n\t\t<\/section>\n\t\t\t\t<section data-dynamic-background-color=\"#B1B8B1\" class=\"elementor-section elementor-top-section elementor-element elementor-element-4a82717 elementor-section-full_width elementor-section-height-default elementor-section-height-default qodef-elementor-content-no qodef-elementor-column-no\" data-id=\"4a82717\" data-element_type=\"section\" data-e-type=\"section\" data-settings=\"{&quot;background_background&quot;:&quot;classic&quot;}\">\n\t\t\t\t\t\t<div class=\"elementor-container elementor-column-gap-default\">\n\t\t\t\t\t<div class=\"elementor-column elementor-col-50 elementor-top-column elementor-element elementor-element-584cd7c\" data-id=\"584cd7c\" data-element_type=\"column\" data-e-type=\"column\">\n\t\t\t<div class=\"elementor-widget-wrap elementor-element-populated\">\n\t\t\t\t\t\t<div class=\"elementor-element elementor-element-e73d0be elementor-widget elementor-widget-hiroshi_core_single_image\" data-id=\"e73d0be\" data-element_type=\"widget\" data-e-type=\"widget\" data-widget_type=\"hiroshi_core_single_image.default\">\n\t\t\t\t<div class=\"elementor-widget-container\">\n\t\t\t\t\t<div class=\"qodef-shortcode qodef-m  qodef-single-image qodef-layout--default\">\n\t\t\t<div class=\"qodef-m-image\">\n\t\t\t\t\t\t\t\t<img decoding=\"async\" width=\"905\" height=\"710\" src=\"https:\/\/izharia.com\/wp-content\/uploads\/2024\/04\/10-autoconsumo_IMG-906X710PX-services-img-3.png\" class=\"attachment-full size-full\" alt=\"\" srcset=\"https:\/\/izharia.com\/wp-content\/uploads\/2024\/04\/10-autoconsumo_IMG-906X710PX-services-img-3.png 905w, https:\/\/izharia.com\/wp-content\/uploads\/2024\/04\/10-autoconsumo_IMG-906X710PX-services-img-3-300x235.png 300w, https:\/\/izharia.com\/wp-content\/uploads\/2024\/04\/10-autoconsumo_IMG-906X710PX-services-img-3-768x603.png 768w\" sizes=\"(max-width: 905px) 100vw, 905px\" \/>\t\t\t\t\t\t\t<\/div>\n\t<\/div>\n\t\t\t\t<\/div>\n\t\t\t\t<\/div>\n\t\t\t\t\t<\/div>\n\t\t<\/div>\n\t\t\t\t<div class=\"elementor-column elementor-col-50 elementor-top-column elementor-element elementor-element-faf54c8\" data-id=\"faf54c8\" data-element_type=\"column\" data-e-type=\"column\">\n\t\t\t<div class=\"elementor-widget-wrap elementor-element-populated\">\n\t\t\t\t\t\t<div class=\"elementor-element elementor-element-ffe26b5 elementor-widget elementor-widget-text-editor\" data-id=\"ffe26b5\" data-element_type=\"widget\" data-e-type=\"widget\" data-widget_type=\"text-editor.default\">\n\t\t\t\t<div class=\"elementor-widget-container\">\n\t\t\t\t\t\t\t\t\t<h4>Integral Services<\/h4>\t\t\t\t\t\t\t\t<\/div>\n\t\t\t\t<\/div>\n\t\t\t\t<div class=\"elementor-element elementor-element-34f2cf2 elementor-widget elementor-widget-text-editor\" data-id=\"34f2cf2\" data-element_type=\"widget\" data-e-type=\"widget\" data-widget_type=\"text-editor.default\">\n\t\t\t\t<div class=\"elementor-widget-container\">\n\t\t\t\t\t\t\t\t\t<p>Con una visi\u00f3n integral y multidisciplinar, acompa\u00f1amos a nuestros clientes en el desarrollo de proyectos de gases renovables desde su conceptualizaci\u00f3n hasta su ejecuci\u00f3n y puesta en marcha. Aportamos nuestro conocimiento t\u00e9cnico, experiencia en ingenier\u00eda de procesos y capacidad para coordinar agentes p\u00fablicos y privados en entornos complejos.<\/p>\t\t\t\t\t\t\t\t<\/div>\n\t\t\t\t<\/div>\n\t\t\t\t\t<\/div>\n\t\t<\/div>\n\t\t\t\t\t<\/div>\n\t\t<\/section>\n\t\t\t\t<section data-dynamic-background-color=\"#EAE4E4\" class=\"elementor-section elementor-top-section elementor-element elementor-element-fe1cbe5 elementor-section-full_width elementor-section-height-default elementor-section-height-default qodef-elementor-content-no qodef-elementor-column-no\" data-id=\"fe1cbe5\" data-element_type=\"section\" data-e-type=\"section\" data-settings=\"{&quot;background_background&quot;:&quot;classic&quot;}\">\n\t\t\t\t\t\t<div class=\"elementor-container elementor-column-gap-default\">\n\t\t\t\t\t<div class=\"elementor-column elementor-col-50 elementor-top-column elementor-element elementor-element-042f2a5\" data-id=\"042f2a5\" data-element_type=\"column\" data-e-type=\"column\">\n\t\t\t<div class=\"elementor-widget-wrap elementor-element-populated\">\n\t\t\t\t\t\t<div class=\"elementor-element elementor-element-0e3263e elementor-widget elementor-widget-text-editor\" data-id=\"0e3263e\" data-element_type=\"widget\" data-e-type=\"widget\" data-widget_type=\"text-editor.default\">\n\t\t\t\t<div class=\"elementor-widget-container\">\n\t\t\t\t\t\t\t\t\t<h4>What we do<\/h4>\t\t\t\t\t\t\t\t<\/div>\n\t\t\t\t<\/div>\n\t\t\t\t<div class=\"elementor-element elementor-element-6386e8d elementor-widget elementor-widget-text-editor\" data-id=\"6386e8d\" data-element_type=\"widget\" data-e-type=\"widget\" data-widget_type=\"text-editor.default\">\n\t\t\t\t<div class=\"elementor-widget-container\">\n\t\t\t\t\t\t\t\t\t<p class=\"p1\">\u2022 Estudio de viabilidad<\/p><p class=\"p1\">\u2022 Ingenier\u00eda de proceso y dise\u00f1o de planta:<\/p><p class=\"p1\">\u2022 Tramitaci\u00f3n t\u00e9cnica y permisos<\/p><p class=\"p1\">\u2022 Direcci\u00f3n de obra y puesta en marcha<\/p><p class=\"p1\">\u2022 Monitorizaci\u00f3n y mantenimiento<\/p><p class=\"p2\">\u2022 Consultor\u00eda y asesoramiento estrat\u00e9gico<\/p><p class=\"p1\">\u00a0<\/p>\t\t\t\t\t\t\t\t<\/div>\n\t\t\t\t<\/div>\n\t\t<div class=\"elementor-element elementor-element-23f1ba1 e-flex e-con-boxed e-con e-parent\" data-id=\"23f1ba1\" data-element_type=\"container\" data-e-type=\"container\">\n\t\t\t\t\t<div class=\"e-con-inner\">\n\t\t\t\t<div class=\"elementor-element elementor-element-ec1a164 elementor-widget elementor-widget-spacer\" data-id=\"ec1a164\" data-element_type=\"widget\" data-e-type=\"widget\" data-widget_type=\"spacer.default\">\n\t\t\t\t<div class=\"elementor-widget-container\">\n\t\t\t\t\t\t\t<div class=\"elementor-spacer\">\n\t\t\t<div class=\"elementor-spacer-inner\"><\/div>\n\t\t<\/div>\n\t\t\t\t\t\t<\/div>\n\t\t\t\t<\/div>\n\t\t\t\t<div class=\"elementor-element elementor-element-111b7e8 elementor-widget elementor-widget-text-editor\" data-id=\"111b7e8\" data-element_type=\"widget\" data-e-type=\"widget\" data-widget_type=\"text-editor.default\">\n\t\t\t\t<div class=\"elementor-widget-container\">\n\t\t\t\t\t\t\t\t\t<h5 style=\"text-align: center;\"><a href=\"https:\/\/izharia.com\/en\/servicios\/\"><span style=\"text-decoration: underline;\"><strong>SEE ALL SERVICES<\/strong><\/span><\/a><\/h5>\t\t\t\t\t\t\t\t<\/div>\n\t\t\t\t<\/div>\n\t\t\t\t\t<\/div>\n\t\t\t\t<\/div>\n\t\t\t\t\t<\/div>\n\t\t<\/div>\n\t\t\t\t<div class=\"elementor-column elementor-col-50 elementor-top-column elementor-element elementor-element-624eb01\" data-id=\"624eb01\" data-element_type=\"column\" data-e-type=\"column\">\n\t\t\t<div class=\"elementor-widget-wrap elementor-element-populated\">\n\t\t\t\t\t\t<div class=\"elementor-element elementor-element-d2952ba elementor-widget__width-auto elementor-widget elementor-widget-hiroshi_core_single_image\" data-id=\"d2952ba\" data-element_type=\"widget\" data-e-type=\"widget\" data-widget_type=\"hiroshi_core_single_image.default\">\n\t\t\t\t<div class=\"elementor-widget-container\">\n\t\t\t\t\t<div class=\"qodef-shortcode qodef-m  qodef-single-image qodef-layout--default\">\n\t\t\t<div class=\"qodef-m-image\">\n\t\t\t\t\t\t\t\t<img loading=\"lazy\" decoding=\"async\" width=\"905\" height=\"710\" src=\"https:\/\/izharia.com\/wp-content\/uploads\/2024\/04\/10-autoconsumo_IMG-906X710PX-services-img-2.png\" class=\"attachment-full size-full\" alt=\"\" srcset=\"https:\/\/izharia.com\/wp-content\/uploads\/2024\/04\/10-autoconsumo_IMG-906X710PX-services-img-2.png 905w, https:\/\/izharia.com\/wp-content\/uploads\/2024\/04\/10-autoconsumo_IMG-906X710PX-services-img-2-300x235.png 300w, https:\/\/izharia.com\/wp-content\/uploads\/2024\/04\/10-autoconsumo_IMG-906X710PX-services-img-2-768x603.png 768w\" sizes=\"(max-width: 905px) 100vw, 905px\" \/>\t\t\t\t\t\t\t<\/div>\n\t<\/div>\n\t\t\t\t<\/div>\n\t\t\t\t<\/div>\n\t\t\t\t\t<\/div>\n\t\t<\/div>\n\t\t\t\t\t<\/div>\n\t\t<\/section>\n\t\t\t\t<section data-dynamic-background-color=\"#FFFFFF\" class=\"elementor-section elementor-top-section elementor-element elementor-element-a16cb38 elementor-section-boxed elementor-section-height-default elementor-section-height-default qodef-elementor-content-no qodef-elementor-column-no\" data-id=\"a16cb38\" data-element_type=\"section\" data-e-type=\"section\">\n\t\t\t\t\t\t<div class=\"elementor-container elementor-column-gap-default\">\n\t\t\t\t\t<div class=\"elementor-column elementor-col-100 elementor-top-column elementor-element elementor-element-5b385ad\" data-id=\"5b385ad\" data-element_type=\"column\" data-e-type=\"column\">\n\t\t\t<div class=\"elementor-widget-wrap elementor-element-populated\">\n\t\t\t\t\t\t<div class=\"elementor-element elementor-element-44da023 elementor-widget elementor-widget-text-editor\" data-id=\"44da023\" data-element_type=\"widget\" data-e-type=\"widget\" data-widget_type=\"text-editor.default\">\n\t\t\t\t<div class=\"elementor-widget-container\">\n\t\t\t\t\t\t\t\t\t<h3>Working together, we will achieve extraordinary projects<\/h3>\t\t\t\t\t\t\t\t<\/div>\n\t\t\t\t<\/div>\n\t\t\t\t<div class=\"elementor-element elementor-element-f88d2d1 elementor-widget elementor-widget-hiroshi_core_button\" data-id=\"f88d2d1\" data-element_type=\"widget\" data-e-type=\"widget\" data-widget_type=\"hiroshi_core_button.default\">\n\t\t\t\t<div class=\"elementor-widget-container\">\n\t\t\t\t\t<a class=\"qodef-shortcode qodef-m  qodef-button qodef-layout--textual  qodef-html--link\" href=\"\/en\/contacto\/\" target=\"_self\"  >\n\t<span class=\"qodef-m-text\">Contact Us<\/span>\n<\/a>\n\t\t\t\t<\/div>\n\t\t\t\t<\/div>\n\t\t\t\t\t<\/div>\n\t\t<\/div>\n\t\t\t\t\t<\/div>\n\t\t<\/section>\n\t\t\t\t<\/div>","protected":false},"excerpt":{"rendered":"<p>GASES RENOVABLES Nuestro Enfoque Impulsamos una nueva era energ\u00e9tica basada en la sostenibilidad y la innovaci\u00f3n. \u00a0 En IZHARIA, creemos que los gases renovables son una pieza clave en la transici\u00f3n hacia un sistema energ\u00e9tico m\u00e1s limpio, flexible y seguro. Tecnolog\u00edas como el biog\u00e1s, biometano o el hidr\u00f3geno verde permiten aprovechar recursos disponibles, valorizar residuos [&hellip;]<\/p>\n","protected":false},"author":1,"featured_media":0,"parent":0,"menu_order":0,"comment_status":"closed","ping_status":"closed","template":"page-full-width.php","meta":{"footnotes":""},"class_list":["post-10467","page","type-page","status-publish","hentry"],"_links":{"self":[{"href":"https:\/\/izharia.com\/en\/wp-json\/wp\/v2\/pages\/10467","targetHints":{"allow":["GET"]}}],"collection":[{"href":"https:\/\/izharia.com\/en\/wp-json\/wp\/v2\/pages"}],"about":[{"href":"https:\/\/izharia.com\/en\/wp-json\/wp\/v2\/types\/page"}],"author":[{"embeddable":true,"href":"https:\/\/izharia.com\/en\/wp-json\/wp\/v2\/users\/1"}],"replies":[{"embeddable":true,"href":"https:\/\/izharia.com\/en\/wp-json\/wp\/v2\/comments?post=10467"}],"version-history":[{"count":54,"href":"https:\/\/izharia.com\/en\/wp-json\/wp\/v2\/pages\/10467\/revisions"}],"predecessor-version":[{"id":14918,"href":"https:\/\/izharia.com\/en\/wp-json\/wp\/v2\/pages\/10467\/revisions\/14918"}],"wp:attachment":[{"href":"https:\/\/izharia.com\/en\/wp-json\/wp\/v2\/media?parent=10467"}],"curies":[{"name":"wp","href":"https:\/\/api.w.org\/{rel}","templated":true}]}}