{"id":10617,"date":"2024-04-21T20:13:39","date_gmt":"2024-04-21T18:13:39","guid":{"rendered":"https:\/\/izharia.com\/?page_id=10617"},"modified":"2024-08-21T12:54:10","modified_gmt":"2024-08-21T10:54:10","slug":"puesta-en-servico-subestaciones","status":"publish","type":"page","link":"https:\/\/izharia.com\/en\/puesta-en-servico-subestaciones\/","title":{"rendered":"Puesta de Servicio de Subestaciones"},"content":{"rendered":"<div data-elementor-type=\"wp-page\" data-elementor-id=\"10617\" class=\"elementor elementor-10617\">\n\t\t\t\t\t\t<section data-dynamic-background-color=\"#EAE4E4\" class=\"elementor-section elementor-top-section elementor-element elementor-element-f177ae1 elementor-section-full_width elementor-section-height-default elementor-section-height-default qodef-elementor-content-no qodef-elementor-column-no\" data-id=\"f177ae1\" data-element_type=\"section\" data-e-type=\"section\" data-settings=\"{&quot;background_background&quot;:&quot;classic&quot;}\">\n\t\t\t\t\t\t<div class=\"elementor-container elementor-column-gap-default\">\n\t\t\t\t\t<div class=\"elementor-column elementor-col-100 elementor-top-column elementor-element elementor-element-a7d7ee9\" data-id=\"a7d7ee9\" data-element_type=\"column\" data-e-type=\"column\">\n\t\t\t<div class=\"elementor-widget-wrap elementor-element-populated\">\n\t\t\t\t\t\t<div class=\"elementor-element elementor-element-014ecfe elementor-widget elementor-widget-text-editor\" data-id=\"014ecfe\" data-element_type=\"widget\" data-e-type=\"widget\" data-widget_type=\"text-editor.default\">\n\t\t\t\t<div class=\"elementor-widget-container\">\n\t\t\t\t\t\t\t\t\t<h3><strong><img decoding=\"async\" class=\"alignnone size-full wp-image-10887\" src=\"https:\/\/izharia.com\/wp-content\/uploads\/2024\/04\/9-servicio_subestaciones-1.png\" alt=\"\" width=\"100\" height=\"100\" \/><\/strong><\/h3><h3><strong>COMMISSIONING OF SUBSTATIONS<\/strong><\/h3>\t\t\t\t\t\t\t\t<\/div>\n\t\t\t\t<\/div>\n\t\t\t\t\t<\/div>\n\t\t<\/div>\n\t\t\t\t\t<\/div>\n\t\t<\/section>\n\t\t\t\t<section data-dynamic-background-color=\"#EAE4E4\" class=\"elementor-section elementor-top-section elementor-element elementor-element-f81e6db elementor-section-full_width elementor-section-height-default elementor-section-height-default qodef-elementor-content-no qodef-elementor-column-no\" data-id=\"f81e6db\" data-element_type=\"section\" data-e-type=\"section\" data-settings=\"{&quot;background_background&quot;:&quot;classic&quot;}\">\n\t\t\t\t\t\t<div class=\"elementor-container elementor-column-gap-default\">\n\t\t\t\t\t<div class=\"elementor-column elementor-col-50 elementor-top-column elementor-element elementor-element-fdd64de\" data-id=\"fdd64de\" data-element_type=\"column\" data-e-type=\"column\">\n\t\t\t<div class=\"elementor-widget-wrap elementor-element-populated\">\n\t\t\t\t\t\t<div class=\"elementor-element elementor-element-082f97a elementor-widget elementor-widget-text-editor\" data-id=\"082f97a\" data-element_type=\"widget\" data-e-type=\"widget\" data-widget_type=\"text-editor.default\">\n\t\t\t\t<div class=\"elementor-widget-container\">\n\t\t\t\t\t\t\t\t\t<h4>Our Approach<\/h4>\t\t\t\t\t\t\t\t<\/div>\n\t\t\t\t<\/div>\n\t\t\t\t<div class=\"elementor-element elementor-element-a03a259 elementor-widget elementor-widget-text-editor\" data-id=\"a03a259\" data-element_type=\"widget\" data-e-type=\"widget\" data-widget_type=\"text-editor.default\">\n\t\t\t\t<div class=\"elementor-widget-container\">\n\t\t\t\t\t\t\t\t\t<p>At IZHARIA, we have a highly qualified and experienced team for testing, checking protection, control systems, measurement and switchgear involved in electricity systems.<\/p><p>Our services cover projects in the generation, transmission and distribution of electricity at low, medium and high voltage, with the capacity to operate worldwide, adapting to the needs of our clients.<\/p>\t\t\t\t\t\t\t\t<\/div>\n\t\t\t\t<\/div>\n\t\t\t\t\t<\/div>\n\t\t<\/div>\n\t\t\t\t<div class=\"elementor-column elementor-col-50 elementor-top-column elementor-element elementor-element-74c15c3\" data-id=\"74c15c3\" data-element_type=\"column\" data-e-type=\"column\">\n\t\t\t<div class=\"elementor-widget-wrap elementor-element-populated\">\n\t\t\t\t\t\t<div class=\"elementor-element elementor-element-04e4f35 elementor-widget__width-auto elementor-widget elementor-widget-hiroshi_core_single_image\" data-id=\"04e4f35\" data-element_type=\"widget\" data-e-type=\"widget\" data-widget_type=\"hiroshi_core_single_image.default\">\n\t\t\t\t<div class=\"elementor-widget-container\">\n\t\t\t\t\t<div class=\"qodef-shortcode qodef-m  qodef-single-image qodef-layout--default\">\n\t\t\t<div class=\"qodef-m-image\">\n\t\t\t\t\t\t\t\t<img fetchpriority=\"high\" decoding=\"async\" width=\"905\" height=\"710\" src=\"https:\/\/izharia.com\/wp-content\/uploads\/2024\/04\/9-puesta-servicio-IMG-906X710PX-5.png\" class=\"attachment-full size-full\" alt=\"\" srcset=\"https:\/\/izharia.com\/wp-content\/uploads\/2024\/04\/9-puesta-servicio-IMG-906X710PX-5.png 905w, https:\/\/izharia.com\/wp-content\/uploads\/2024\/04\/9-puesta-servicio-IMG-906X710PX-5-300x235.png 300w, https:\/\/izharia.com\/wp-content\/uploads\/2024\/04\/9-puesta-servicio-IMG-906X710PX-5-768x603.png 768w\" sizes=\"(max-width: 905px) 100vw, 905px\" \/>\t\t\t\t\t\t\t<\/div>\n\t<\/div>\n\t\t\t\t<\/div>\n\t\t\t\t<\/div>\n\t\t\t\t\t<\/div>\n\t\t<\/div>\n\t\t\t\t\t<\/div>\n\t\t<\/section>\n\t\t\t\t<section data-dynamic-background-color=\"#B1B8B1\" class=\"elementor-section elementor-top-section elementor-element elementor-element-2cf8c75 elementor-section-full_width elementor-section-height-default elementor-section-height-default qodef-elementor-content-no qodef-elementor-column-no\" data-id=\"2cf8c75\" data-element_type=\"section\" data-e-type=\"section\" data-settings=\"{&quot;background_background&quot;:&quot;classic&quot;}\">\n\t\t\t\t\t\t<div class=\"elementor-container elementor-column-gap-default\">\n\t\t\t\t\t<div class=\"elementor-column elementor-col-50 elementor-top-column elementor-element elementor-element-44bda58\" data-id=\"44bda58\" data-element_type=\"column\" data-e-type=\"column\">\n\t\t\t<div class=\"elementor-widget-wrap elementor-element-populated\">\n\t\t\t\t\t\t<div class=\"elementor-element elementor-element-b4a0f1f elementor-widget elementor-widget-hiroshi_core_single_image\" data-id=\"b4a0f1f\" data-element_type=\"widget\" data-e-type=\"widget\" data-widget_type=\"hiroshi_core_single_image.default\">\n\t\t\t\t<div class=\"elementor-widget-container\">\n\t\t\t\t\t<div class=\"qodef-shortcode qodef-m  qodef-single-image qodef-layout--default\">\n\t\t\t<div class=\"qodef-m-image\">\n\t\t\t\t\t\t\t\t<img decoding=\"async\" width=\"905\" height=\"710\" src=\"https:\/\/izharia.com\/wp-content\/uploads\/2024\/04\/9-puesta-servicio-IMG-906X710PX-4.png\" class=\"attachment-full size-full\" alt=\"\" srcset=\"https:\/\/izharia.com\/wp-content\/uploads\/2024\/04\/9-puesta-servicio-IMG-906X710PX-4.png 905w, https:\/\/izharia.com\/wp-content\/uploads\/2024\/04\/9-puesta-servicio-IMG-906X710PX-4-300x235.png 300w, https:\/\/izharia.com\/wp-content\/uploads\/2024\/04\/9-puesta-servicio-IMG-906X710PX-4-768x603.png 768w\" sizes=\"(max-width: 905px) 100vw, 905px\" \/>\t\t\t\t\t\t\t<\/div>\n\t<\/div>\n\t\t\t\t<\/div>\n\t\t\t\t<\/div>\n\t\t\t\t\t<\/div>\n\t\t<\/div>\n\t\t\t\t<div class=\"elementor-column elementor-col-50 elementor-top-column elementor-element elementor-element-94759ba\" data-id=\"94759ba\" data-element_type=\"column\" data-e-type=\"column\">\n\t\t\t<div class=\"elementor-widget-wrap elementor-element-populated\">\n\t\t\t\t\t\t<div class=\"elementor-element elementor-element-a8f3070 elementor-widget elementor-widget-text-editor\" data-id=\"a8f3070\" data-element_type=\"widget\" data-e-type=\"widget\" data-widget_type=\"text-editor.default\">\n\t\t\t\t<div class=\"elementor-widget-container\">\n\t\t\t\t\t\t\t\t\t<h4>Modular Power Substation Buildings<\/h4>\t\t\t\t\t\t\t\t<\/div>\n\t\t\t\t<\/div>\n\t\t\t\t<div class=\"elementor-element elementor-element-43bc4fe elementor-widget elementor-widget-text-editor\" data-id=\"43bc4fe\" data-element_type=\"widget\" data-e-type=\"widget\" data-widget_type=\"text-editor.default\">\n\t\t\t\t<div class=\"elementor-widget-container\">\n\t\t\t\t\t\t\t\t\t<p>We develop efficient and sustainable modular electrical substation buildings, optimising space and resources for rapid implementation and operation.<\/p>\t\t\t\t\t\t\t\t<\/div>\n\t\t\t\t<\/div>\n\t\t\t\t\t<\/div>\n\t\t<\/div>\n\t\t\t\t\t<\/div>\n\t\t<\/section>\n\t\t\t\t<section data-dynamic-background-color=\"#B1B8B1\" class=\"elementor-section elementor-top-section elementor-element elementor-element-4a82717 elementor-section-full_width elementor-section-height-default elementor-section-height-default qodef-elementor-content-no qodef-elementor-column-no\" data-id=\"4a82717\" data-element_type=\"section\" data-e-type=\"section\" data-settings=\"{&quot;background_background&quot;:&quot;classic&quot;}\">\n\t\t\t\t\t\t<div class=\"elementor-container elementor-column-gap-default\">\n\t\t\t\t\t<div class=\"elementor-column elementor-col-50 elementor-top-column elementor-element elementor-element-faf54c8\" data-id=\"faf54c8\" data-element_type=\"column\" data-e-type=\"column\">\n\t\t\t<div class=\"elementor-widget-wrap elementor-element-populated\">\n\t\t\t\t\t\t<div class=\"elementor-element elementor-element-00f552c elementor-widget elementor-widget-text-editor\" data-id=\"00f552c\" data-element_type=\"widget\" data-e-type=\"widget\" data-widget_type=\"text-editor.default\">\n\t\t\t\t<div class=\"elementor-widget-container\">\n\t\t\t\t\t\t\t\t\t<h4>Our services include:<\/h4>\t\t\t\t\t\t\t\t<\/div>\n\t\t\t\t<\/div>\n\t\t\t\t<div class=\"elementor-element elementor-element-9b41008 elementor-widget elementor-widget-text-editor\" data-id=\"9b41008\" data-element_type=\"widget\" data-e-type=\"widget\" data-widget_type=\"text-editor.default\">\n\t\t\t\t<div class=\"elementor-widget-container\">\n\t\t\t\t\t\t\t\t\t<ul><li>Switchgear testing<\/li><li>Testing and adjustment of protections<\/li><li>Checking of media systems<\/li><li>Checking of control systems<\/li><li>Checking design modifications<\/li><li>Functional check of the entire installation<\/li><li>Factory Acceptance Test (FAT) and monitoring.<\/li><li>Development of protocols for the commissioning of electrical substations and industrial installations.<\/li><li>Supervision of installation tests<\/li><\/ul>\t\t\t\t\t\t\t\t<\/div>\n\t\t\t\t<\/div>\n\t\t\t\t\t<\/div>\n\t\t<\/div>\n\t\t\t\t<div class=\"elementor-column elementor-col-50 elementor-top-column elementor-element elementor-element-584cd7c\" data-id=\"584cd7c\" data-element_type=\"column\" data-e-type=\"column\">\n\t\t\t<div class=\"elementor-widget-wrap elementor-element-populated\">\n\t\t\t\t\t\t<div class=\"elementor-element elementor-element-e73d0be elementor-widget elementor-widget-hiroshi_core_single_image\" data-id=\"e73d0be\" data-element_type=\"widget\" data-e-type=\"widget\" data-widget_type=\"hiroshi_core_single_image.default\">\n\t\t\t\t<div class=\"elementor-widget-container\">\n\t\t\t\t\t<div class=\"qodef-shortcode qodef-m  qodef-single-image qodef-layout--default\">\n\t\t\t<div class=\"qodef-m-image\">\n\t\t\t\t\t\t\t\t<img loading=\"lazy\" decoding=\"async\" width=\"905\" height=\"710\" src=\"https:\/\/izharia.com\/wp-content\/uploads\/2024\/04\/9-puesta-servicio-IMG-906X710PX-3.png\" class=\"attachment-full size-full\" alt=\"\" srcset=\"https:\/\/izharia.com\/wp-content\/uploads\/2024\/04\/9-puesta-servicio-IMG-906X710PX-3.png 905w, https:\/\/izharia.com\/wp-content\/uploads\/2024\/04\/9-puesta-servicio-IMG-906X710PX-3-300x235.png 300w, https:\/\/izharia.com\/wp-content\/uploads\/2024\/04\/9-puesta-servicio-IMG-906X710PX-3-768x603.png 768w\" sizes=\"(max-width: 905px) 100vw, 905px\" \/>\t\t\t\t\t\t\t<\/div>\n\t<\/div>\n\t\t\t\t<\/div>\n\t\t\t\t<\/div>\n\t\t\t\t\t<\/div>\n\t\t<\/div>\n\t\t\t\t\t<\/div>\n\t\t<\/section>\n\t\t\t\t<section data-dynamic-background-color=\"#EAE4E4\" class=\"elementor-section elementor-top-section elementor-element elementor-element-06db739 elementor-section-full_width elementor-section-height-default elementor-section-height-default qodef-elementor-content-no qodef-elementor-column-no\" data-id=\"06db739\" data-element_type=\"section\" data-e-type=\"section\" data-settings=\"{&quot;background_background&quot;:&quot;classic&quot;}\">\n\t\t\t\t\t\t<div class=\"elementor-container elementor-column-gap-default\">\n\t\t\t\t\t<div class=\"elementor-column elementor-col-50 elementor-top-column elementor-element elementor-element-73f8d92\" data-id=\"73f8d92\" data-element_type=\"column\" data-e-type=\"column\">\n\t\t\t<div class=\"elementor-widget-wrap elementor-element-populated\">\n\t\t\t\t\t\t<div class=\"elementor-element elementor-element-7bd1803 elementor-widget__width-auto elementor-widget elementor-widget-hiroshi_core_single_image\" data-id=\"7bd1803\" data-element_type=\"widget\" data-e-type=\"widget\" data-widget_type=\"hiroshi_core_single_image.default\">\n\t\t\t\t<div class=\"elementor-widget-container\">\n\t\t\t\t\t<div class=\"qodef-shortcode qodef-m  qodef-single-image qodef-layout--default\">\n\t\t\t<div class=\"qodef-m-image\">\n\t\t\t\t\t\t\t\t<img loading=\"lazy\" decoding=\"async\" width=\"905\" height=\"710\" src=\"https:\/\/izharia.com\/wp-content\/uploads\/2024\/04\/9-puesta-servicio-IMG-906X710PX-2.png\" class=\"attachment-full size-full\" alt=\"\" srcset=\"https:\/\/izharia.com\/wp-content\/uploads\/2024\/04\/9-puesta-servicio-IMG-906X710PX-2.png 905w, https:\/\/izharia.com\/wp-content\/uploads\/2024\/04\/9-puesta-servicio-IMG-906X710PX-2-300x235.png 300w, https:\/\/izharia.com\/wp-content\/uploads\/2024\/04\/9-puesta-servicio-IMG-906X710PX-2-768x603.png 768w\" sizes=\"(max-width: 905px) 100vw, 905px\" \/>\t\t\t\t\t\t\t<\/div>\n\t<\/div>\n\t\t\t\t<\/div>\n\t\t\t\t<\/div>\n\t\t\t\t\t<\/div>\n\t\t<\/div>\n\t\t\t\t<div class=\"elementor-column elementor-col-50 elementor-top-column elementor-element elementor-element-49c4f14\" data-id=\"49c4f14\" data-element_type=\"column\" data-e-type=\"column\">\n\t\t\t<div class=\"elementor-widget-wrap elementor-element-populated\">\n\t\t\t\t\t\t<div class=\"elementor-element elementor-element-f5d7497 elementor-widget elementor-widget-text-editor\" data-id=\"f5d7497\" data-element_type=\"widget\" data-e-type=\"widget\" data-widget_type=\"text-editor.default\">\n\t\t\t\t<div class=\"elementor-widget-container\">\n\t\t\t\t\t\t\t\t\t<h4>Project highlights<\/h4><p>We invite you to explore the essence of our innovation and dedication through our outstanding projects. In each work, we leave a unique imprint that reflects the quality, vision and commitment that defines us.<\/p><p><a style=\"background-color: #ffffff;\" href=\"\/en\/referencias\/subestacion-arguineguin-66-kv\/\" target=\"_blank\" rel=\"noopener\">Project: ARGUINEGUIN 66 kV SUB-STAINATION<\/a><\/p><p><a style=\"background-color: #ffffff;\" href=\"\/en\/referencias\/subestacion-garraf-400-kv\/\" target=\"_blank\" rel=\"noopener\">Project: GARRAF 400 kV SUBSTATION<\/a><\/p><p><a style=\"background-color: #ffffff;\" href=\"\/en\/referencias\/subestacion-candelaria-220-kv\/\" target=\"_blank\" rel=\"noopener\">Project: CANDELARIA 220 kV SUBSTATION<\/a><\/p><p><a style=\"background-color: #ffffff;\" href=\"\/en\/referencias\/subestacion-guillena-400-kv\/\" target=\"_blank\" rel=\"noopener\">Project: GUILLENA 400 kV SUBSTATION<\/a><\/p><p><a style=\"background-color: #ffffff;\" href=\"\/en\/referencias\/subestacion-anioa\/\">Project: ANIOA SUBSTATION<\/a><\/p><p><a style=\"background-color: #ffffff;\" href=\"\/en\/referencias\/subestacion-trujillo-arenales-220-kv\/\" target=\"_blank\" rel=\"noopener\">Project: TRUJILLO-ARENALES 220 kV SUBSTATION<\/a><\/p>\t\t\t\t\t\t\t\t<\/div>\n\t\t\t\t<\/div>\n\t\t\t\t\t<\/div>\n\t\t<\/div>\n\t\t\t\t\t<\/div>\n\t\t<\/section>\n\t\t\t\t<section data-dynamic-background-color=\"#FFFFFF\" class=\"elementor-section elementor-top-section elementor-element elementor-element-a16cb38 elementor-section-boxed elementor-section-height-default elementor-section-height-default qodef-elementor-content-no qodef-elementor-column-no\" data-id=\"a16cb38\" data-element_type=\"section\" data-e-type=\"section\">\n\t\t\t\t\t\t<div class=\"elementor-container elementor-column-gap-default\">\n\t\t\t\t\t<div class=\"elementor-column elementor-col-100 elementor-top-column elementor-element elementor-element-5b385ad\" data-id=\"5b385ad\" data-element_type=\"column\" data-e-type=\"column\">\n\t\t\t<div class=\"elementor-widget-wrap elementor-element-populated\">\n\t\t\t\t<div class=\"elementor-element elementor-element-112bf4c e-con-full e-flex e-con e-parent\" data-id=\"112bf4c\" data-element_type=\"container\" data-e-type=\"container\">\n\t\t\t\t<div class=\"elementor-element elementor-element-4bf2a39 elementor-widget__width-initial elementor-widget elementor-widget-text-editor\" data-id=\"4bf2a39\" data-element_type=\"widget\" data-e-type=\"widget\" data-widget_type=\"text-editor.default\">\n\t\t\t\t<div class=\"elementor-widget-container\">\n\t\t\t\t\t\t\t\t\t<h5 style=\"text-align: center;\"><a href=\"https:\/\/izharia.com\/en\/autoconsumo-industrial\/\"><span style=\"text-decoration: underline;\"><strong>INDUSTRIAL SELF-CONSUMPTION<\/strong><\/span><\/a><\/h5><h5 style=\"text-align: center;\"><a href=\"https:\/\/izharia.com\/en\/parques-fotovoltaicos\/\"><span style=\"text-decoration: underline;\"><strong>PHOTOVOLTAIC PLANTS<\/strong><\/span><\/a><\/h5>\t\t\t\t\t\t\t\t<\/div>\n\t\t\t\t<\/div>\n\t\t\t\t<\/div>\n\t\t\t\t<div class=\"elementor-element elementor-element-44da023 elementor-widget elementor-widget-text-editor\" data-id=\"44da023\" data-element_type=\"widget\" data-e-type=\"widget\" data-widget_type=\"text-editor.default\">\n\t\t\t\t<div class=\"elementor-widget-container\">\n\t\t\t\t\t\t\t\t\t<h3>Working together, we will achieve extraordinary projects<\/h3>\t\t\t\t\t\t\t\t<\/div>\n\t\t\t\t<\/div>\n\t\t\t\t<div class=\"elementor-element elementor-element-f88d2d1 elementor-widget elementor-widget-hiroshi_core_button\" data-id=\"f88d2d1\" data-element_type=\"widget\" data-e-type=\"widget\" data-widget_type=\"hiroshi_core_button.default\">\n\t\t\t\t<div class=\"elementor-widget-container\">\n\t\t\t\t\t<a class=\"qodef-shortcode qodef-m  qodef-button qodef-layout--textual  qodef-html--link\" href=\"\/en\/contacto\/\" target=\"_self\"  >\n\t<span class=\"qodef-m-text\">Contact Us<\/span>\n<\/a>\n\t\t\t\t<\/div>\n\t\t\t\t<\/div>\n\t\t\t\t\t<\/div>\n\t\t<\/div>\n\t\t\t\t\t<\/div>\n\t\t<\/section>\n\t\t\t\t<\/div>","protected":false},"excerpt":{"rendered":"<p>PUESTA EN SERVICIO DE SUBESTACIONES Nuestro Enfoque En IZHARIA, contamos con un equipo altamente cualificado y experimentado en la realizaci\u00f3n de pruebas, comprobaci\u00f3n de protecciones, sistemas de control, medida y aparamenta que intervienen en los sistemas de electricidad. Nuestros servicios abarcan proyectos del sector de generaci\u00f3n, transporte y distribuci\u00f3n de energ\u00eda el\u00e9ctrica en baja, media [&hellip;]<\/p>\n","protected":false},"author":1,"featured_media":0,"parent":0,"menu_order":0,"comment_status":"closed","ping_status":"closed","template":"page-full-width.php","meta":{"footnotes":""},"class_list":["post-10617","page","type-page","status-publish","hentry"],"_links":{"self":[{"href":"https:\/\/izharia.com\/en\/wp-json\/wp\/v2\/pages\/10617","targetHints":{"allow":["GET"]}}],"collection":[{"href":"https:\/\/izharia.com\/en\/wp-json\/wp\/v2\/pages"}],"about":[{"href":"https:\/\/izharia.com\/en\/wp-json\/wp\/v2\/types\/page"}],"author":[{"embeddable":true,"href":"https:\/\/izharia.com\/en\/wp-json\/wp\/v2\/users\/1"}],"replies":[{"embeddable":true,"href":"https:\/\/izharia.com\/en\/wp-json\/wp\/v2\/comments?post=10617"}],"version-history":[{"count":97,"href":"https:\/\/izharia.com\/en\/wp-json\/wp\/v2\/pages\/10617\/revisions"}],"predecessor-version":[{"id":14665,"href":"https:\/\/izharia.com\/en\/wp-json\/wp\/v2\/pages\/10617\/revisions\/14665"}],"wp:attachment":[{"href":"https:\/\/izharia.com\/en\/wp-json\/wp\/v2\/media?parent=10617"}],"curies":[{"name":"wp","href":"https:\/\/api.w.org\/{rel}","templated":true}]}}