{"id":10875,"date":"2024-05-02T18:03:55","date_gmt":"2024-05-02T16:03:55","guid":{"rendered":"https:\/\/izharia.com\/?page_id=10875"},"modified":"2025-07-07T10:03:24","modified_gmt":"2025-07-07T08:03:24","slug":"politica-de-privacidad","status":"publish","type":"page","link":"https:\/\/izharia.com\/en\/politica-de-privacidad\/","title":{"rendered":"Privacy policy"},"content":{"rendered":"<div data-elementor-type=\"wp-page\" data-elementor-id=\"10875\" class=\"elementor elementor-10875\">\n\t\t\t\t<div class=\"elementor-element elementor-element-22ff3555 e-flex e-con-boxed e-con e-parent\" data-id=\"22ff3555\" data-element_type=\"container\" data-e-type=\"container\">\n\t\t\t\t\t<div class=\"e-con-inner\">\n\t\t\t\t<div class=\"elementor-element elementor-element-56d57040 elementor-widget elementor-widget-text-editor\" data-id=\"56d57040\" data-element_type=\"widget\" data-e-type=\"widget\" data-widget_type=\"text-editor.default\">\n\t\t\t\t<div class=\"elementor-widget-container\">\n\t\t\t\t\t\t\t\t\t<h2>Introduction<\/h2>\n<p><!-- \/wp:heading --><!-- wp:paragraph --><\/p>\n<p style=\"font-weight: 400;\">This privacy policy explains in detail how we collect your personal data, why we collect it, the purposes for which we collect it, and how we keep it.<\/p>\n<p style=\"font-weight: 400;\">This Privacy Policy applies to the personal data that you (the data subject) have provided to us both on our website and by any other means.<\/p>\n<p style=\"font-weight: 400;\">Al acceder a nuestra Web y utilizar nuestros servicios, o al facilitarnos datos personales para el desarrollo de las relaciones laborales o mercantiles, te informamos sobre la presente pol\u00edtica debiendo proceder a su lectura y comprensi\u00f3n, prestando tu consentimiento libre, informado espec\u00edfico e inequ\u00edvoco para que los datos personales que nos facilites sean tratados por IZHARIA INGENIER\u00cdA Y CONSULTOR\u00cdA S.L., tal y como se describe en la misma.<\/p>\n<p style=\"font-weight: 400;\">In accordance with the applicable legislation on data protection, including but not limited to, the RGPD and the LOPDGDDD, the details of the PERSON RESPONSIBLE FOR THE PROCESSING of the personal data you provide us with are as follows:\u00a0<strong>RGPD y la LOPDGDD<\/strong>, los datos del\u00a0<strong>RESPONSABLE DEL TRATAMIENTO<\/strong>\u00a0de los datos personales que nos facilitas son los siguientes:<\/p>\n<ul style=\"font-weight: 400;\">\n<li><strong>Responsable: Izharia Ingenier\u00eda y Consultor\u00eda S.L.U.<\/strong><\/li>\n<\/ul>\n<ul>\n<li>CIF: B-86024155<\/li>\n<li>E-Mail: protecciondatos@metaengineering.com\u00a0\u00a0<a href=\"mailto:protecciondedatos@izharia.com\">protecciondedatos@izharia.com<\/a><\/li>\n<li>Direcci\u00f3n:\u00a0Jos\u00e9 Echegaray 8, P.E. Alvia I, Planta 1\u00aa, 28232 Las Rozas de Madrid, MADRID<\/li>\n<\/ul>\n<p style=\"font-weight: 400;\">Entendemos que proporcionar informaci\u00f3n personal implica un alto grado de confianza por tu parte, es por eso que nos tomamos esta confianza muy en serio y es nuestra m\u00e1xima prioridad es garantizar la seguridad y la confidencialidad de tu informaci\u00f3n.<\/p>\n<p style=\"font-weight: 400;\">\u00a0<\/p>\n<p><!-- \/wp:paragraph --><!-- wp:heading --><\/p>\n<h2>\u00bfA trav\u00e9s de qu\u00e9 medios recopilamos datos?<\/h2>\n<p><!-- \/wp:heading --><!-- wp:paragraph --><!-- \/wp:paragraph --><!-- wp:paragraph --><\/p>\n<p style=\"font-weight: 400;\"><em>We may obtain personal data, inter alia, through:<\/em><\/p>\n<ol style=\"font-weight: 400;\">\n<li><em>Directly from stakeholders<\/em><\/li>\n<li><em>Of the companies with which we do business<\/em><\/li>\n<li><em>Through electronic or web-based forms or registers<\/em><\/li>\n<\/ol>\n<p style=\"font-weight: 400;\"><em>Como norma general solo tratamos datos que nos facilitan los titulares. No obstante, como en ocasiones es necesario aportar datos de terceras personas (como por ejemplo en el caso de la coordinaci\u00f3n de actividades dentro de la prestaci\u00f3n de servicios, te comprometes expresamente o asumes la obligaci\u00f3n de informar y solicitar el consentimiento del interesado con car\u00e1cter previo a la comunicaci\u00f3n de dichos datos, eximiendo de toda responsabilidad a IZHARIA por el incumplimiento<\/em> de este requisito.<\/p>\n<p style=\"font-weight: 400;\">\u00a0<\/p>\n<h2 style=\"caret-color: #000000;\">What information do we collect?<\/h2>\n<p style=\"font-weight: 400;\">A continuaci\u00f3n, procedemos a indicarte de manera enunciativa aquellos datos que podemos solicitarte.<\/p>\n<p style=\"font-weight: 400;\"><strong><em>From the Web<\/em><\/strong><\/p>\n<p style=\"font-weight: 400;\">Desde nuestra Web, la informaci\u00f3n que podemos proceder a recabar de los usuarios o interesados puede variar en funci\u00f3n de si se habilita o no un registro para acceder. En el caso que habilitemos este registro, si decides registrarte los datos que te vamos a pedir son los siguientes:<\/p>\n<ul style=\"font-weight: 400;\">\n<li>Name<\/li>\n<li>Surname<\/li>\n<li>Company<\/li>\n<li>E-mail address<\/li>\n<li>Contact details<\/li>\n<\/ul>\n<p style=\"font-weight: 400;\">Has de tener en cuenta que la lista anterior es meramente enunciativa y no exhaustiva, lo que significa que te podemos pedir alg\u00fan dato adicional, siempre justific\u00e1ndotelo y explic\u00e1ndote porque necesitamos dicha informaci\u00f3n adicional.<\/p>\n<p style=\"font-weight: 400;\">Asimismo, es posible que recopilemos datos tuyos cuando accedas a nuestra Web, como pueden ser datos de navegaci\u00f3n, preferencias en el navegador web, etc\u2026 a trav\u00e9s del uso de cookies y otras tecnolog\u00edas similares (como las balizas web). Las cookies son peque\u00f1os archivos de texto que se guardan autom\u00e1ticamente en su ordenador o dispositivo m\u00f3vil cuando visita pr\u00e1cticamente cualquier sitio web. Se almacenan a trav\u00e9s del navegador de Internet. Las cookies contienen informaci\u00f3n b\u00e1sica acerca de su uso de Internet. Su navegador reenv\u00eda estas cookies al sitio web cada vez que lo vuelve a visitar, de modo que pueda reconocer a su ordenador o dispositivo m\u00f3vil, as\u00ed como personalizar y mejorar la experiencia de navegaci\u00f3n. Si desea m\u00e1s informaci\u00f3n al respecto, haga clic en la\u00a0pol\u00edtica de cookies.<\/p>\n<p style=\"font-weight: 400;\"><strong><em>Customer and supplier data<\/em><\/strong><\/p>\n<ul style=\"font-weight: 400;\">\n<li>Name<\/li>\n<li>Surname<\/li>\n<li>Company<\/li>\n<li>E-mail address<\/li>\n<li>Contact details<\/li>\n<\/ul>\n<p style=\"font-weight: 400;\">Has de tener en cuenta que la lista anterior es meramente enunciativa y no exhaustiva, lo que significa que te podemos pedir alg\u00fan dato adicional, siempre justific\u00e1ndotelo y explic\u00e1ndote porque necesitamos dicha informaci\u00f3n adicional.<\/p>\n<p style=\"font-weight: 400;\"><strong><em>Details of Candidates, collaborators, employees or group companies<\/em><\/strong><\/p>\n<ul style=\"font-weight: 400;\">\n<li>Name and Surname<\/li>\n<li>Contact details<\/li>\n<li>NIF \/ DNI \/ Passport<\/li>\n<li>NASS (Seguridad de Social)<\/li>\n<li>Economic data<\/li>\n<li>Recognition of the degree of disability<\/li>\n<li>Recruitment type history<\/li>\n<li>Hist\u00f3rico del tipo de contrataci\u00f3n<\/li>\n<li>Training<\/li>\n<li>Curriculum Vitae<\/li>\n<\/ul>\n<p style=\"font-weight: 400;\">Has de tener en cuenta que la lista anterior es meramente enunciativa y no exhaustiva, lo que significa que te podemos pedir alg\u00fan dato adicional, siempre justific\u00e1ndotelo y explic\u00e1ndote porque necesitamos dicha informaci\u00f3n adicional.<\/p>\n<h2>How do we use your information?<\/h2>\n<p style=\"font-weight: 400;\"><strong><em>General purposes<\/em><\/strong><\/p>\n<p style=\"font-weight: 400;\">IZHARIA es una sociedad dedicada a prestar servicios t\u00e9cnicos de ingenier\u00eda tanto a clientes p\u00fablicos como privados, a nivel nacional e internacional.<\/p>\n<p style=\"font-weight: 400;\">The data you provide will be used, as the case may be, exclusively for:<\/p>\n<p style=\"font-weight: 400;\"><u>To communicate with you<\/u><\/p>\n<ul style=\"font-weight: 400;\">\n<li>Para proporcionarte informaci\u00f3n acerca de IZHARIA;<\/li>\n<li>To answer all your questions, comments and suggestions;<\/li>\n<li>To measure your interest in our products and services, as well as our website, and to improve them;<\/li>\n<li>To inform you of available products and services that may be of interest to you, including by e-mail;<\/li>\n<li>To solicit information from you, including through surveys;<\/li>\n<li>To resolve conflicts or solve problems;<\/li>\n<li>To avoid potentially prohibited or illegal activities;<\/li>\n<li>Para hacer cumplir nuestras Condiciones de Uso; y<\/li>\n<li>As otherwise described at the time of collection of personal data.<\/li>\n<li>The receipt of any type of email communication for marketing purposes is based on your prior consent. If you no longer wish to receive such communications, you may unsubscribe from the communication service.<\/li>\n<\/ul>\n<p style=\"font-weight: 400;\"><u>To manage personnel selection processes for the group's companies:<\/u><\/p>\n<ul style=\"font-weight: 400;\">\n<li>To inform you of the status of the selection procedure<\/li>\n<li>To manage profiling or selection tests, including by third parties<\/li>\n<li>To request, where appropriate, employment references<\/li>\n<\/ul>\n<p style=\"font-weight: 400;\"><u>To manage tendering and contracting processes<\/u><\/p>\n<ul style=\"font-weight: 400;\">\n<li>To be contributed in national and\/or international bidding processes, within the corporate purpose of the company.<\/li>\n<li>To be provided, in national or international procurement processes, to customers or suppliers, for the execution of the respective contract.<\/li>\n<li>Preparation and follow-up of budgets, general information (including commercial information if there is express authorisation), administrative formalities, invoicing, collection, payment of taxes, bank transactions, etc...<\/li>\n<li>For the comprehensive management of the labour or commercial contract that binds the parties.<\/li>\n<\/ul>\n<h2>With whom do we share your information?<\/h2>\n<p style=\"font-weight: 400;\">Cuando corresponda y de conformidad con la legislaci\u00f3n y los requisitos locales, es posible que IZHARIA comparta tu informaci\u00f3n con las siguientes entidades, a nivel nacional o internacional:<\/p>\n<ul style=\"font-weight: 400;\">\n<li>Any company in the group;<\/li>\n<li>Customers and\/or suppliers<\/li>\n<li>Business partners with whom we can jointly offer services.<\/li>\n<\/ul>\n<p style=\"font-weight: 400;\">We may also share your information if we believe, in our sole discretion, that such sharing is necessary for the purposes of:<\/p>\n<ul style=\"font-weight: 400;\">\n<li>To comply with lawful and enforceable subpoenas, court orders or other legal process; to establish or exercise our legal rights; to defend against legal claims; or as otherwise required by law. In such cases, we reserve the right to raise or withdraw any objection or legal right available to us;<\/li>\n<li>para investigar, prevenir o tomar medidas con respecto a las actividades ilegales o presuntamente ilegales; para proteger y defender los derechos, la propiedad o la seguridad de IZHARIA, de nuestros clientes o de terceros; y en relaci\u00f3n con nuestras Condiciones de uso y otros acuerdos; o<\/li>\n<li>In connection with a corporate transaction, such as a divestiture, merger, consolidation or sale of assets, or in the unlikely event of bankruptcy.<\/li>\n<\/ul>\n<p style=\"font-weight: 400;\">We may also share anonymous or aggregated information with third parties, including advertisers or investors. This information does not contain any personal information and is used to develop content and services that we hope will be of interest to you.<\/p>\n<p style=\"font-weight: 400;\">If we sell or transfer part or all of the company or our assets to another company (for example, in the course of a transaction such as a merger, acquisition, bankruptcy, dissolution or liquidation), the information provided or collected as set out above may be part of the sale or transfer. In that case, the new data controller will have to respect the commitments agreed to in this Privacy Policy, or seek your consent to any changes it wishes to make.<\/p>\n<p style=\"font-weight: 400;\">In any case, if you do not agree to your information being shared with a third party, you may exercise your right to limit the processing of your information, as described in the section on your rights.<\/p>\n<h2>\u00bfDurante cu\u00e1nto tiempo guardamos tu informaci\u00f3n?<\/h2>\n<p style=\"font-weight: 400;\">We may store certain information in our information processing systems, including information required for analysis purposes or to maintain the integrity of recorded documentation. The periods for which we store your information depend on the purpose for which it was collected and its intended use.<\/p>\n<p style=\"font-weight: 400;\">We will not keep personal information for longer than is necessary for our business purposes or for legal requirements. We may keep certain information for a period of time after your relationship with us has ended, for example, if such information is necessary to comply with our legal obligations or to exercise, defend or establish legal rights.<\/p>\n<p style=\"font-weight: 400;\">In any case, if you do not agree with the period indicated above, you may exercise the right of cancellation to the effect that all personal data held by Meta Engineering may be deleted, except in those cases in which they must be kept for legal obligations or for the necessary development of an economic relationship.\u00a0<strong>IZHARIA<\/strong>, podr\u00e1n ser eliminados, salvo en aquellos supuestos en que se deban conservar por obligaciones legales o para el necesario desarrollo de una relaci\u00f3n econ\u00f3mica.<\/p>\n<h2>Derechos y opciones con respecto a la recopilaci\u00f3n y uso de informaci\u00f3n<\/h2>\n<p style=\"font-weight: 400;\">One of the main objectives of the GDPR and LOPDGDD is to protect and explain the rights you have in relation to the privacy of your personal data. That is why the RGPD and LOPDGDD confers various rights associated with your data, even after you have given us your explicit consent to the processing of such data.<\/p>\n<p style=\"font-weight: 400;\">The rights that you may exercise, in accordance with the protection regulations currently in force, are as follows:<\/p>\n<ul style=\"font-weight: 400;\">\n<li><strong>Right of access: All Users have the right to request Meta Engineering at any time to let them know what information we hold about them and to modify, update or delete it.<\/strong>: Todos los Usuarios tiene derecho a solicitar a IZHARIA en cualquier momento que les comuniquemos qu\u00e9 informaci\u00f3n disponemos de ellos y as\u00ed proceder a modificarlo, actualizarla o suprimirla.<\/li>\n<li><strong>Derecho de rectificaci\u00f3n<\/strong>: Los Usuarios tiene derecho a solicitar la rectificaci\u00f3n de los datos personales inexactos o incompletos de que disponga IZHARIA sobre ellos. En el caso de que se hallan compartido sus datos con terceros, se proceder\u00e1, en base a la petici\u00f3n del Usuario a comunicar la rectificaci\u00f3n de los datos que se han cedido a dicho tercero, salvo en aquellos supuestos en que suponga un esfuerzo desproporcionado.<\/li>\n<li><strong>Derecho de cancelaci\u00f3n o supresi\u00f3n<\/strong>: Los Usuarios tienen derecho a solicitar que se supriman sus datos personales de nuestra base de datos. En esta situaci\u00f3n, el Usuario debe ser consciente que la supresi\u00f3n de sus datos personales puede implicar la imposibilidad de seguir manteniendo la relaci\u00f3n con IZHARIA.<\/li>\n<li class=\"translation-block\">Right to object: This right allows you to object to our processing of your personal data where we do so for one of the following four reasons: i) our legitimate interests; ii) authorising us to carry out a task that is in the public interest or to exercise official authority; iii) sending you direct marketing material; and iv) for scientific, historical, research or statistical purposes.<\/li>\n<li><strong>Derecho a retirar el consentimiento<\/strong>: Los Usuarios podr\u00e1n oponerse, una vez nos hayan dado su consentimiento expreso para el tratamiento de sus datos en una serie de finalidades concretas, al tratamiento de sus datos para algunas finalidades (ej. marketing, elaboraci\u00f3n de perfil, cesi\u00f3n a un tercero concreto, etc\u2026), pudiendo el Usuario retirar su consentimiento en cualquier momento a efectos de que IZHARIA deje de tratar sus datos con el fin indicado por el Usuario.<\/li>\n<li class=\"translation-block\">Right to restrict consent: In certain circumstances, you have the right to request that we restrict the processing of your personal data, which means that we may only continue to store it and that we may not carry out any further processing activities until one of the following circumstances is resolved; (i) you give your consent; or (ii) further processing is necessary either for the institution, exercise or defence of legal proceedings, for the protection of the rights of another natural person or for reasons of substantial public interest of the European Union or of a particular Member State.<\/li>\n<\/ul>\n<p style=\"font-weight: 400;\">The User has the right to request the restriction of processing in the following circumstances:<\/p>\n<ul style=\"font-weight: 400;\">\n<li>Cuando se impugne la exactitud de sus datos personales de cuyo tratamiento se ocupe IZHARIA.<\/li>\n<li>When the User objects to the processing of his or her personal data for our legitimate interests.<\/li>\n<li>Where the processing is unlawful<\/li>\n<li>When the User considers that we no longer need to process his\/her data.<\/li>\n<\/ul>\n<ul style=\"font-weight: 400;\">\n<li><strong>Derecho de portabilidad<\/strong>: El Usuario tendera derecho a solicitar la portabilidad de sus datos a otro\u00a0 responsable del tratamiento. En este caso, se le facilitar\u00e1 un dosier digital de todos los datos de que dispone\u00a0<strong>IZHARIA<\/strong>\u00a0a efectos que los pueda transferir al nuevo responsable.<\/li>\n<\/ul>\n<p style=\"font-weight: 400;\">Si deseas ejercitar cualquiera de los derechos mencionados anteriormente, puedes mandar un correo electr\u00f3nico a la direcci\u00f3n\u00a0<a href=\"mailto:protecciondedatos@izharia.com\">protecciondedatos@izharia.com<\/a>\u00a0o por correo postal a Jos\u00e9 Echegaray 8, P.E. Alvia I, Planta 1\u00aa, 28232 Las Rozas de Madrid, (Madrid), a la A\/A del Departamento de Protecci\u00f3n de Datos, incluyendo siempre una copia de tu DNI o documento identificativo, as\u00ed como el derecho que desea ejercer.<\/p>\n<p style=\"font-weight: 400;\">El Usuario ha de tener en cuenta que el ejercicio de cualquier de estos derechos puede influir en el correcto desarrollo de la relaci\u00f3n con\u00a0<strong>IZHARIA<\/strong>.<\/p>\n<p style=\"font-weight: 400;\">If you do not consider that your personal rights have been duly addressed, you may lodge a complaint with the competent supervisory authority, which in this case is the Spanish Data Protection Agency.<\/p>\n<h2>How do we protect your information?<\/h2>\n<p style=\"font-weight: 400;\">We want you to feel secure in your dealings with Meta Engineering and we are committed to protecting the information we collect.\u00a0<strong>IZHARIA<\/strong>\u00a0y nos comprometemos a proteger la informaci\u00f3n que recopilamos.<\/p>\n<p style=\"font-weight: 400;\">Although no website or computer system can fully guarantee your security, we have implemented and maintain appropriate physical, administrative, technical and organisational measures to protect the personal information you provide to us against unauthorised or unlawful access, use of disclosure, and against accidental loss, damage, alteration or destruction. For example, only authorised employees may access personal information, and they may only do so to carry out permitted business functions. We also use encryption to transmit personal information between our system and your system and between our system and the systems of parties with whom we share sensitive information, and we use firewalls and intrusion detection systems to prevent unauthorised persons from gaining access to your information.<\/p>\n<p style=\"font-weight: 400;\"><strong><em>PRIVACIDAD INFANTIL<\/em><\/strong><\/p>\n<p style=\"font-weight: 400;\"><strong>IZHARIA<\/strong>\u00a0es un sitio para el p\u00fablico en general y no ofrece servicios dirigidos a los ni\u00f1os. En caso de que sepamos que una persona menor de 14 a\u00f1os nos ha enviado informaci\u00f3n personal, eliminaremos o destruiremos dicha informaci\u00f3n tan pronto como sea razonablemente posible.<\/p>\n<p style=\"font-weight: 400;\"><strong><em>\u00a0<\/em><\/strong><\/p>\n<p style=\"font-weight: 400;\"><strong><em>ENLACES EXTERNOS<\/em><\/strong><\/p>\n<p style=\"font-weight: 400;\">Our website may include links to third party websites. If you access other websites from links provided on our website, the operators of those websites may collect information about you and use it in accordance with their privacy policy, which may differ from our Privacy Policy. We encourage you to review the privacy statements posted on those other websites to understand their procedures for collecting, using and disclosing personal information.<\/p>\n<p style=\"font-weight: 400;\"><strong><em>TRANSFERENCIAS INTERNACIONALES<\/em><\/strong><\/p>\n<p style=\"font-weight: 400;\">Es posible que alg\u00fan tipo de empresas, agentes y contratistas de terceros que contratamos para realizar servicios en nuestro nombre necesiten transferir tu informaci\u00f3n personal a territorios de fuera de EEUU (sociedades adheridas al Privacy Shield) y Europa, con el fin de ofrecerle los servicios de\u00a0<strong>IZHARIA<\/strong>. Algunos de estos territorios pueden no disponer de leyes de protecci\u00f3n de datos tan estrictas como las de EEUU y Europa, pero hemos implementado medidas para salvaguardar su informaci\u00f3n personal de acuerdo con la presente Pol\u00edtica de privacidad en todo momento.<\/p>\n<p style=\"font-weight: 400;\">By using our services, you agree that your information may be transferred to our facilities and those of third parties with whom we share it, as described in this Privacy Policy.<\/p>\n<p style=\"font-weight: 400;\"><strong><em>LEGITIMIDAD<\/em><\/strong><\/p>\n<p style=\"font-weight: 400;\">A los efectos de la presente Pol\u00edtica de Privacidad, es de aplicaci\u00f3n el art\u00edculo 6 del RGPD, por el cual se nos faculta a tratar los datos de car\u00e1cter personal de los Usuario cuando\u00a0<em>\u201csea necesario para la satisfacci\u00f3n de intereses leg\u00edtimos perseguidos por IZHARIA o un tercero, siempre que sobre dichos interese no prevalezcan los intereses o los derechos y libertades que requieran la protecci\u00f3n de datos personales\u201d<\/em>.<\/p>\n<p style=\"font-weight: 400;\">A efectos de poder desarrollar plenamente la relaci\u00f3n con IZHARIA, al facilitarnos datos es leg\u00edtimo que procedamos al tratamiento de los mismos.<\/p>\n<p style=\"font-weight: 400;\"><strong><em>CONSENTIMIENTO<\/em><\/strong><\/p>\n<p style=\"font-weight: 400;\"><strong>IZHARIA<\/strong>\u00a0\u00fanicamente proceder\u00e1 a tratar los datos de car\u00e1cter personal de los Usuarios de la web o candidatos de procesos de selecci\u00f3n cuando nos hay\u00e1is dado vuestro consentimiento de forma expresa al tratamiento de estos, y \u00fanicamente se trataran los datos para las finalidades indicadas en esta pol\u00edtica de privacidad, no pudiendo\u00a0<strong>IZHARIA<\/strong>\u00a0utilizar los datos de car\u00e1cter personal de los Usuarios para cualquier otro fin, salvo que se hubiera obtenido el consentimiento expreso adicional para el tratamiento de los datos para un fin no descrito aqu\u00ed.<\/p>\n<p style=\"font-weight: 400;\">Furthermore, the consent given by Users complies with the requirements of Article 4 of the GDPR, whereby the consent given is \"any freely given, specific, informed and unambiguous indication of the data subject's agreement, either by a statement or by a clear affirmative action, to the processing of personal data relating to him or her\".\u00a0<em>\u201ctoda manifestaci\u00f3n de voluntad libre, espec\u00edfica, informada e inequ\u00edvoca por la que el interesado acepta, ya sea mediante una declaraci\u00f3n o una clara acci\u00f3n afirmativa, el tratamiento de datos personales que le conciernen\u201d<\/em>.<\/p>\n<h2>How can you contact us?<\/h2>\n<p style=\"font-weight: 400;\">If you have any questions about this Privacy Policy, you can contact us through:<\/p>\n<p style=\"font-weight: 400;\">IZHARIA INGENIER\u00cdA Y CONSULTOR\u00cdA S.L.U.<\/p>\n<p style=\"font-weight: 400;\">Dpto. Protecci\u00f3n de Datos<\/p>\n<p style=\"font-weight: 400;\">Jos\u00e9 Echegaray 8, P.E. Alvia I, Planta 1\u00aa, 28232 Las Rozas de Madrid, MADRID<\/p>\n<p style=\"font-weight: 400;\">E-Mail: protecciondatos@metaengineering.com\u00a0<a href=\"mailto:protecciondedatos@izharia.com\">protecciondedatos@izharia.com<\/a><\/p>\n<p style=\"font-weight: 400;\">Tel\u00e9fono: +34 916 030 217<\/p>\n<p style=\"font-weight: 400;\">\u00a0<\/p>\n<p class=\"MsoNormal\" style=\"margin: 0cm 0cm 8pt; line-height: 15.693334px; font-size: 11pt; font-family: Calibri, sans-serif; caret-color: #000000; color: #000000; text-align: justify;\">\u00a92018 IZHARIA. Todos los derechos reservados. Prohibida la reproducci\u00f3n total o parcial sin consentimiento<\/p>\n<p style=\"font-weight: 400;\">\u00a0<\/p>\n<p><!-- \/wp:paragraph --><\/p>\t\t\t\t\t\t\t\t<\/div>\n\t\t\t\t<\/div>\n\t\t\t\t\t<\/div>\n\t\t\t\t<\/div>\n\t\t\t\t<\/div>","protected":false},"excerpt":{"rendered":"<p>Introducci\u00f3n En la presente pol\u00edtica de privacidad, se explica de forma detalla la manera en la que recopilamos tus datos de car\u00e1cter personal, la necesidad de porqu\u00e9 los recopilamos, su finalidad, y como los conservamos. La presente Pol\u00edtica de Privacidad se aplica a los datos personales que nos has facilitado (el interesado) tanto en nuestra [&hellip;]<\/p>\n","protected":false},"author":1,"featured_media":0,"parent":0,"menu_order":0,"comment_status":"closed","ping_status":"closed","template":"","meta":{"footnotes":""},"class_list":["post-10875","page","type-page","status-publish","hentry"],"_links":{"self":[{"href":"https:\/\/izharia.com\/en\/wp-json\/wp\/v2\/pages\/10875","targetHints":{"allow":["GET"]}}],"collection":[{"href":"https:\/\/izharia.com\/en\/wp-json\/wp\/v2\/pages"}],"about":[{"href":"https:\/\/izharia.com\/en\/wp-json\/wp\/v2\/types\/page"}],"author":[{"embeddable":true,"href":"https:\/\/izharia.com\/en\/wp-json\/wp\/v2\/users\/1"}],"replies":[{"embeddable":true,"href":"https:\/\/izharia.com\/en\/wp-json\/wp\/v2\/comments?post=10875"}],"version-history":[{"count":34,"href":"https:\/\/izharia.com\/en\/wp-json\/wp\/v2\/pages\/10875\/revisions"}],"predecessor-version":[{"id":14883,"href":"https:\/\/izharia.com\/en\/wp-json\/wp\/v2\/pages\/10875\/revisions\/14883"}],"wp:attachment":[{"href":"https:\/\/izharia.com\/en\/wp-json\/wp\/v2\/media?parent=10875"}],"curies":[{"name":"wp","href":"https:\/\/api.w.org\/{rel}","templated":true}]}}