{"id":11063,"date":"2024-04-23T20:46:20","date_gmt":"2024-04-23T18:46:20","guid":{"rendered":"https:\/\/izharia.com\/?page_id=11063"},"modified":"2025-11-11T10:33:21","modified_gmt":"2025-11-11T09:33:21","slug":"certificaciones-obtenidas","status":"publish","type":"page","link":"https:\/\/izharia.com\/en\/certificaciones-obtenidas\/","title":{"rendered":"Certificaciones Obtenidas"},"content":{"rendered":"<div data-elementor-type=\"wp-page\" data-elementor-id=\"11063\" class=\"elementor elementor-11063\">\n\t\t\t\t\t\t<section class=\"elementor-section elementor-top-section elementor-element elementor-element-c8287b5 elementor-section-full_width elementor-reverse-mobile elementor-section-height-default elementor-section-height-default qodef-elementor-content-no qodef-elementor-column-no\" data-id=\"c8287b5\" data-element_type=\"section\" data-e-type=\"section\" data-settings=\"{&quot;background_background&quot;:&quot;classic&quot;}\">\n\t\t\t\t\t\t<div class=\"elementor-container elementor-column-gap-default\">\n\t\t\t\t\t<div class=\"elementor-column elementor-col-50 elementor-top-column elementor-element elementor-element-7b2daed\" data-id=\"7b2daed\" data-element_type=\"column\" data-e-type=\"column\">\n\t\t\t<div class=\"elementor-widget-wrap elementor-element-populated\">\n\t\t\t\t\t\t<div class=\"elementor-element elementor-element-3fea5bc elementor-widget elementor-widget-spacer\" data-id=\"3fea5bc\" data-element_type=\"widget\" data-e-type=\"widget\" data-widget_type=\"spacer.default\">\n\t\t\t\t<div class=\"elementor-widget-container\">\n\t\t\t\t\t\t\t<div class=\"elementor-spacer\">\n\t\t\t<div class=\"elementor-spacer-inner\"><\/div>\n\t\t<\/div>\n\t\t\t\t\t\t<\/div>\n\t\t\t\t<\/div>\n\t\t<div class=\"elementor-element elementor-element-c4da74a e-flex e-con-boxed e-con e-parent\" data-id=\"c4da74a\" data-element_type=\"container\" data-e-type=\"container\">\n\t\t\t\t\t<div class=\"e-con-inner\">\n\t\t\t\t<div class=\"elementor-element elementor-element-e90d6a1 elementor-widget elementor-widget-spacer\" data-id=\"e90d6a1\" data-element_type=\"widget\" data-e-type=\"widget\" data-widget_type=\"spacer.default\">\n\t\t\t\t<div class=\"elementor-widget-container\">\n\t\t\t\t\t\t\t<div class=\"elementor-spacer\">\n\t\t\t<div class=\"elementor-spacer-inner\"><\/div>\n\t\t<\/div>\n\t\t\t\t\t\t<\/div>\n\t\t\t\t<\/div>\n\t\t\t\t<div class=\"elementor-element elementor-element-4a3c2bc elementor-widget elementor-widget-hiroshi_core_section_title\" data-id=\"4a3c2bc\" data-element_type=\"widget\" data-e-type=\"widget\" data-widget_type=\"hiroshi_core_section_title.default\">\n\t\t\t\t<div class=\"elementor-widget-container\">\n\t\t\t\t\t<div class=\"qodef-shortcode qodef-m  qodef-section-title qodef-alignment--left qodef-title-break--disabled\">\n\t\t<h3 class=\"qodef-m-title\" >\n\t\t\t\t\tLa certificaci\u00f3n es esencial para ofrecer calidad en todos los procesos\t\t\t<\/h3>\n\t\t<p class=\"qodef-m-text\" >El Certificado REPRO y las Certificaciones ISO, son el reconocimiento a la excelencia de nuestro trabajo y esmero.<\/p>\n<\/div>\n\t\t\t\t<\/div>\n\t\t\t\t<\/div>\n\t\t\t\t\t<\/div>\n\t\t\t\t<\/div>\n\t\t\t\t<div class=\"elementor-element elementor-element-a1d7aff elementor-widget elementor-widget-hiroshi_core_section_title\" data-id=\"a1d7aff\" data-element_type=\"widget\" data-e-type=\"widget\" data-widget_type=\"hiroshi_core_section_title.default\">\n\t\t\t\t<div class=\"elementor-widget-container\">\n\t\t\t\t\t<div class=\"qodef-shortcode qodef-m  qodef-section-title qodef-alignment--left\">\n\t\t<h4 class=\"qodef-m-title\" >\n\t\t\t\t\t Registro REPRO\t\t\t<\/h4>\n\t\t<p class=\"qodef-m-text\" style=\"margin-top: 15px\">La obtenci\u00f3n del certificado REPRO es un hito significativo para cualquier empresa comprometida con la calidad y la excelencia en su desempe\u00f1o. Este reconocimiento, otorgado por la Asociaci\u00f3n Espa\u00f1ola para la Calidad (AEC), valida el cumplimiento de rigurosos est\u00e1ndares y procesos en la gesti\u00f3n empresarial.\n\nEl certificado REPRO es un testimonio del compromiso de una empresa con la mejora continua y la satisfacci\u00f3n del cliente. Al obtener esta certificaci\u00f3n, IZHARIA demuestra su capacidad para cumplir con los requisitos legales y reglamentarios, as\u00ed como para implementar pr\u00e1cticas y procesos eficientes que garanticen la calidad en todos los aspectos de su operaci\u00f3n.\n\n<\/p>\n<\/div>\n\t\t\t\t<\/div>\n\t\t\t\t<\/div>\n\t\t\t\t<div class=\"elementor-element elementor-element-7c85a87 elementor-widget elementor-widget-spacer\" data-id=\"7c85a87\" data-element_type=\"widget\" data-e-type=\"widget\" data-widget_type=\"spacer.default\">\n\t\t\t\t<div class=\"elementor-widget-container\">\n\t\t\t\t\t\t\t<div class=\"elementor-spacer\">\n\t\t\t<div class=\"elementor-spacer-inner\"><\/div>\n\t\t<\/div>\n\t\t\t\t\t\t<\/div>\n\t\t\t\t<\/div>\n\t\t\t\t\t<\/div>\n\t\t<\/div>\n\t\t\t\t<div class=\"elementor-column elementor-col-50 elementor-top-column elementor-element elementor-element-69095bd\" data-id=\"69095bd\" data-element_type=\"column\" data-e-type=\"column\">\n\t\t\t<div class=\"elementor-widget-wrap elementor-element-populated\">\n\t\t\t\t\t\t<div class=\"elementor-element elementor-element-fec5cea elementor-widget elementor-widget-hiroshi_core_single_image\" data-id=\"fec5cea\" data-element_type=\"widget\" data-e-type=\"widget\" data-widget_type=\"hiroshi_core_single_image.default\">\n\t\t\t\t<div class=\"elementor-widget-container\">\n\t\t\t\t\t<div class=\"qodef-shortcode qodef-m  qodef-single-image qodef-layout--default\">\n\t\t\t<div class=\"qodef-m-image\">\n\t\t\t\t\t\t\t\t<img fetchpriority=\"high\" decoding=\"async\" width=\"2000\" height=\"2000\" src=\"https:\/\/izharia.com\/wp-content\/uploads\/2024\/04\/IZH-REGISTRO-repro.jpg\" class=\"attachment-full size-full\" alt=\"\" srcset=\"https:\/\/izharia.com\/wp-content\/uploads\/2024\/04\/IZH-REGISTRO-repro.jpg 2000w, https:\/\/izharia.com\/wp-content\/uploads\/2024\/04\/IZH-REGISTRO-repro-300x300.jpg 300w, https:\/\/izharia.com\/wp-content\/uploads\/2024\/04\/IZH-REGISTRO-repro-1024x1024.jpg 1024w, https:\/\/izharia.com\/wp-content\/uploads\/2024\/04\/IZH-REGISTRO-repro-150x150.jpg 150w, https:\/\/izharia.com\/wp-content\/uploads\/2024\/04\/IZH-REGISTRO-repro-768x768.jpg 768w, https:\/\/izharia.com\/wp-content\/uploads\/2024\/04\/IZH-REGISTRO-repro-1536x1536.jpg 1536w, https:\/\/izharia.com\/wp-content\/uploads\/2024\/04\/IZH-REGISTRO-repro-650x650.jpg 650w, https:\/\/izharia.com\/wp-content\/uploads\/2024\/04\/IZH-REGISTRO-repro-1300x1300.jpg 1300w\" sizes=\"(max-width: 2000px) 100vw, 2000px\" \/>\t\t\t\t\t\t\t<\/div>\n\t<\/div>\n\t\t\t\t<\/div>\n\t\t\t\t<\/div>\n\t\t\t\t<div class=\"elementor-element elementor-element-e349fb2 elementor-widget elementor-widget-hiroshi_core_single_image\" data-id=\"e349fb2\" data-element_type=\"widget\" data-e-type=\"widget\" data-widget_type=\"hiroshi_core_single_image.default\">\n\t\t\t\t<div class=\"elementor-widget-container\">\n\t\t\t\t\t<div class=\"qodef-shortcode qodef-m  qodef-single-image qodef-layout--default\">\n\t\t\t<div class=\"qodef-m-image\">\n\t\t\t\t\t\t\t\t<img decoding=\"async\" width=\"2000\" height=\"2000\" src=\"https:\/\/izharia.com\/wp-content\/uploads\/2024\/04\/ISO-9001.jpg\" class=\"attachment-full size-full\" alt=\"\" srcset=\"https:\/\/izharia.com\/wp-content\/uploads\/2024\/04\/ISO-9001.jpg 2000w, https:\/\/izharia.com\/wp-content\/uploads\/2024\/04\/ISO-9001-300x300.jpg 300w, https:\/\/izharia.com\/wp-content\/uploads\/2024\/04\/ISO-9001-1024x1024.jpg 1024w, https:\/\/izharia.com\/wp-content\/uploads\/2024\/04\/ISO-9001-150x150.jpg 150w, https:\/\/izharia.com\/wp-content\/uploads\/2024\/04\/ISO-9001-768x768.jpg 768w, https:\/\/izharia.com\/wp-content\/uploads\/2024\/04\/ISO-9001-1536x1536.jpg 1536w, https:\/\/izharia.com\/wp-content\/uploads\/2024\/04\/ISO-9001-650x650.jpg 650w, https:\/\/izharia.com\/wp-content\/uploads\/2024\/04\/ISO-9001-1300x1300.jpg 1300w\" sizes=\"(max-width: 2000px) 100vw, 2000px\" \/>\t\t\t\t\t\t\t<\/div>\n\t<\/div>\n\t\t\t\t<\/div>\n\t\t\t\t<\/div>\n\t\t\t\t\t<\/div>\n\t\t<\/div>\n\t\t\t\t\t<\/div>\n\t\t<\/section>\n\t\t\t\t<section class=\"elementor-section elementor-top-section elementor-element elementor-element-67fe5e3 elementor-section-full_width elementor-reverse-mobile elementor-section-height-default elementor-section-height-default qodef-elementor-content-no qodef-elementor-column-no\" data-id=\"67fe5e3\" data-element_type=\"section\" data-e-type=\"section\" data-settings=\"{&quot;background_background&quot;:&quot;classic&quot;}\">\n\t\t\t\t\t\t<div class=\"elementor-container elementor-column-gap-default\">\n\t\t\t\t\t<div class=\"elementor-column elementor-col-50 elementor-top-column elementor-element elementor-element-6df1db0\" data-id=\"6df1db0\" data-element_type=\"column\" data-e-type=\"column\">\n\t\t\t<div class=\"elementor-widget-wrap elementor-element-populated\">\n\t\t\t\t\t\t<div class=\"elementor-element elementor-element-731e755 elementor-widget elementor-widget-hiroshi_core_single_image\" data-id=\"731e755\" data-element_type=\"widget\" data-e-type=\"widget\" data-widget_type=\"hiroshi_core_single_image.default\">\n\t\t\t\t<div class=\"elementor-widget-container\">\n\t\t\t\t\t<div class=\"qodef-shortcode qodef-m  qodef-single-image qodef-layout--default\">\n\t\t\t<div class=\"qodef-m-image\">\n\t\t\t\t\t\t\t\t<img decoding=\"async\" width=\"2000\" height=\"2000\" src=\"https:\/\/izharia.com\/wp-content\/uploads\/2024\/04\/ISO-14001.jpg\" class=\"attachment-full size-full\" alt=\"\" srcset=\"https:\/\/izharia.com\/wp-content\/uploads\/2024\/04\/ISO-14001.jpg 2000w, https:\/\/izharia.com\/wp-content\/uploads\/2024\/04\/ISO-14001-300x300.jpg 300w, https:\/\/izharia.com\/wp-content\/uploads\/2024\/04\/ISO-14001-1024x1024.jpg 1024w, https:\/\/izharia.com\/wp-content\/uploads\/2024\/04\/ISO-14001-150x150.jpg 150w, https:\/\/izharia.com\/wp-content\/uploads\/2024\/04\/ISO-14001-768x768.jpg 768w, https:\/\/izharia.com\/wp-content\/uploads\/2024\/04\/ISO-14001-1536x1536.jpg 1536w, https:\/\/izharia.com\/wp-content\/uploads\/2024\/04\/ISO-14001-650x650.jpg 650w, https:\/\/izharia.com\/wp-content\/uploads\/2024\/04\/ISO-14001-1300x1300.jpg 1300w\" sizes=\"(max-width: 2000px) 100vw, 2000px\" \/>\t\t\t\t\t\t\t<\/div>\n\t<\/div>\n\t\t\t\t<\/div>\n\t\t\t\t<\/div>\n\t\t\t\t<div class=\"elementor-element elementor-element-fe8047e elementor-widget elementor-widget-spacer\" data-id=\"fe8047e\" data-element_type=\"widget\" data-e-type=\"widget\" data-widget_type=\"spacer.default\">\n\t\t\t\t<div class=\"elementor-widget-container\">\n\t\t\t\t\t\t\t<div class=\"elementor-spacer\">\n\t\t\t<div class=\"elementor-spacer-inner\"><\/div>\n\t\t<\/div>\n\t\t\t\t\t\t<\/div>\n\t\t\t\t<\/div>\n\t\t\t\t\t<\/div>\n\t\t<\/div>\n\t\t\t\t<div class=\"elementor-column elementor-col-50 elementor-top-column elementor-element elementor-element-38eca48\" data-id=\"38eca48\" data-element_type=\"column\" data-e-type=\"column\">\n\t\t\t<div class=\"elementor-widget-wrap elementor-element-populated\">\n\t\t\t\t\t\t<div class=\"elementor-element elementor-element-5c7c4c2 elementor-widget elementor-widget-hiroshi_core_section_title\" data-id=\"5c7c4c2\" data-element_type=\"widget\" data-e-type=\"widget\" data-widget_type=\"hiroshi_core_section_title.default\">\n\t\t\t\t<div class=\"elementor-widget-container\">\n\t\t\t\t\t<div class=\"qodef-shortcode qodef-m  qodef-section-title qodef-alignment--left\">\n\t\t<h4 class=\"qodef-m-title\" >\n\t\t\t\t\tISO 14001 Certification\t\t\t<\/h4>\n\t\t<p class=\"qodef-m-text\" style=\"margin-top: 15px\">\nIZHARIA se enorgullece de haber obtenido la certificaci\u00f3n ISO 14001, un reconocimiento a su compromiso con la gesti\u00f3n ambiental responsable. Esta certificaci\u00f3n refleja el esfuerzo deIZHARIA por minimizar su impacto ambiental y cumplir con los est\u00e1ndares internacionales de sostenibilidad. Con la certificaci\u00f3n ISO 14001, IZHARIA demuestra su compromiso con la protecci\u00f3n del medio ambiente y su capacidad para operar de manera sostenible, lo que refuerza su reputaci\u00f3n y credibilidad en el mercado.<\/p>\n<\/div>\n\t\t\t\t<\/div>\n\t\t\t\t<\/div>\n\t\t\t\t<div class=\"elementor-element elementor-element-670a81a elementor-widget elementor-widget-hiroshi_core_section_title\" data-id=\"670a81a\" data-element_type=\"widget\" data-e-type=\"widget\" data-widget_type=\"hiroshi_core_section_title.default\">\n\t\t\t\t<div class=\"elementor-widget-container\">\n\t\t\t\t\t<div class=\"qodef-shortcode qodef-m  qodef-section-title qodef-alignment--left\">\n\t\t<h4 class=\"qodef-m-title\" >\n\t\t\t\t\tISO 9001 Certification\t\t\t<\/h4>\n\t\t<p class=\"qodef-m-text\" style=\"margin-top: 15px\">IZHARIA se enorgullece de contar con la certificaci\u00f3n ISO 9001, reconocida a nivel internacional como est\u00e1ndar para sistemas de gesti\u00f3n de calidad. Con m\u00e1s de 1 mill\u00f3n de certificados emitidos en m\u00e1s de 178 pa\u00edses, esta norma proporciona un marco s\u00f3lido para garantizar una gesti\u00f3n organizativa l\u00f3gica que satisfaga a clientes y partes interesadas. \n\nLa certificaci\u00f3n ISO 9001 es esencial para establecer un s\u00f3lido control de calidad y demostrar a los clientes potenciales el compromiso de la organizaci\u00f3n con la excelencia en productos y servicios.<\/p>\n<\/div>\n\t\t\t\t<\/div>\n\t\t\t\t<\/div>\n\t\t\t\t<div class=\"elementor-element elementor-element-a411be4 elementor-widget elementor-widget-spacer\" data-id=\"a411be4\" data-element_type=\"widget\" data-e-type=\"widget\" data-widget_type=\"spacer.default\">\n\t\t\t\t<div class=\"elementor-widget-container\">\n\t\t\t\t\t\t\t<div class=\"elementor-spacer\">\n\t\t\t<div class=\"elementor-spacer-inner\"><\/div>\n\t\t<\/div>\n\t\t\t\t\t\t<\/div>\n\t\t\t\t<\/div>\n\t\t\t\t\t<\/div>\n\t\t<\/div>\n\t\t\t\t\t<\/div>\n\t\t<\/section>\n\t\t\t\t<section class=\"elementor-section elementor-top-section elementor-element elementor-element-e65047a elementor-section-full_width elementor-reverse-mobile elementor-section-height-default elementor-section-height-default qodef-elementor-content-no qodef-elementor-column-no\" data-id=\"e65047a\" data-element_type=\"section\" data-e-type=\"section\" data-settings=\"{&quot;background_background&quot;:&quot;classic&quot;}\">\n\t\t\t\t\t\t<div class=\"elementor-container elementor-column-gap-default\">\n\t\t\t\t\t<div class=\"elementor-column elementor-col-100 elementor-top-column elementor-element elementor-element-1ba1b69\" data-id=\"1ba1b69\" data-element_type=\"column\" data-e-type=\"column\">\n\t\t\t<div class=\"elementor-widget-wrap elementor-element-populated\">\n\t\t\t\t\t\t<div class=\"elementor-element elementor-element-f4d3f5d elementor-widget elementor-widget-hiroshi_core_section_title\" data-id=\"f4d3f5d\" data-element_type=\"widget\" data-e-type=\"widget\" data-widget_type=\"hiroshi_core_section_title.default\">\n\t\t\t\t<div class=\"elementor-widget-container\">\n\t\t\t\t\t<div class=\"qodef-shortcode qodef-m  qodef-section-title qodef-alignment--left\">\n\t\t<h4 class=\"qodef-m-title\" >\n\t\t\t\t\tSoporte Intergral\t\t\t<\/h4>\n\t\t<p class=\"qodef-m-text\" style=\"margin-top: 15px\"> En IZHARIA, acompa\u00f1amos a nuestros clientes a lo largo de toda la vida del proyecto y m\u00e1s all\u00e1 de su finalizaci\u00f3n. Nos comprometemos a proporcionar un soporte integral, atendiendo a las necesidades presentes y futuras de nuestros clientes, y estableciendo un s\u00f3lido lazo de confianza.<\/p>\n<\/div>\n\t\t\t\t<\/div>\n\t\t\t\t<\/div>\n\t\t\t\t<div class=\"elementor-element elementor-element-072d2a7 elementor-widget elementor-widget-text-editor\" data-id=\"072d2a7\" data-element_type=\"widget\" data-e-type=\"widget\" data-widget_type=\"text-editor.default\">\n\t\t\t\t<div class=\"elementor-widget-container\">\n\t\t\t\t\t\t\t\t\t<p><a href=\"https:\/\/izharia.com\/wp-content\/uploads\/2025\/11\/Politica-CSMA_2025_Rev4.pdf\"><span style=\"text-decoration: underline;\">VER POL\u00cdTICA DE CALIDAD DE IZHARIA<\/span><\/a><\/p>\t\t\t\t\t\t\t\t<\/div>\n\t\t\t\t<\/div>\n\t\t\t\t\t<\/div>\n\t\t<\/div>\n\t\t\t\t\t<\/div>\n\t\t<\/section>\n\t\t<div class=\"elementor-element elementor-element-8294ec8 e-flex e-con-boxed e-con e-parent\" data-id=\"8294ec8\" data-element_type=\"container\" data-e-type=\"container\">\n\t\t\t\t\t<div class=\"e-con-inner\">\n\t\t\t\t<div class=\"elementor-element elementor-element-dc81547 elementor-view-default elementor-position-block-start elementor-mobile-position-block-start elementor-widget elementor-widget-icon-box\" data-id=\"dc81547\" data-element_type=\"widget\" data-e-type=\"widget\" data-widget_type=\"icon-box.default\">\n\t\t\t\t<div class=\"elementor-widget-container\">\n\t\t\t\t\t\t\t<div class=\"elementor-icon-box-wrapper\">\n\n\t\t\t\t\t\t<div class=\"elementor-icon-box-icon\">\n\t\t\t\t<a href=\"https:\/\/izharia.com\/en\/calidad_certificada\/\" class=\"elementor-icon\" tabindex=\"-1\" aria-label=\"Volver\">\n\t\t\t\t<svg aria-hidden=\"true\" class=\"e-font-icon-svg e-far-arrow-alt-circle-left\" viewbox=\"0 0 512 512\" xmlns=\"http:\/\/www.w3.org\/2000\/svg\"><path d=\"M8 256c0 137 111 248 248 248s248-111 248-248S393 8 256 8 8 119 8 256zm448 0c0 110.5-89.5 200-200 200S56 366.5 56 256 145.5 56 256 56s200 89.5 200 200zm-72-20v40c0 6.6-5.4 12-12 12H256v67c0 10.7-12.9 16-20.5 8.5l-99-99c-4.7-4.7-4.7-12.3 0-17l99-99c7.6-7.6 20.5-2.2 20.5 8.5v67h116c6.6 0 12 5.4 12 12z\"><\/path><\/svg>\t\t\t\t<\/a>\n\t\t\t<\/div>\n\t\t\t\n\t\t\t\t\t\t<div class=\"elementor-icon-box-content\">\n\n\t\t\t\t\t\t\t\t\t<p class=\"elementor-icon-box-title\">\n\t\t\t\t\t\t<a href=\"https:\/\/izharia.com\/en\/calidad_certificada\/\" >\n\t\t\t\t\t\t\tVolver\t\t\t\t\t\t<\/a>\n\t\t\t\t\t<\/p>\n\t\t\t\t\n\t\t\t\t\n\t\t\t<\/div>\n\t\t\t\n\t\t<\/div>\n\t\t\t\t\t\t<\/div>\n\t\t\t\t<\/div>\n\t\t\t\t\t<\/div>\n\t\t\t\t<\/div>\n\t\t\t\t<\/div>","protected":false},"excerpt":{"rendered":"<p>La certificaci\u00f3n es esencial para ofrecer calidad en todos los procesos El Certificado REPRO y las Certificaciones ISO, son el reconocimiento a la excelencia de nuestro trabajo y esmero. Registro REPRO La obtenci\u00f3n del certificado REPRO es un hito significativo para cualquier empresa comprometida con la calidad y la excelencia en su desempe\u00f1o. Este reconocimiento, [&hellip;]<\/p>\n","protected":false},"author":1,"featured_media":0,"parent":0,"menu_order":0,"comment_status":"closed","ping_status":"closed","template":"page-full-width.php","meta":{"footnotes":""},"class_list":["post-11063","page","type-page","status-publish","hentry"],"_links":{"self":[{"href":"https:\/\/izharia.com\/en\/wp-json\/wp\/v2\/pages\/11063","targetHints":{"allow":["GET"]}}],"collection":[{"href":"https:\/\/izharia.com\/en\/wp-json\/wp\/v2\/pages"}],"about":[{"href":"https:\/\/izharia.com\/en\/wp-json\/wp\/v2\/types\/page"}],"author":[{"embeddable":true,"href":"https:\/\/izharia.com\/en\/wp-json\/wp\/v2\/users\/1"}],"replies":[{"embeddable":true,"href":"https:\/\/izharia.com\/en\/wp-json\/wp\/v2\/comments?post=11063"}],"version-history":[{"count":99,"href":"https:\/\/izharia.com\/en\/wp-json\/wp\/v2\/pages\/11063\/revisions"}],"predecessor-version":[{"id":14930,"href":"https:\/\/izharia.com\/en\/wp-json\/wp\/v2\/pages\/11063\/revisions\/14930"}],"wp:attachment":[{"href":"https:\/\/izharia.com\/en\/wp-json\/wp\/v2\/media?parent=11063"}],"curies":[{"name":"wp","href":"https:\/\/api.w.org\/{rel}","templated":true}]}}