{"id":11087,"date":"2024-04-24T18:37:11","date_gmt":"2024-04-24T16:37:11","guid":{"rendered":"https:\/\/izharia.com\/?page_id=11087"},"modified":"2026-01-21T11:49:17","modified_gmt":"2026-01-21T10:49:17","slug":"pilar-del-val","status":"publish","type":"page","link":"https:\/\/izharia.com\/en\/pilar-del-val\/","title":{"rendered":"Pilar Del Val"},"content":{"rendered":"<div data-elementor-type=\"wp-page\" data-elementor-id=\"11087\" class=\"elementor elementor-11087\">\n\t\t\t\t\t\t<section class=\"elementor-section elementor-top-section elementor-element elementor-element-e5ee8d4 elementor-section-full_width elementor-reverse-mobile elementor-section-height-default elementor-section-height-default qodef-elementor-content-no qodef-elementor-column-no\" data-id=\"e5ee8d4\" data-element_type=\"section\" data-e-type=\"section\">\n\t\t\t\t\t\t<div class=\"elementor-container elementor-column-gap-default\">\n\t\t\t\t\t<div class=\"elementor-column elementor-col-50 elementor-top-column elementor-element elementor-element-fa70e4f\" data-id=\"fa70e4f\" data-element_type=\"column\" data-e-type=\"column\">\n\t\t\t<div class=\"elementor-widget-wrap elementor-element-populated\">\n\t\t\t\t\t\t<div class=\"elementor-element elementor-element-9f16d80 elementor-widget elementor-widget-hiroshi_core_section_title\" data-id=\"9f16d80\" data-element_type=\"widget\" data-e-type=\"widget\" data-widget_type=\"hiroshi_core_section_title.default\">\n\t\t\t\t<div class=\"elementor-widget-container\">\n\t\t\t\t\t<div class=\"qodef-shortcode qodef-m  qodef-section-title qodef-alignment--left qodef-title-break--disabled\">\n\t\t<h1 class=\"qodef-m-title\" >\n\t\t\t\t\tPilar Del Val\t\t\t<\/h1>\n\t<\/div>\n\t\t\t\t<\/div>\n\t\t\t\t<\/div>\n\t\t\t\t<div class=\"elementor-element elementor-element-ce31aae elementor-widget elementor-widget-text-editor\" data-id=\"ce31aae\" data-element_type=\"widget\" data-e-type=\"widget\" data-widget_type=\"text-editor.default\">\n\t\t\t\t<div class=\"elementor-widget-container\">\n\t\t\t\t\t\t\t\t\t<div class=\"elementor-element elementor-element-ce31aae elementor-widget elementor-widget-text-editor\" data-id=\"ce31aae\" data-element_type=\"widget\" data-widget_type=\"text-editor.default\"><div class=\"elementor-widget-container\"><p><strong>DIRECTORA GENERAL <\/strong><strong><span class=\"OYPEnA font-feature-liga-off font-feature-clig-off font-feature-calt-off text-decoration-none text-strikethrough-none\">ES+LATAM <\/span><span class=\"OYPEnA font-feature-liga-off font-feature-clig-off font-feature-calt-off text-decoration-none text-strikethrough-none\">(HBU ES+LATAM)<\/span><\/strong><\/p><\/div><\/div><div class=\"elementor-element elementor-element-925152f elementor-widget elementor-widget-text-editor\" data-id=\"925152f\" data-element_type=\"widget\" data-widget_type=\"text-editor.default\"><div class=\"elementor-widget-container\">\u00a0<\/div><\/div>\t\t\t\t\t\t\t\t<\/div>\n\t\t\t\t<\/div>\n\t\t\t\t<div class=\"elementor-element elementor-element-925152f elementor-widget elementor-widget-text-editor\" data-id=\"925152f\" data-element_type=\"widget\" data-e-type=\"widget\" data-widget_type=\"text-editor.default\">\n\t\t\t\t<div class=\"elementor-widget-container\">\n\t\t\t\t\t\t\t\t\t<p>Pilar Del Val,&nbsp;<span style=\"background-color: #ffffff;\">desempe\u00f1a el papel de Directora General en Espa\u00f1a y Latinoam\u00e9rica dentro de la compa\u00f1\u00eda, quien ademas es&nbsp;<\/span><span style=\"background-color: #ffffff; font-family: var( --e-global-typography-text-font-family ), Sans-serif;\">la mente maestra detr\u00e1s del Departamento de Proyectos.<\/span><span style=\"font-family: var( --e-global-typography-text-font-family ), Sans-serif;\">&nbsp;<\/span><\/p>\n<p><span style=\"font-family: var( --e-global-typography-text-font-family ), Sans-serif;\">Coordinando equipos multidisciplinarios, adem\u00e1s supervisa proyectos de subestaciones el\u00e9ctricas, l\u00edneas y plantas de energ\u00eda renovable a nivel nacional e internacional. Su liderazgo ha guiado proyectos clave, demostrando un compromiso inquebrantable con la calidad y la innovaci\u00f3n. Dirige un equipo de m\u00e1s de 200 personas, optimizando objetivos y potenciando el liderazgo de cada miembro del equipo.<\/span><\/p>\t\t\t\t\t\t\t\t<\/div>\n\t\t\t\t<\/div>\n\t\t\t\t<section class=\"elementor-section elementor-inner-section elementor-element elementor-element-7cb0192 elementor-section-full_width elementor-section-height-default elementor-section-height-default qodef-elementor-content-no qodef-elementor-column-no\" data-id=\"7cb0192\" data-element_type=\"section\" data-e-type=\"section\">\n\t\t\t\t\t\t<div class=\"elementor-container elementor-column-gap-default\">\n\t\t\t\t\t<div class=\"elementor-column elementor-col-33 elementor-inner-column elementor-element elementor-element-1a256d6\" data-id=\"1a256d6\" data-element_type=\"column\" data-e-type=\"column\">\n\t\t\t<div class=\"elementor-widget-wrap elementor-element-populated\">\n\t\t\t\t\t\t<div class=\"elementor-element elementor-element-8b49594 elementor-widget elementor-widget-hiroshi_core_section_title\" data-id=\"8b49594\" data-element_type=\"widget\" data-e-type=\"widget\" data-widget_type=\"hiroshi_core_section_title.default\">\n\t\t\t\t<div class=\"elementor-widget-container\">\n\t\t\t\t\t<div class=\"qodef-shortcode qodef-m  qodef-section-title qodef-alignment--left\">\n\t\t<h6 class=\"qodef-m-title\" >\n\t\t\t\t\tEXPERIENCE\t\t\t<\/h6>\n\t<\/div>\n\t\t\t\t<\/div>\n\t\t\t\t<\/div>\n\t\t\t\t<div class=\"elementor-element elementor-element-0d6379e elementor-widget elementor-widget-text-editor\" data-id=\"0d6379e\" data-element_type=\"widget\" data-e-type=\"widget\" data-widget_type=\"text-editor.default\">\n\t\t\t\t<div class=\"elementor-widget-container\">\n\t\t\t\t\t\t\t\t\t<ul><li>8 a\u00f1os trabajando en IZHARIA, pasando por diferentes puestos de responsabilidad.<\/li><li>+ 20 a\u00f1os experiencia en el dise\u00f1o y la puesta en marcha de subestaciones el\u00e9ctricas<\/li><\/ul>\t\t\t\t\t\t\t\t<\/div>\n\t\t\t\t<\/div>\n\t\t\t\t\t<\/div>\n\t\t<\/div>\n\t\t\t\t<div class=\"elementor-column elementor-col-33 elementor-inner-column elementor-element elementor-element-a088776\" data-id=\"a088776\" data-element_type=\"column\" data-e-type=\"column\">\n\t\t\t<div class=\"elementor-widget-wrap elementor-element-populated\">\n\t\t\t\t\t\t<div class=\"elementor-element elementor-element-4c0c680 elementor-widget elementor-widget-hiroshi_core_section_title\" data-id=\"4c0c680\" data-element_type=\"widget\" data-e-type=\"widget\" data-widget_type=\"hiroshi_core_section_title.default\">\n\t\t\t\t<div class=\"elementor-widget-container\">\n\t\t\t\t\t<div class=\"qodef-shortcode qodef-m  qodef-section-title qodef-alignment--left\">\n\t\t<h6 class=\"qodef-m-title\" >\n\t\t\t\t\tTRAINING\t\t\t<\/h6>\n\t<\/div>\n\t\t\t\t<\/div>\n\t\t\t\t<\/div>\n\t\t\t\t<div class=\"elementor-element elementor-element-6081b4a qodef--underline elementor-widget elementor-widget-text-editor\" data-id=\"6081b4a\" data-element_type=\"widget\" data-e-type=\"widget\" data-widget_type=\"text-editor.default\">\n\t\t\t\t<div class=\"elementor-widget-container\">\n\t\t\t\t\t\t\t\t\t<ul><li>Industrial Engineer from the University of La Rioja<\/li><li>Industrial Technical Engineer specialising in Electrical Engineering from the University of La Rioja.<\/li><li>General Management Programme (PDG) by IESE Business School<\/li><\/ul>\t\t\t\t\t\t\t\t<\/div>\n\t\t\t\t<\/div>\n\t\t\t\t\t<\/div>\n\t\t<\/div>\n\t\t\t\t<div class=\"elementor-column elementor-col-33 elementor-inner-column elementor-element elementor-element-148f1dc\" data-id=\"148f1dc\" data-element_type=\"column\" data-e-type=\"column\">\n\t\t\t<div class=\"elementor-widget-wrap elementor-element-populated\">\n\t\t\t\t\t\t<div class=\"elementor-element elementor-element-87085cb elementor-widget elementor-widget-hiroshi_core_section_title\" data-id=\"87085cb\" data-element_type=\"widget\" data-e-type=\"widget\" data-widget_type=\"hiroshi_core_section_title.default\">\n\t\t\t\t<div class=\"elementor-widget-container\">\n\t\t\t\t\t<div class=\"qodef-shortcode qodef-m  qodef-section-title qodef-alignment--left\">\n\t\t<h6 class=\"qodef-m-title\" >\n\t\t\t\t\tCONTACT\t\t\t<\/h6>\n\t<\/div>\n\t\t\t\t<\/div>\n\t\t\t\t<\/div>\n\t\t\t\t<div class=\"elementor-element elementor-element-3b53f69 qodef--underline-on-hover elementor-widget elementor-widget-text-editor\" data-id=\"3b53f69\" data-element_type=\"widget\" data-e-type=\"widget\" data-widget_type=\"text-editor.default\">\n\t\t\t\t<div class=\"elementor-widget-container\">\n\t\t\t\t\t\t\t\t\t<p><a href=\"https:\/\/www.youtube.com\/watch?v=6yhn-Ktwz0M\"><span style=\"text-decoration: underline;\">Watch video<\/span><\/a><\/p>\t\t\t\t\t\t\t\t<\/div>\n\t\t\t\t<\/div>\n\t\t\t\t<div class=\"elementor-element elementor-element-b2be01e elementor-widget__width-auto elementor-widget elementor-widget-hiroshi_core_icon\" data-id=\"b2be01e\" data-element_type=\"widget\" data-e-type=\"widget\" data-widget_type=\"hiroshi_core_icon.default\">\n\t\t\t\t<div class=\"elementor-widget-container\">\n\t\t\t\t\t<span class=\"qodef-shortcode qodef-m  qodef-icon-holder qodef-size--default qodef-layout--normal\" data-hover-color=\"#787878\" >\n\t\t\t<a itemprop=\"url\" href=\"https:\/\/twitter.com\/qodeinteractive\" target=\"_blank\">\n\t\t\t\t\t\t<\/a>\n\t<\/span>\n\t\t\t\t<\/div>\n\t\t\t\t<\/div>\n\t\t\t\t<div class=\"elementor-element elementor-element-d063740 elementor-widget__width-auto elementor-widget elementor-widget-hiroshi_core_icon\" data-id=\"d063740\" data-element_type=\"widget\" data-e-type=\"widget\" data-widget_type=\"hiroshi_core_icon.default\">\n\t\t\t\t<div class=\"elementor-widget-container\">\n\t\t\t\t\t<span class=\"qodef-shortcode qodef-m  qodef-icon-holder qodef-size--default qodef-layout--normal\" data-hover-color=\"#787878\" >\n\t\t\t<a itemprop=\"url\" href=\"https:\/\/www.linkedin.com\/company\/qode-themes\/\" target=\"_blank\">\n\t\t\t<span class=\"qodef-icon-font-awesome fab fa-linkedin-in qodef-icon qodef-e\" style=\"font-size: 14px\" ><\/span>\t\t\t<\/a>\n\t<\/span>\n\t\t\t\t<\/div>\n\t\t\t\t<\/div>\n\t\t\t\t<div class=\"elementor-element elementor-element-e1c68ee elementor-widget__width-auto elementor-widget elementor-widget-hiroshi_core_icon\" data-id=\"e1c68ee\" data-element_type=\"widget\" data-e-type=\"widget\" data-widget_type=\"hiroshi_core_icon.default\">\n\t\t\t\t<div class=\"elementor-widget-container\">\n\t\t\t\t\t<span class=\"qodef-shortcode qodef-m  qodef-icon-holder qodef-size--default qodef-layout--normal\" data-hover-color=\"#787878\" >\n\t\t\t<a itemprop=\"url\" href=\"https:\/\/www.youtube.com\/watch?v=6yhn-Ktwz0M\" target=\"_blank\">\n\t\t\t<span class=\"qodef-icon-font-awesome fab fa-youtube qodef-icon qodef-e\" style=\"font-size: 14px\" ><\/span>\t\t\t<\/a>\n\t<\/span>\n\t\t\t\t<\/div>\n\t\t\t\t<\/div>\n\t\t\t\t\t<\/div>\n\t\t<\/div>\n\t\t\t\t\t<\/div>\n\t\t<\/section>\n\t\t\t\t\t<\/div>\n\t\t<\/div>\n\t\t\t\t<div class=\"elementor-column elementor-col-50 elementor-top-column elementor-element elementor-element-a3b9081\" data-id=\"a3b9081\" data-element_type=\"column\" data-e-type=\"column\">\n\t\t\t<div class=\"elementor-widget-wrap elementor-element-populated\">\n\t\t\t\t\t\t<div class=\"elementor-element elementor-element-64d4ce6 elementor-widget elementor-widget-hiroshi_core_single_image\" data-id=\"64d4ce6\" data-element_type=\"widget\" data-e-type=\"widget\" data-widget_type=\"hiroshi_core_single_image.default\">\n\t\t\t\t<div class=\"elementor-widget-container\">\n\t\t\t\t\t<div class=\"qodef-shortcode qodef-m  qodef-single-image qodef-layout--default\">\n\t\t\t<div class=\"qodef-m-image\">\n\t\t\t\t\t\t\t\t<img fetchpriority=\"high\" decoding=\"async\" width=\"800\" height=\"596\" src=\"https:\/\/izharia.com\/wp-content\/uploads\/2022\/12\/h1-team-img-03-PILAR.jpg\" class=\"attachment-full size-full\" alt=\"\" srcset=\"https:\/\/izharia.com\/wp-content\/uploads\/2022\/12\/h1-team-img-03-PILAR.jpg 800w, https:\/\/izharia.com\/wp-content\/uploads\/2022\/12\/h1-team-img-03-PILAR-300x224.jpg 300w, https:\/\/izharia.com\/wp-content\/uploads\/2022\/12\/h1-team-img-03-PILAR-768x572.jpg 768w\" sizes=\"(max-width: 800px) 100vw, 800px\" \/>\t\t\t\t\t\t\t<\/div>\n\t<\/div>\n\t\t\t\t<\/div>\n\t\t\t\t<\/div>\n\t\t\t\t<div class=\"elementor-element elementor-element-57f7019 elementor-widget elementor-widget-video\" data-id=\"57f7019\" data-element_type=\"widget\" data-e-type=\"widget\" data-settings=\"{&quot;youtube_url&quot;:&quot;https:\\\/\\\/www.youtube.com\\\/watch?v=6yhn-Ktwz0M&quot;,&quot;video_type&quot;:&quot;youtube&quot;,&quot;controls&quot;:&quot;yes&quot;}\" data-widget_type=\"video.default\">\n\t\t\t\t<div class=\"elementor-widget-container\">\n\t\t\t\t\t\t\t<div class=\"elementor-wrapper elementor-open-inline\">\n\t\t\t<div class=\"elementor-video\"><\/div>\t\t<\/div>\n\t\t\t\t\t\t<\/div>\n\t\t\t\t<\/div>\n\t\t\t\t\t<\/div>\n\t\t<\/div>\n\t\t\t\t\t<\/div>\n\t\t<\/section>\n\t\t\t\t<\/div>","protected":false},"excerpt":{"rendered":"<p>Pilar Del Val DIRECTORA GENERAL ES+LATAM (HBU ES+LATAM) \u00a0 Pilar Del Val,&nbsp;desempe\u00f1a el papel de Directora General en Espa\u00f1a y Latinoam\u00e9rica dentro de la compa\u00f1\u00eda, quien ademas es&nbsp;la mente maestra detr\u00e1s del Departamento de Proyectos.&nbsp; Coordinando equipos multidisciplinarios, adem\u00e1s supervisa proyectos de subestaciones el\u00e9ctricas, l\u00edneas y plantas de energ\u00eda renovable a nivel nacional e internacional. [&hellip;]<\/p>\n","protected":false},"author":1,"featured_media":0,"parent":0,"menu_order":0,"comment_status":"closed","ping_status":"closed","template":"page-full-width.php","meta":{"footnotes":""},"class_list":["post-11087","page","type-page","status-publish","hentry"],"_links":{"self":[{"href":"https:\/\/izharia.com\/en\/wp-json\/wp\/v2\/pages\/11087","targetHints":{"allow":["GET"]}}],"collection":[{"href":"https:\/\/izharia.com\/en\/wp-json\/wp\/v2\/pages"}],"about":[{"href":"https:\/\/izharia.com\/en\/wp-json\/wp\/v2\/types\/page"}],"author":[{"embeddable":true,"href":"https:\/\/izharia.com\/en\/wp-json\/wp\/v2\/users\/1"}],"replies":[{"embeddable":true,"href":"https:\/\/izharia.com\/en\/wp-json\/wp\/v2\/comments?post=11087"}],"version-history":[{"count":29,"href":"https:\/\/izharia.com\/en\/wp-json\/wp\/v2\/pages\/11087\/revisions"}],"predecessor-version":[{"id":14969,"href":"https:\/\/izharia.com\/en\/wp-json\/wp\/v2\/pages\/11087\/revisions\/14969"}],"wp:attachment":[{"href":"https:\/\/izharia.com\/en\/wp-json\/wp\/v2\/media?parent=11087"}],"curies":[{"name":"wp","href":"https:\/\/api.w.org\/{rel}","templated":true}]}}