{"id":11132,"date":"2024-04-24T19:23:21","date_gmt":"2024-04-24T17:23:21","guid":{"rendered":"https:\/\/izharia.com\/?page_id=11132"},"modified":"2024-05-23T14:02:57","modified_gmt":"2024-05-23T12:02:57","slug":"david-blanco","status":"publish","type":"page","link":"https:\/\/izharia.com\/en\/david-blanco\/","title":{"rendered":"David Blanco"},"content":{"rendered":"<div data-elementor-type=\"wp-page\" data-elementor-id=\"11132\" class=\"elementor elementor-11132\">\n\t\t\t\t\t\t<section class=\"elementor-section elementor-top-section elementor-element elementor-element-e5ee8d4 elementor-section-full_width elementor-reverse-mobile elementor-section-height-default elementor-section-height-default qodef-elementor-content-no qodef-elementor-column-no\" data-id=\"e5ee8d4\" data-element_type=\"section\" data-e-type=\"section\">\n\t\t\t\t\t\t<div class=\"elementor-container elementor-column-gap-default\">\n\t\t\t\t\t<div class=\"elementor-column elementor-col-50 elementor-top-column elementor-element elementor-element-fa70e4f\" data-id=\"fa70e4f\" data-element_type=\"column\" data-e-type=\"column\">\n\t\t\t<div class=\"elementor-widget-wrap elementor-element-populated\">\n\t\t\t\t\t\t<div class=\"elementor-element elementor-element-9f16d80 elementor-widget elementor-widget-hiroshi_core_section_title\" data-id=\"9f16d80\" data-element_type=\"widget\" data-e-type=\"widget\" data-widget_type=\"hiroshi_core_section_title.default\">\n\t\t\t\t<div class=\"elementor-widget-container\">\n\t\t\t\t\t<div class=\"qodef-shortcode qodef-m  qodef-section-title qodef-alignment--left qodef-title-break--disabled\">\n\t\t<h1 class=\"qodef-m-title\" >\n\t\t\t\t\tDavid Blanco\t\t\t<\/h1>\n\t<\/div>\n\t\t\t\t<\/div>\n\t\t\t\t<\/div>\n\t\t\t\t<div class=\"elementor-element elementor-element-ce31aae elementor-widget elementor-widget-text-editor\" data-id=\"ce31aae\" data-element_type=\"widget\" data-e-type=\"widget\" data-widget_type=\"text-editor.default\">\n\t\t\t\t<div class=\"elementor-widget-container\">\n\t\t\t\t\t\t\t\t\t<p><strong>HEAD OF PHOTOVOLTAIC DEPARTMENT<\/strong><\/p>\t\t\t\t\t\t\t\t<\/div>\n\t\t\t\t<\/div>\n\t\t\t\t<div class=\"elementor-element elementor-element-925152f elementor-widget elementor-widget-text-editor\" data-id=\"925152f\" data-element_type=\"widget\" data-e-type=\"widget\" data-widget_type=\"text-editor.default\">\n\t\t\t\t<div class=\"elementor-widget-container\">\n\t\t\t\t\t\t\t\t\t<p class=\"translation-block\">David Blanco de Miguel, holds the position of Head of the Photovoltaic Department at IZHARIA. With a strong academic background and extensive experience in the sector, David brings a unique combination of technical knowledge and management skills to his role in the company.<\/p><p class=\"translation-block\">David holds a degree in Industrial Engineering from the University of Zaragoza, which provides him with a solid engineering background for his work in the field of solar photovoltaic energy. His passion for renewable energy led him to join IZHARIA in 2023, where he has consolidated his experience and leadership in the sector.<br>\nWith more than 18 years of experience in technical and project and team management positions in engineering companies in the sector, David has worked in leading companies such as Solarig, Proes Consultores and Icoenerg\u00eda. His in-depth knowledge and experience in the design, development and management of PV projects makes him a respected leader in the industry.<\/p><p class=\"translation-block\">David Blanco is known for his ability to lead multidisciplinary teams and manage large-scale projects with efficiency and precision. With him at the helm of the Photovoltaic department, IZHARIA is poised to continue to be a leader in the design and implementation of cutting-edge solar projects.<\/p>\t\t\t\t\t\t\t\t<\/div>\n\t\t\t\t<\/div>\n\t\t\t\t<section class=\"elementor-section elementor-inner-section elementor-element elementor-element-7cb0192 elementor-section-full_width elementor-section-height-default elementor-section-height-default qodef-elementor-content-no qodef-elementor-column-no\" data-id=\"7cb0192\" data-element_type=\"section\" data-e-type=\"section\">\n\t\t\t\t\t\t<div class=\"elementor-container elementor-column-gap-default\">\n\t\t\t\t\t<div class=\"elementor-column elementor-col-33 elementor-inner-column elementor-element elementor-element-1a256d6\" data-id=\"1a256d6\" data-element_type=\"column\" data-e-type=\"column\">\n\t\t\t<div class=\"elementor-widget-wrap elementor-element-populated\">\n\t\t\t\t\t\t<div class=\"elementor-element elementor-element-8b49594 elementor-widget elementor-widget-hiroshi_core_section_title\" data-id=\"8b49594\" data-element_type=\"widget\" data-e-type=\"widget\" data-widget_type=\"hiroshi_core_section_title.default\">\n\t\t\t\t<div class=\"elementor-widget-container\">\n\t\t\t\t\t<div class=\"qodef-shortcode qodef-m  qodef-section-title qodef-alignment--left\">\n\t\t<h6 class=\"qodef-m-title\" >\n\t\t\t\t\tEXPERIENCE\t\t\t<\/h6>\n\t<\/div>\n\t\t\t\t<\/div>\n\t\t\t\t<\/div>\n\t\t\t\t<div class=\"elementor-element elementor-element-0d6379e elementor-widget elementor-widget-text-editor\" data-id=\"0d6379e\" data-element_type=\"widget\" data-e-type=\"widget\" data-widget_type=\"text-editor.default\">\n\t\t\t\t<div class=\"elementor-widget-container\">\n\t\t\t\t\t\t\t\t\t<ul><li>+18 years experience in technical and project and team management positions in engineering companies in the sector (Solarig, Proes Consultores, Icoenerg\u00eda,...).<\/li><\/ul>\t\t\t\t\t\t\t\t<\/div>\n\t\t\t\t<\/div>\n\t\t\t\t\t<\/div>\n\t\t<\/div>\n\t\t\t\t<div class=\"elementor-column elementor-col-33 elementor-inner-column elementor-element elementor-element-a088776\" data-id=\"a088776\" data-element_type=\"column\" data-e-type=\"column\">\n\t\t\t<div class=\"elementor-widget-wrap elementor-element-populated\">\n\t\t\t\t\t\t<div class=\"elementor-element elementor-element-4c0c680 elementor-widget elementor-widget-hiroshi_core_section_title\" data-id=\"4c0c680\" data-element_type=\"widget\" data-e-type=\"widget\" data-widget_type=\"hiroshi_core_section_title.default\">\n\t\t\t\t<div class=\"elementor-widget-container\">\n\t\t\t\t\t<div class=\"qodef-shortcode qodef-m  qodef-section-title qodef-alignment--left\">\n\t\t<h6 class=\"qodef-m-title\" >\n\t\t\t\t\tTRAINING\t\t\t<\/h6>\n\t<\/div>\n\t\t\t\t<\/div>\n\t\t\t\t<\/div>\n\t\t\t\t<div class=\"elementor-element elementor-element-6081b4a qodef--underline elementor-widget elementor-widget-text-editor\" data-id=\"6081b4a\" data-element_type=\"widget\" data-e-type=\"widget\" data-widget_type=\"text-editor.default\">\n\t\t\t\t<div class=\"elementor-widget-container\">\n\t\t\t\t\t\t\t\t\t<ul><li>Industrial Engineer from the University of Zaragoza<\/li><\/ul>\t\t\t\t\t\t\t\t<\/div>\n\t\t\t\t<\/div>\n\t\t\t\t\t<\/div>\n\t\t<\/div>\n\t\t\t\t<div class=\"elementor-column elementor-col-33 elementor-inner-column elementor-element elementor-element-148f1dc\" data-id=\"148f1dc\" data-element_type=\"column\" data-e-type=\"column\">\n\t\t\t<div class=\"elementor-widget-wrap elementor-element-populated\">\n\t\t\t\t\t\t<div class=\"elementor-element elementor-element-87085cb elementor-widget elementor-widget-hiroshi_core_section_title\" data-id=\"87085cb\" data-element_type=\"widget\" data-e-type=\"widget\" data-widget_type=\"hiroshi_core_section_title.default\">\n\t\t\t\t<div class=\"elementor-widget-container\">\n\t\t\t\t\t<div class=\"qodef-shortcode qodef-m  qodef-section-title qodef-alignment--left\">\n\t\t<h6 class=\"qodef-m-title\" >\n\t\t\t\t\tCONTACT\t\t\t<\/h6>\n\t<\/div>\n\t\t\t\t<\/div>\n\t\t\t\t<\/div>\n\t\t\t\t<div class=\"elementor-element elementor-element-3b53f69 qodef--underline-on-hover elementor-widget elementor-widget-text-editor\" data-id=\"3b53f69\" data-element_type=\"widget\" data-e-type=\"widget\" data-widget_type=\"text-editor.default\">\n\t\t\t\t<div class=\"elementor-widget-container\">\n\t\t\t\t\t\t\t\t\t<p><a href=\"https:\/\/youtu.be\/m95aC2dW-4Q\"><span style=\"text-decoration: underline;\">Watch video<\/span><\/a><\/p>\t\t\t\t\t\t\t\t<\/div>\n\t\t\t\t<\/div>\n\t\t\t\t<div class=\"elementor-element elementor-element-b2be01e elementor-widget__width-auto elementor-widget elementor-widget-hiroshi_core_icon\" data-id=\"b2be01e\" data-element_type=\"widget\" data-e-type=\"widget\" data-widget_type=\"hiroshi_core_icon.default\">\n\t\t\t\t<div class=\"elementor-widget-container\">\n\t\t\t\t\t<span class=\"qodef-shortcode qodef-m  qodef-icon-holder qodef-size--default qodef-layout--normal\" data-hover-color=\"#787878\" >\n\t\t\t<a itemprop=\"url\" href=\"https:\/\/twitter.com\/qodeinteractive\" target=\"_blank\">\n\t\t\t\t\t\t<\/a>\n\t<\/span>\n\t\t\t\t<\/div>\n\t\t\t\t<\/div>\n\t\t\t\t<div class=\"elementor-element elementor-element-d063740 elementor-widget__width-auto elementor-widget elementor-widget-hiroshi_core_icon\" data-id=\"d063740\" data-element_type=\"widget\" data-e-type=\"widget\" data-widget_type=\"hiroshi_core_icon.default\">\n\t\t\t\t<div class=\"elementor-widget-container\">\n\t\t\t\t\t<span class=\"qodef-shortcode qodef-m  qodef-icon-holder qodef-size--default qodef-layout--normal\" data-hover-color=\"#787878\" >\n\t\t\t<a itemprop=\"url\" href=\"https:\/\/www.linkedin.com\/company\/qode-themes\/\" target=\"_blank\">\n\t\t\t<span class=\"qodef-icon-font-awesome fab fa-linkedin-in qodef-icon qodef-e\" style=\"font-size: 14px\" ><\/span>\t\t\t<\/a>\n\t<\/span>\n\t\t\t\t<\/div>\n\t\t\t\t<\/div>\n\t\t\t\t<div class=\"elementor-element elementor-element-e1c68ee elementor-widget__width-auto elementor-widget elementor-widget-hiroshi_core_icon\" data-id=\"e1c68ee\" data-element_type=\"widget\" data-e-type=\"widget\" data-widget_type=\"hiroshi_core_icon.default\">\n\t\t\t\t<div class=\"elementor-widget-container\">\n\t\t\t\t\t<span class=\"qodef-shortcode qodef-m  qodef-icon-holder qodef-size--default qodef-layout--normal\" data-hover-color=\"#787878\" >\n\t\t\t<a itemprop=\"url\" href=\"https:\/\/youtu.be\/m95aC2dW-4Q\" target=\"_blank\">\n\t\t\t<span class=\"qodef-icon-font-awesome fab fa-youtube qodef-icon qodef-e\" style=\"font-size: 14px\" ><\/span>\t\t\t<\/a>\n\t<\/span>\n\t\t\t\t<\/div>\n\t\t\t\t<\/div>\n\t\t\t\t\t<\/div>\n\t\t<\/div>\n\t\t\t\t\t<\/div>\n\t\t<\/section>\n\t\t\t\t\t<\/div>\n\t\t<\/div>\n\t\t\t\t<div class=\"elementor-column elementor-col-50 elementor-top-column elementor-element elementor-element-a3b9081\" data-id=\"a3b9081\" data-element_type=\"column\" data-e-type=\"column\">\n\t\t\t<div class=\"elementor-widget-wrap elementor-element-populated\">\n\t\t\t\t\t\t<div class=\"elementor-element elementor-element-64d4ce6 elementor-widget elementor-widget-hiroshi_core_single_image\" data-id=\"64d4ce6\" data-element_type=\"widget\" data-e-type=\"widget\" data-widget_type=\"hiroshi_core_single_image.default\">\n\t\t\t\t<div class=\"elementor-widget-container\">\n\t\t\t\t\t<div class=\"qodef-shortcode qodef-m  qodef-single-image qodef-layout--default\">\n\t\t\t<div class=\"qodef-m-image\">\n\t\t\t\t\t\t\t\t<img fetchpriority=\"high\" decoding=\"async\" width=\"800\" height=\"596\" src=\"https:\/\/izharia.com\/wp-content\/uploads\/2024\/04\/h1-team-img-07-DAVID.jpg\" class=\"attachment-full size-full\" alt=\"\" srcset=\"https:\/\/izharia.com\/wp-content\/uploads\/2024\/04\/h1-team-img-07-DAVID.jpg 800w, https:\/\/izharia.com\/wp-content\/uploads\/2024\/04\/h1-team-img-07-DAVID-300x224.jpg 300w, https:\/\/izharia.com\/wp-content\/uploads\/2024\/04\/h1-team-img-07-DAVID-768x572.jpg 768w\" sizes=\"(max-width: 800px) 100vw, 800px\" \/>\t\t\t\t\t\t\t<\/div>\n\t<\/div>\n\t\t\t\t<\/div>\n\t\t\t\t<\/div>\n\t\t\t\t<div class=\"elementor-element elementor-element-2c6e860 elementor-widget elementor-widget-video\" data-id=\"2c6e860\" data-element_type=\"widget\" data-e-type=\"widget\" data-settings=\"{&quot;youtube_url&quot;:&quot;https:\\\/\\\/youtu.be\\\/m95aC2dW-4Q&quot;,&quot;video_type&quot;:&quot;youtube&quot;,&quot;controls&quot;:&quot;yes&quot;}\" data-widget_type=\"video.default\">\n\t\t\t\t<div class=\"elementor-widget-container\">\n\t\t\t\t\t\t\t<div class=\"elementor-wrapper elementor-open-inline\">\n\t\t\t<div class=\"elementor-video\"><\/div>\t\t<\/div>\n\t\t\t\t\t\t<\/div>\n\t\t\t\t<\/div>\n\t\t\t\t\t<\/div>\n\t\t<\/div>\n\t\t\t\t\t<\/div>\n\t\t<\/section>\n\t\t\t\t<\/div>","protected":false},"excerpt":{"rendered":"<p>David Blanco JEFE DE DEPARTAMENTO DE FOTOVOLTAICA David Blanco de Miguel, ocupa el puesto de Jefe de Departamento de Fotovoltaica en\u00a0IZHARIA. Con una s\u00f3lida formaci\u00f3n acad\u00e9mica y una extensa experiencia en el sector, David aporta una combinaci\u00f3n \u00fanica de conocimientos t\u00e9cnicos y habilidades de gesti\u00f3n a su papel en la empresa. David es Ingeniero Superior [&hellip;]<\/p>\n","protected":false},"author":1,"featured_media":0,"parent":0,"menu_order":0,"comment_status":"closed","ping_status":"closed","template":"page-full-width.php","meta":{"footnotes":""},"class_list":["post-11132","page","type-page","status-publish","hentry"],"_links":{"self":[{"href":"https:\/\/izharia.com\/en\/wp-json\/wp\/v2\/pages\/11132","targetHints":{"allow":["GET"]}}],"collection":[{"href":"https:\/\/izharia.com\/en\/wp-json\/wp\/v2\/pages"}],"about":[{"href":"https:\/\/izharia.com\/en\/wp-json\/wp\/v2\/types\/page"}],"author":[{"embeddable":true,"href":"https:\/\/izharia.com\/en\/wp-json\/wp\/v2\/users\/1"}],"replies":[{"embeddable":true,"href":"https:\/\/izharia.com\/en\/wp-json\/wp\/v2\/comments?post=11132"}],"version-history":[{"count":28,"href":"https:\/\/izharia.com\/en\/wp-json\/wp\/v2\/pages\/11132\/revisions"}],"predecessor-version":[{"id":13467,"href":"https:\/\/izharia.com\/en\/wp-json\/wp\/v2\/pages\/11132\/revisions\/13467"}],"wp:attachment":[{"href":"https:\/\/izharia.com\/en\/wp-json\/wp\/v2\/media?parent=11132"}],"curies":[{"name":"wp","href":"https:\/\/api.w.org\/{rel}","templated":true}]}}