{"id":11161,"date":"2024-04-24T19:45:27","date_gmt":"2024-04-24T17:45:27","guid":{"rendered":"https:\/\/izharia.com\/?page_id=11161"},"modified":"2025-05-20T13:37:10","modified_gmt":"2025-05-20T11:37:10","slug":"sandra-fuentes","status":"publish","type":"page","link":"https:\/\/izharia.com\/en\/sandra-fuentes\/","title":{"rendered":"Sandra Fuentes"},"content":{"rendered":"\t\t<div data-elementor-type=\"wp-page\" data-elementor-id=\"11161\" class=\"elementor elementor-11161\">\n\t\t\t\t\t\t<section class=\"elementor-section elementor-top-section elementor-element elementor-element-e5ee8d4 elementor-section-full_width elementor-reverse-mobile elementor-section-height-default elementor-section-height-default qodef-elementor-content-no qodef-elementor-column-no\" data-id=\"e5ee8d4\" data-element_type=\"section\" data-e-type=\"section\">\n\t\t\t\t\t\t<div class=\"elementor-container elementor-column-gap-default\">\n\t\t\t\t\t<div class=\"elementor-column elementor-col-50 elementor-top-column elementor-element elementor-element-fa70e4f\" data-id=\"fa70e4f\" data-element_type=\"column\" data-e-type=\"column\">\n\t\t\t<div class=\"elementor-widget-wrap elementor-element-populated\">\n\t\t\t\t\t\t<div class=\"elementor-element elementor-element-9f16d80 elementor-widget elementor-widget-hiroshi_core_section_title\" data-id=\"9f16d80\" data-element_type=\"widget\" data-e-type=\"widget\" data-widget_type=\"hiroshi_core_section_title.default\">\n\t\t\t\t<div class=\"elementor-widget-container\">\n\t\t\t\t\t<div class=\"qodef-shortcode qodef-m  qodef-section-title qodef-alignment--left qodef-title-break--disabled\">\n\t\t<h1 class=\"qodef-m-title\" >\n\t\t\t\t\tSandra Fuentes\t\t\t<\/h1>\n\t<\/div>\n\t\t\t\t<\/div>\n\t\t\t\t<\/div>\n\t\t\t\t<div class=\"elementor-element elementor-element-ce31aae elementor-widget elementor-widget-text-editor\" data-id=\"ce31aae\" data-element_type=\"widget\" data-e-type=\"widget\" data-widget_type=\"text-editor.default\">\n\t\t\t\t<div class=\"elementor-widget-container\">\n\t\t\t\t\t\t\t\t\t<p><strong>DIRECTORA DE PARQUES EOLICOS Y OBRA CIVIL<\/strong><\/p>\t\t\t\t\t\t\t\t<\/div>\n\t\t\t\t<\/div>\n\t\t\t\t<div class=\"elementor-element elementor-element-925152f elementor-widget elementor-widget-text-editor\" data-id=\"925152f\" data-element_type=\"widget\" data-e-type=\"widget\" data-widget_type=\"text-editor.default\">\n\t\t\t\t<div class=\"elementor-widget-container\">\n\t\t\t\t\t\t\t\t\t<p style=\"font-weight: 400;\">Sandra Fuentes Alonso lidera el \u00e1rea de Parques E\u00f3licos y Obra Civil, aportando su amplia experiencia y destacada formaci\u00f3n acad\u00e9mica al desarrollo y gesti\u00f3n de proyectos. Su aportaci\u00f3n de conocimientos t\u00e9cnicos, as\u00ed como sus habilidades directivas la convierten en una pieza clave para la eficiencia y el crecimiento de la empresa.<\/p><p style=\"font-weight: 400;\">Sandra es Ingeniera de Caminos por la Universidad de Burgos y cuenta con un m\u00e1ster en Ingenier\u00eda Energ\u00e9tica por la Universidad de Oviedo. Posteriormente, obtuvo un Doctorado en Ciencia de los Materiales, lo que le brinda una s\u00f3lida base en ingenier\u00eda civil y construcci\u00f3n. Con m\u00e1s de una d\u00e9cada de experiencia en empresas l\u00edderes del sector, ha trabajado en diversos proyectos, especializ\u00e1ndose en el \u00e1mbito energ\u00e9tico.<\/p>\t\t\t\t\t\t\t\t<\/div>\n\t\t\t\t<\/div>\n\t\t\t\t<section class=\"elementor-section elementor-inner-section elementor-element elementor-element-7cb0192 elementor-section-full_width elementor-section-height-default elementor-section-height-default qodef-elementor-content-no qodef-elementor-column-no\" data-id=\"7cb0192\" data-element_type=\"section\" data-e-type=\"section\">\n\t\t\t\t\t\t<div class=\"elementor-container elementor-column-gap-default\">\n\t\t\t\t\t<div class=\"elementor-column elementor-col-33 elementor-inner-column elementor-element elementor-element-1a256d6\" data-id=\"1a256d6\" data-element_type=\"column\" data-e-type=\"column\">\n\t\t\t<div class=\"elementor-widget-wrap elementor-element-populated\">\n\t\t\t\t\t\t<div class=\"elementor-element elementor-element-8b49594 elementor-widget elementor-widget-hiroshi_core_section_title\" data-id=\"8b49594\" data-element_type=\"widget\" data-e-type=\"widget\" data-widget_type=\"hiroshi_core_section_title.default\">\n\t\t\t\t<div class=\"elementor-widget-container\">\n\t\t\t\t\t<div class=\"qodef-shortcode qodef-m  qodef-section-title qodef-alignment--left \">\n\t\t<h6 class=\"qodef-m-title\" >\n\t\t\t\t\tEXPERIENCIA\t\t\t<\/h6>\n\t<\/div>\n\t\t\t\t<\/div>\n\t\t\t\t<\/div>\n\t\t\t\t<div class=\"elementor-element elementor-element-0d6379e elementor-widget elementor-widget-text-editor\" data-id=\"0d6379e\" data-element_type=\"widget\" data-e-type=\"widget\" data-widget_type=\"text-editor.default\">\n\t\t\t\t<div class=\"elementor-widget-container\">\n\t\t\t\t\t\t\t\t\t<ul><li>13 a\u00f1os de experiencia en obra civil del sector energ\u00e9tico.<\/li><\/ul>\t\t\t\t\t\t\t\t<\/div>\n\t\t\t\t<\/div>\n\t\t\t\t\t<\/div>\n\t\t<\/div>\n\t\t\t\t<div class=\"elementor-column elementor-col-33 elementor-inner-column elementor-element elementor-element-a088776\" data-id=\"a088776\" data-element_type=\"column\" data-e-type=\"column\">\n\t\t\t<div class=\"elementor-widget-wrap elementor-element-populated\">\n\t\t\t\t\t\t<div class=\"elementor-element elementor-element-4c0c680 elementor-widget elementor-widget-hiroshi_core_section_title\" data-id=\"4c0c680\" data-element_type=\"widget\" data-e-type=\"widget\" data-widget_type=\"hiroshi_core_section_title.default\">\n\t\t\t\t<div class=\"elementor-widget-container\">\n\t\t\t\t\t<div class=\"qodef-shortcode qodef-m  qodef-section-title qodef-alignment--left \">\n\t\t<h6 class=\"qodef-m-title\" >\n\t\t\t\t\tformaci\u00f3n\t\t\t<\/h6>\n\t<\/div>\n\t\t\t\t<\/div>\n\t\t\t\t<\/div>\n\t\t\t\t<div class=\"elementor-element elementor-element-6081b4a qodef--underline elementor-widget elementor-widget-text-editor\" data-id=\"6081b4a\" data-element_type=\"widget\" data-e-type=\"widget\" data-widget_type=\"text-editor.default\">\n\t\t\t\t<div class=\"elementor-widget-container\">\n\t\t\t\t\t\t\t\t\t<p>Ingeniero de Caminos, Canales y Puertos por la Universidad de Burgos<\/p><p style=\"text-indent: -18.0pt; mso-list: l0 level1 lfo1;\"><!-- [if !supportLists]--><span style=\"font-family: Symbol; mso-fareast-font-family: Symbol; mso-bidi-font-family: Symbol;\">\u00b7<span style=\"font-style: normal; font-variant-caps: normal; font-width: normal; font-size: 7pt; line-height: normal; font-family: 'Times New Roman'; font-size-adjust: none; font-kerning: auto; font-variant-alternates: normal; font-variant-ligatures: normal; font-variant-numeric: normal; font-variant-east-asian: normal; font-variant-position: normal; font-variant-emoji: normal; font-feature-settings: normal; font-optical-sizing: auto; font-variation-settings: normal;\">\u00a0\u00a0\u00a0\u00a0\u00a0\u00a0\u00a0<\/span><\/span><!--[endif]-->M\u00e1ster en Ingenier\u00eda Energ\u00e9tica por la Universidad de Oviedo<\/p><p style=\"text-indent: -18.0pt; mso-list: l0 level1 lfo1;\"><!-- [if !supportLists]--><span style=\"font-family: Symbol; mso-fareast-font-family: Symbol; mso-bidi-font-family: Symbol;\">\u00b7<span style=\"font-style: normal; font-variant-caps: normal; font-width: normal; font-size: 7pt; line-height: normal; font-family: 'Times New Roman'; font-size-adjust: none; font-kerning: auto; font-variant-alternates: normal; font-variant-ligatures: normal; font-variant-numeric: normal; font-variant-east-asian: normal; font-variant-position: normal; font-variant-emoji: normal; font-feature-settings: normal; font-optical-sizing: auto; font-variation-settings: normal;\">\u00a0\u00a0\u00a0\u00a0\u00a0\u00a0\u00a0<\/span><\/span><!--[endif]-->Doctorado en Ciencia de los Materiales por la Universidad de Oviedo<\/p>\t\t\t\t\t\t\t\t<\/div>\n\t\t\t\t<\/div>\n\t\t\t\t\t<\/div>\n\t\t<\/div>\n\t\t\t\t<div class=\"elementor-column elementor-col-33 elementor-inner-column elementor-element elementor-element-148f1dc\" data-id=\"148f1dc\" data-element_type=\"column\" data-e-type=\"column\">\n\t\t\t<div class=\"elementor-widget-wrap elementor-element-populated\">\n\t\t\t\t\t\t<div class=\"elementor-element elementor-element-87085cb elementor-widget elementor-widget-hiroshi_core_section_title\" data-id=\"87085cb\" data-element_type=\"widget\" data-e-type=\"widget\" data-widget_type=\"hiroshi_core_section_title.default\">\n\t\t\t\t<div class=\"elementor-widget-container\">\n\t\t\t\t\t<div class=\"qodef-shortcode qodef-m  qodef-section-title qodef-alignment--left \">\n\t\t<h6 class=\"qodef-m-title\" >\n\t\t\t\t\tcontacto\t\t\t<\/h6>\n\t<\/div>\n\t\t\t\t<\/div>\n\t\t\t\t<\/div>\n\t\t\t\t<div class=\"elementor-element elementor-element-b2be01e elementor-widget__width-auto elementor-widget elementor-widget-hiroshi_core_icon\" data-id=\"b2be01e\" data-element_type=\"widget\" data-e-type=\"widget\" data-widget_type=\"hiroshi_core_icon.default\">\n\t\t\t\t<div class=\"elementor-widget-container\">\n\t\t\t\t\t<span class=\"qodef-shortcode qodef-m  qodef-icon-holder qodef-size--default qodef-layout--normal\" data-hover-color=\"#787878\" >\n\t\t\t<a itemprop=\"url\" href=\"https:\/\/twitter.com\/qodeinteractive\" target=\"_blank\">\n\t\t\t\t\t\t<\/a>\n\t<\/span>\n\t\t\t\t<\/div>\n\t\t\t\t<\/div>\n\t\t\t\t<div class=\"elementor-element elementor-element-d063740 elementor-widget__width-auto elementor-widget elementor-widget-hiroshi_core_icon\" data-id=\"d063740\" data-element_type=\"widget\" data-e-type=\"widget\" data-widget_type=\"hiroshi_core_icon.default\">\n\t\t\t\t<div class=\"elementor-widget-container\">\n\t\t\t\t\t<span class=\"qodef-shortcode qodef-m  qodef-icon-holder qodef-size--default qodef-layout--normal\" data-hover-color=\"#787878\" >\n\t\t\t<a itemprop=\"url\" href=\"https:\/\/www.linkedin.com\/company\/qode-themes\/\" target=\"_blank\">\n\t\t\t<span class=\"qodef-icon-font-awesome fab fa-linkedin-in qodef-icon qodef-e\" style=\"font-size: 14px\" ><\/span>\t\t\t<\/a>\n\t<\/span>\n\t\t\t\t<\/div>\n\t\t\t\t<\/div>\n\t\t\t\t<div class=\"elementor-element elementor-element-e1c68ee elementor-widget__width-auto elementor-widget elementor-widget-hiroshi_core_icon\" data-id=\"e1c68ee\" data-element_type=\"widget\" data-e-type=\"widget\" data-widget_type=\"hiroshi_core_icon.default\">\n\t\t\t\t<div class=\"elementor-widget-container\">\n\t\t\t\t\t<span class=\"qodef-shortcode qodef-m  qodef-icon-holder qodef-size--default qodef-layout--normal\" data-hover-color=\"#787878\" >\n\t\t\t<a itemprop=\"url\" href=\"https:\/\/www.linkedin.com\/in\/sandrafuentesalonso\/\" target=\"_blank\">\n\t\t\t\t\t\t<\/a>\n\t<\/span>\n\t\t\t\t<\/div>\n\t\t\t\t<\/div>\n\t\t\t\t\t<\/div>\n\t\t<\/div>\n\t\t\t\t\t<\/div>\n\t\t<\/section>\n\t\t\t\t\t<\/div>\n\t\t<\/div>\n\t\t\t\t<div class=\"elementor-column elementor-col-50 elementor-top-column elementor-element elementor-element-a3b9081\" data-id=\"a3b9081\" data-element_type=\"column\" data-e-type=\"column\">\n\t\t\t<div class=\"elementor-widget-wrap elementor-element-populated\">\n\t\t\t\t\t\t<div class=\"elementor-element elementor-element-64d4ce6 elementor-widget elementor-widget-hiroshi_core_single_image\" data-id=\"64d4ce6\" data-element_type=\"widget\" data-e-type=\"widget\" data-widget_type=\"hiroshi_core_single_image.default\">\n\t\t\t\t<div class=\"elementor-widget-container\">\n\t\t\t\t\t<div class=\"qodef-shortcode qodef-m  qodef-single-image qodef-layout--default   \">\n\t\t\t<div class=\"qodef-m-image\">\n\t\t\t\t\t\t\t\t<img fetchpriority=\"high\" decoding=\"async\" width=\"543\" height=\"593\" src=\"https:\/\/izharia.com\/wp-content\/uploads\/2025\/05\/fwrgegwerv.png\" class=\"attachment-full size-full\" alt=\"\" srcset=\"https:\/\/izharia.com\/wp-content\/uploads\/2025\/05\/fwrgegwerv.png 543w, https:\/\/izharia.com\/wp-content\/uploads\/2025\/05\/fwrgegwerv-275x300.png 275w, https:\/\/izharia.com\/wp-content\/uploads\/2025\/05\/fwrgegwerv-11x12.png 11w\" sizes=\"(max-width: 543px) 100vw, 543px\" \/>\t\t\t\t\t\t\t<\/div>\n\t<\/div>\n\t\t\t\t<\/div>\n\t\t\t\t<\/div>\n\t\t\t\t\t<\/div>\n\t\t<\/div>\n\t\t\t\t\t<\/div>\n\t\t<\/section>\n\t\t\t\t<\/div>\n\t\t","protected":false},"excerpt":{"rendered":"<p>Sandra Fuentes DIRECTORA DE PARQUES EOLICOS Y OBRA CIVIL Sandra Fuentes Alonso lidera el \u00e1rea de Parques E\u00f3licos y Obra Civil, aportando su amplia experiencia y destacada formaci\u00f3n acad\u00e9mica al desarrollo y gesti\u00f3n de proyectos. Su aportaci\u00f3n de conocimientos t\u00e9cnicos, as\u00ed como sus habilidades directivas la convierten en una pieza clave para la eficiencia y [&hellip;]<\/p>\n","protected":false},"author":1,"featured_media":0,"parent":0,"menu_order":0,"comment_status":"closed","ping_status":"closed","template":"page-full-width.php","meta":{"footnotes":""},"class_list":["post-11161","page","type-page","status-publish","hentry"],"_links":{"self":[{"href":"https:\/\/izharia.com\/en\/wp-json\/wp\/v2\/pages\/11161","targetHints":{"allow":["GET"]}}],"collection":[{"href":"https:\/\/izharia.com\/en\/wp-json\/wp\/v2\/pages"}],"about":[{"href":"https:\/\/izharia.com\/en\/wp-json\/wp\/v2\/types\/page"}],"author":[{"embeddable":true,"href":"https:\/\/izharia.com\/en\/wp-json\/wp\/v2\/users\/1"}],"replies":[{"embeddable":true,"href":"https:\/\/izharia.com\/en\/wp-json\/wp\/v2\/comments?post=11161"}],"version-history":[{"count":25,"href":"https:\/\/izharia.com\/en\/wp-json\/wp\/v2\/pages\/11161\/revisions"}],"predecessor-version":[{"id":14830,"href":"https:\/\/izharia.com\/en\/wp-json\/wp\/v2\/pages\/11161\/revisions\/14830"}],"wp:attachment":[{"href":"https:\/\/izharia.com\/en\/wp-json\/wp\/v2\/media?parent=11161"}],"curies":[{"name":"wp","href":"https:\/\/api.w.org\/{rel}","templated":true}]}}