{"id":11170,"date":"2024-04-24T20:24:09","date_gmt":"2024-04-24T18:24:09","guid":{"rendered":"https:\/\/izharia.com\/?page_id=11170"},"modified":"2024-04-26T18:40:27","modified_gmt":"2024-04-26T16:40:27","slug":"enric-font","status":"publish","type":"page","link":"https:\/\/izharia.com\/en\/enric-font\/","title":{"rendered":"Enric Font"},"content":{"rendered":"<div data-elementor-type=\"wp-page\" data-elementor-id=\"11170\" class=\"elementor elementor-11170\">\n\t\t\t\t\t\t<section class=\"elementor-section elementor-top-section elementor-element elementor-element-e5ee8d4 elementor-section-full_width elementor-reverse-mobile elementor-section-height-default elementor-section-height-default qodef-elementor-content-no qodef-elementor-column-no\" data-id=\"e5ee8d4\" data-element_type=\"section\" data-e-type=\"section\">\n\t\t\t\t\t\t<div class=\"elementor-container elementor-column-gap-default\">\n\t\t\t\t\t<div class=\"elementor-column elementor-col-50 elementor-top-column elementor-element elementor-element-fa70e4f\" data-id=\"fa70e4f\" data-element_type=\"column\" data-e-type=\"column\">\n\t\t\t<div class=\"elementor-widget-wrap elementor-element-populated\">\n\t\t\t\t\t\t<div class=\"elementor-element elementor-element-9f16d80 elementor-widget elementor-widget-hiroshi_core_section_title\" data-id=\"9f16d80\" data-element_type=\"widget\" data-e-type=\"widget\" data-widget_type=\"hiroshi_core_section_title.default\">\n\t\t\t\t<div class=\"elementor-widget-container\">\n\t\t\t\t\t<div class=\"qodef-shortcode qodef-m  qodef-section-title qodef-alignment--left qodef-title-break--disabled\">\n\t\t<h1 class=\"qodef-m-title\" >\n\t\t\t\t\tEnric Font\t\t\t<\/h1>\n\t<\/div>\n\t\t\t\t<\/div>\n\t\t\t\t<\/div>\n\t\t\t\t<div class=\"elementor-element elementor-element-ce31aae elementor-widget elementor-widget-text-editor\" data-id=\"ce31aae\" data-element_type=\"widget\" data-e-type=\"widget\" data-widget_type=\"text-editor.default\">\n\t\t\t\t<div class=\"elementor-widget-container\">\n\t\t\t\t\t\t\t\t\t<p><strong>FOUNDER OF META ENGINEERING \/ CHAIRMAN OF IZHARIA<\/strong><\/p>\t\t\t\t\t\t\t\t<\/div>\n\t\t\t\t<\/div>\n\t\t\t\t<div class=\"elementor-element elementor-element-925152f elementor-widget elementor-widget-text-editor\" data-id=\"925152f\" data-element_type=\"widget\" data-e-type=\"widget\" data-widget_type=\"text-editor.default\">\n\t\t\t\t<div class=\"elementor-widget-container\">\n\t\t\t\t\t\t\t\t\t<p>Enric Font, visionary and entrepreneur, is the founder and director of Meta Engineering, a pioneering company in the field of engineering applied to innovative technological solutions.<\/p><p>With a strong engineering background and a passion for cutting-edge technology, Enric has led Meta Engineering to success through his strategic vision and commitment to excellence. His focus on research, creativity and new technologies has enabled Meta Engineering to excel in a competitive and constantly evolving market. In addition to his entrepreneurial work, Enric is recognised for his ability to inspire and motivate his team, as well as his dedication to making a positive impact on industry and the community.<\/p><p class=\"translation-block\">Enric Font has expanded his influence in the sector by participating in IZHARIA, a leading renewable energy and sustainable solutions company. His previous experience in the field of engineering applied to technological innovation gives him a solid foundation to address the challenges and opportunities in the field of clean energy.<\/p>\t\t\t\t\t\t\t\t<\/div>\n\t\t\t\t<\/div>\n\t\t\t\t<section class=\"elementor-section elementor-inner-section elementor-element elementor-element-7cb0192 elementor-section-full_width elementor-section-height-default elementor-section-height-default qodef-elementor-content-no qodef-elementor-column-no\" data-id=\"7cb0192\" data-element_type=\"section\" data-e-type=\"section\">\n\t\t\t\t\t\t<div class=\"elementor-container elementor-column-gap-default\">\n\t\t\t\t\t<div class=\"elementor-column elementor-col-33 elementor-inner-column elementor-element elementor-element-1a256d6\" data-id=\"1a256d6\" data-element_type=\"column\" data-e-type=\"column\">\n\t\t\t<div class=\"elementor-widget-wrap elementor-element-populated\">\n\t\t\t\t\t\t<div class=\"elementor-element elementor-element-8b49594 elementor-widget elementor-widget-hiroshi_core_section_title\" data-id=\"8b49594\" data-element_type=\"widget\" data-e-type=\"widget\" data-widget_type=\"hiroshi_core_section_title.default\">\n\t\t\t\t<div class=\"elementor-widget-container\">\n\t\t\t\t\t<div class=\"qodef-shortcode qodef-m  qodef-section-title qodef-alignment--left\">\n\t\t<h6 class=\"qodef-m-title\" >\n\t\t\t\t\tEXPERIENCE\t\t\t<\/h6>\n\t<\/div>\n\t\t\t\t<\/div>\n\t\t\t\t<\/div>\n\t\t\t\t<div class=\"elementor-element elementor-element-0d6379e elementor-widget elementor-widget-text-editor\" data-id=\"0d6379e\" data-element_type=\"widget\" data-e-type=\"widget\" data-widget_type=\"text-editor.default\">\n\t\t\t\t<div class=\"elementor-widget-container\">\n\t\t\t\t\t\t\t\t\t<ul><li>+25 years of experience in management positions in the sector.<\/li><\/ul>\t\t\t\t\t\t\t\t<\/div>\n\t\t\t\t<\/div>\n\t\t\t\t\t<\/div>\n\t\t<\/div>\n\t\t\t\t<div class=\"elementor-column elementor-col-33 elementor-inner-column elementor-element elementor-element-a088776\" data-id=\"a088776\" data-element_type=\"column\" data-e-type=\"column\">\n\t\t\t<div class=\"elementor-widget-wrap elementor-element-populated\">\n\t\t\t\t\t\t<div class=\"elementor-element elementor-element-4c0c680 elementor-widget elementor-widget-hiroshi_core_section_title\" data-id=\"4c0c680\" data-element_type=\"widget\" data-e-type=\"widget\" data-widget_type=\"hiroshi_core_section_title.default\">\n\t\t\t\t<div class=\"elementor-widget-container\">\n\t\t\t\t\t<div class=\"qodef-shortcode qodef-m  qodef-section-title qodef-alignment--left\">\n\t\t<h6 class=\"qodef-m-title\" >\n\t\t\t\t\tTRAINING\t\t\t<\/h6>\n\t<\/div>\n\t\t\t\t<\/div>\n\t\t\t\t<\/div>\n\t\t\t\t<div class=\"elementor-element elementor-element-6081b4a qodef--underline elementor-widget elementor-widget-text-editor\" data-id=\"6081b4a\" data-element_type=\"widget\" data-e-type=\"widget\" data-widget_type=\"text-editor.default\">\n\t\t\t\t<div class=\"elementor-widget-container\">\n\t\t\t\t\t\t\t\t\t<ul><li>Civil Engineer from the Polytechnic University of Catalonia and MBA from ESADE.<\/li><\/ul>\t\t\t\t\t\t\t\t<\/div>\n\t\t\t\t<\/div>\n\t\t\t\t\t<\/div>\n\t\t<\/div>\n\t\t\t\t<div class=\"elementor-column elementor-col-33 elementor-inner-column elementor-element elementor-element-148f1dc\" data-id=\"148f1dc\" data-element_type=\"column\" data-e-type=\"column\">\n\t\t\t<div class=\"elementor-widget-wrap elementor-element-populated\">\n\t\t\t\t\t\t<div class=\"elementor-element elementor-element-87085cb elementor-widget elementor-widget-hiroshi_core_section_title\" data-id=\"87085cb\" data-element_type=\"widget\" data-e-type=\"widget\" data-widget_type=\"hiroshi_core_section_title.default\">\n\t\t\t\t<div class=\"elementor-widget-container\">\n\t\t\t\t\t<div class=\"qodef-shortcode qodef-m  qodef-section-title qodef-alignment--left\">\n\t\t<h6 class=\"qodef-m-title\" >\n\t\t\t\t\tCONTACT\t\t\t<\/h6>\n\t<\/div>\n\t\t\t\t<\/div>\n\t\t\t\t<\/div>\n\t\t\t\t<div class=\"elementor-element elementor-element-b2be01e elementor-widget__width-auto elementor-widget elementor-widget-hiroshi_core_icon\" data-id=\"b2be01e\" data-element_type=\"widget\" data-e-type=\"widget\" data-widget_type=\"hiroshi_core_icon.default\">\n\t\t\t\t<div class=\"elementor-widget-container\">\n\t\t\t\t\t<span class=\"qodef-shortcode qodef-m  qodef-icon-holder qodef-size--default qodef-layout--normal\" data-hover-color=\"#787878\" >\n\t\t\t<a itemprop=\"url\" href=\"https:\/\/twitter.com\/qodeinteractive\" target=\"_blank\">\n\t\t\t\t\t\t<\/a>\n\t<\/span>\n\t\t\t\t<\/div>\n\t\t\t\t<\/div>\n\t\t\t\t<div class=\"elementor-element elementor-element-d063740 elementor-widget__width-auto elementor-widget elementor-widget-hiroshi_core_icon\" data-id=\"d063740\" data-element_type=\"widget\" data-e-type=\"widget\" data-widget_type=\"hiroshi_core_icon.default\">\n\t\t\t\t<div class=\"elementor-widget-container\">\n\t\t\t\t\t<span class=\"qodef-shortcode qodef-m  qodef-icon-holder qodef-size--default qodef-layout--normal\" data-hover-color=\"#787878\" >\n\t\t\t<a itemprop=\"url\" href=\"https:\/\/www.linkedin.com\/company\/qode-themes\/\" target=\"_blank\">\n\t\t\t<span class=\"qodef-icon-font-awesome fab fa-linkedin-in qodef-icon qodef-e\" style=\"font-size: 14px\" ><\/span>\t\t\t<\/a>\n\t<\/span>\n\t\t\t\t<\/div>\n\t\t\t\t<\/div>\n\t\t\t\t<div class=\"elementor-element elementor-element-e1c68ee elementor-widget__width-auto elementor-widget elementor-widget-hiroshi_core_icon\" data-id=\"e1c68ee\" data-element_type=\"widget\" data-e-type=\"widget\" data-widget_type=\"hiroshi_core_icon.default\">\n\t\t\t\t<div class=\"elementor-widget-container\">\n\t\t\t\t\t<span class=\"qodef-shortcode qodef-m  qodef-icon-holder qodef-size--default qodef-layout--normal\" data-hover-color=\"#787878\" >\n\t\t\t<a itemprop=\"url\" href=\"https:\/\/www.facebook.com\/QodeInteractive\/\" target=\"_blank\">\n\t\t\t\t\t\t<\/a>\n\t<\/span>\n\t\t\t\t<\/div>\n\t\t\t\t<\/div>\n\t\t\t\t\t<\/div>\n\t\t<\/div>\n\t\t\t\t\t<\/div>\n\t\t<\/section>\n\t\t\t\t\t<\/div>\n\t\t<\/div>\n\t\t\t\t<div class=\"elementor-column elementor-col-50 elementor-top-column elementor-element elementor-element-a3b9081\" data-id=\"a3b9081\" data-element_type=\"column\" data-e-type=\"column\">\n\t\t\t<div class=\"elementor-widget-wrap elementor-element-populated\">\n\t\t\t\t\t\t<div class=\"elementor-element elementor-element-64d4ce6 elementor-widget elementor-widget-hiroshi_core_single_image\" data-id=\"64d4ce6\" data-element_type=\"widget\" data-e-type=\"widget\" data-widget_type=\"hiroshi_core_single_image.default\">\n\t\t\t\t<div class=\"elementor-widget-container\">\n\t\t\t\t\t<div class=\"qodef-shortcode qodef-m  qodef-single-image qodef-layout--default\">\n\t\t\t<div class=\"qodef-m-image\">\n\t\t\t\t\t\t\t\t<img fetchpriority=\"high\" decoding=\"async\" width=\"800\" height=\"1311\" src=\"https:\/\/izharia.com\/wp-content\/uploads\/2024\/04\/img_vertical_-2-Enric-Font.jpg\" class=\"attachment-full size-full\" alt=\"\" srcset=\"https:\/\/izharia.com\/wp-content\/uploads\/2024\/04\/img_vertical_-2-Enric-Font.jpg 800w, https:\/\/izharia.com\/wp-content\/uploads\/2024\/04\/img_vertical_-2-Enric-Font-183x300.jpg 183w, https:\/\/izharia.com\/wp-content\/uploads\/2024\/04\/img_vertical_-2-Enric-Font-625x1024.jpg 625w, https:\/\/izharia.com\/wp-content\/uploads\/2024\/04\/img_vertical_-2-Enric-Font-768x1259.jpg 768w\" sizes=\"(max-width: 800px) 100vw, 800px\" \/>\t\t\t\t\t\t\t<\/div>\n\t<\/div>\n\t\t\t\t<\/div>\n\t\t\t\t<\/div>\n\t\t\t\t\t<\/div>\n\t\t<\/div>\n\t\t\t\t\t<\/div>\n\t\t<\/section>\n\t\t\t\t<\/div>","protected":false},"excerpt":{"rendered":"<p>Enric Font FUNDADOR DE META ENGINEERING \/ PRESIDENTE DE IZHARIA Enric Font, visionario y emprendedor, es el fundador y director de Meta Engineering, una empresa pionera en el campo de la ingenier\u00eda aplicada a soluciones tecnol\u00f3gicas innovadoras. Con una s\u00f3lida formaci\u00f3n en ingenier\u00eda y una pasi\u00f3n por la vanguardia tecnol\u00f3gica, Enric ha liderado a Meta [&hellip;]<\/p>\n","protected":false},"author":1,"featured_media":0,"parent":0,"menu_order":0,"comment_status":"closed","ping_status":"closed","template":"page-full-width.php","meta":{"footnotes":""},"class_list":["post-11170","page","type-page","status-publish","hentry"],"_links":{"self":[{"href":"https:\/\/izharia.com\/en\/wp-json\/wp\/v2\/pages\/11170","targetHints":{"allow":["GET"]}}],"collection":[{"href":"https:\/\/izharia.com\/en\/wp-json\/wp\/v2\/pages"}],"about":[{"href":"https:\/\/izharia.com\/en\/wp-json\/wp\/v2\/types\/page"}],"author":[{"embeddable":true,"href":"https:\/\/izharia.com\/en\/wp-json\/wp\/v2\/users\/1"}],"replies":[{"embeddable":true,"href":"https:\/\/izharia.com\/en\/wp-json\/wp\/v2\/comments?post=11170"}],"version-history":[{"count":10,"href":"https:\/\/izharia.com\/en\/wp-json\/wp\/v2\/pages\/11170\/revisions"}],"predecessor-version":[{"id":11581,"href":"https:\/\/izharia.com\/en\/wp-json\/wp\/v2\/pages\/11170\/revisions\/11581"}],"wp:attachment":[{"href":"https:\/\/izharia.com\/en\/wp-json\/wp\/v2\/media?parent=11170"}],"curies":[{"name":"wp","href":"https:\/\/api.w.org\/{rel}","templated":true}]}}