{"id":12370,"date":"2024-05-02T17:20:08","date_gmt":"2024-05-02T15:20:08","guid":{"rendered":"https:\/\/izharia.com\/?page_id=12370"},"modified":"2026-02-05T12:41:09","modified_gmt":"2026-02-05T11:41:09","slug":"organigrama","status":"publish","type":"page","link":"https:\/\/izharia.com\/en\/organigrama\/","title":{"rendered":"Organigrama"},"content":{"rendered":"<div data-elementor-type=\"wp-page\" data-elementor-id=\"12370\" class=\"elementor elementor-12370\">\n\t\t\t\t\t\t<section class=\"elementor-section elementor-top-section elementor-element elementor-element-e5ee8d4 elementor-section-full_width elementor-reverse-mobile elementor-section-height-default elementor-section-height-default qodef-elementor-content-no qodef-elementor-column-no\" data-id=\"e5ee8d4\" data-element_type=\"section\" data-e-type=\"section\">\n\t\t\t\t\t\t<div class=\"elementor-container elementor-column-gap-default\">\n\t\t\t\t\t<div class=\"elementor-column elementor-col-50 elementor-top-column elementor-element elementor-element-fa70e4f\" data-id=\"fa70e4f\" data-element_type=\"column\" data-e-type=\"column\">\n\t\t\t<div class=\"elementor-widget-wrap elementor-element-populated\">\n\t\t\t\t\t\t<div class=\"elementor-element elementor-element-ce31aae elementor-widget elementor-widget-text-editor\" data-id=\"ce31aae\" data-element_type=\"widget\" data-e-type=\"widget\" data-widget_type=\"text-editor.default\">\n\t\t\t\t<div class=\"elementor-widget-container\">\n\t\t\t\t\t\t\t\t\t<h6>EMPRESA<\/h6>\t\t\t\t\t\t\t\t<\/div>\n\t\t\t\t<\/div>\n\t\t\t\t<div class=\"elementor-element elementor-element-9f16d80 elementor-widget elementor-widget-hiroshi_core_section_title\" data-id=\"9f16d80\" data-element_type=\"widget\" data-e-type=\"widget\" data-widget_type=\"hiroshi_core_section_title.default\">\n\t\t\t\t<div class=\"elementor-widget-container\">\n\t\t\t\t\t<div class=\"qodef-shortcode qodef-m  qodef-section-title qodef-alignment--left qodef-title-break--disabled\">\n\t\t<h3 class=\"qodef-m-title\" >\n\t\t\t\t\tOrganigrama Quadrante Izharia\t\t\t<\/h3>\n\t<\/div>\n\t\t\t\t<\/div>\n\t\t\t\t<\/div>\n\t\t\t\t<div class=\"elementor-element elementor-element-925152f elementor-widget elementor-widget-text-editor\" data-id=\"925152f\" data-element_type=\"widget\" data-e-type=\"widget\" data-widget_type=\"text-editor.default\">\n\t\t\t\t<div class=\"elementor-widget-container\">\n\t\t\t\t\t\t\t\t\t<p>En Quadrante ES + LATAM, nuestra estructura organizativa refleja nuestro compromiso con la eficiencia operativa, la comunicaci\u00f3n fluida y la excelencia en la ejecuci\u00f3n de proyectos. Nuestro organigrama est\u00e1 dise\u00f1ado para optimizar nuestros recursos y potenciar el talento de nuestro equipo en todas las \u00e1reas de la empresa.<\/p><p>\u00a0<\/p><p><span style=\"text-decoration: underline; color: #3366ff;\"><a style=\"color: #3366ff; text-decoration: underline;\" href=\"https:\/\/izharia.com\/wp-content\/uploads\/2026\/02\/202510-Estructura-Organizacional_BUs-Meta_v.larga_.pdf\">DESCARGAR ORGANIGRAMA ES + LATAM<\/a><\/span><\/p>\t\t\t\t\t\t\t\t<\/div>\n\t\t\t\t<\/div>\n\t\t<div class=\"elementor-element elementor-element-3a74435 onlydesktop e-flex e-con-boxed e-con e-parent\" data-id=\"3a74435\" data-element_type=\"container\" data-e-type=\"container\">\n\t\t\t\t\t<div class=\"e-con-inner\">\n\t\t\t\t<div class=\"elementor-element elementor-element-d6c0de2 elementor-widget elementor-widget-image\" data-id=\"d6c0de2\" data-element_type=\"widget\" data-e-type=\"widget\" data-widget_type=\"image.default\">\n\t\t\t\t<div class=\"elementor-widget-container\">\n\t\t\t\t\t\t\t\t\t\t\t\t\t\t\t<img decoding=\"async\" src=\"https:\/\/izharia.com\/wp-content\/uploads\/2026\/02\/202510-Estructura-Organizacional_BUs-Meta_v.larga_.pdf\" title=\"\" alt=\"\" loading=\"lazy\" \/>\t\t\t\t\t\t\t\t\t\t\t\t\t\t\t<\/div>\n\t\t\t\t<\/div>\n\t\t\t\t<div class=\"elementor-element elementor-element-bd18d68 elementor-widget elementor-widget-spacer\" data-id=\"bd18d68\" data-element_type=\"widget\" data-e-type=\"widget\" data-widget_type=\"spacer.default\">\n\t\t\t\t<div class=\"elementor-widget-container\">\n\t\t\t\t\t\t\t<div class=\"elementor-spacer\">\n\t\t\t<div class=\"elementor-spacer-inner\"><\/div>\n\t\t<\/div>\n\t\t\t\t\t\t<\/div>\n\t\t\t\t<\/div>\n\t\t\t\t\t<\/div>\n\t\t\t\t<\/div>\n\t\t<div class=\"elementor-element elementor-element-df5ce1f onlymobile e-flex e-con-boxed e-con e-parent\" data-id=\"df5ce1f\" data-element_type=\"container\" data-e-type=\"container\">\n\t\t\t\t\t<div class=\"e-con-inner\">\n\t\t\t\t<div class=\"elementor-element elementor-element-c461598 elementor-widget elementor-widget-image\" data-id=\"c461598\" data-element_type=\"widget\" data-e-type=\"widget\" data-widget_type=\"image.default\">\n\t\t\t\t<div class=\"elementor-widget-container\">\n\t\t\t\t\t\t\t\t\t\t\t\t\t\t\t<img fetchpriority=\"high\" decoding=\"async\" width=\"721\" height=\"1024\" src=\"https:\/\/izharia.com\/wp-content\/uploads\/2024\/06\/Organigrama-Esp_version_movil-02-721x1024.jpg\" class=\"attachment-large size-large wp-image-14408\" alt=\"\" srcset=\"https:\/\/izharia.com\/wp-content\/uploads\/2024\/06\/Organigrama-Esp_version_movil-02-721x1024.jpg 721w, https:\/\/izharia.com\/wp-content\/uploads\/2024\/06\/Organigrama-Esp_version_movil-02-211x300.jpg 211w, https:\/\/izharia.com\/wp-content\/uploads\/2024\/06\/Organigrama-Esp_version_movil-02-768x1091.jpg 768w, https:\/\/izharia.com\/wp-content\/uploads\/2024\/06\/Organigrama-Esp_version_movil-02-1081x1536.jpg 1081w, https:\/\/izharia.com\/wp-content\/uploads\/2024\/06\/Organigrama-Esp_version_movil-02.jpg 1085w\" sizes=\"(max-width: 721px) 100vw, 721px\" \/>\t\t\t\t\t\t\t\t\t\t\t\t\t\t\t<\/div>\n\t\t\t\t<\/div>\n\t\t\t\t<div class=\"elementor-element elementor-element-624950f elementor-widget elementor-widget-spacer\" data-id=\"624950f\" data-element_type=\"widget\" data-e-type=\"widget\" data-widget_type=\"spacer.default\">\n\t\t\t\t<div class=\"elementor-widget-container\">\n\t\t\t\t\t\t\t<div class=\"elementor-spacer\">\n\t\t\t<div class=\"elementor-spacer-inner\"><\/div>\n\t\t<\/div>\n\t\t\t\t\t\t<\/div>\n\t\t\t\t<\/div>\n\t\t\t\t\t<\/div>\n\t\t\t\t<\/div>\n\t\t\t\t\t<\/div>\n\t\t<\/div>\n\t\t\t\t<div class=\"elementor-column elementor-col-50 elementor-top-column elementor-element elementor-element-a3b9081\" data-id=\"a3b9081\" data-element_type=\"column\" data-e-type=\"column\">\n\t\t\t<div class=\"elementor-widget-wrap elementor-element-populated\">\n\t\t\t\t\t\t<div class=\"elementor-element elementor-element-64d4ce6 elementor-widget__width-initial elementor-widget elementor-widget-hiroshi_core_single_image\" data-id=\"64d4ce6\" data-element_type=\"widget\" data-e-type=\"widget\" data-widget_type=\"hiroshi_core_single_image.default\">\n\t\t\t\t<div class=\"elementor-widget-container\">\n\t\t\t\t\t<div class=\"qodef-shortcode qodef-m  qodef-single-image qodef-layout--default\">\n\t\t\t<div class=\"qodef-m-image\">\n\t\t\t\t\t\t\t\t<img decoding=\"async\" width=\"1183\" height=\"1061\" src=\"https:\/\/izharia.com\/wp-content\/uploads\/2026\/02\/QDE_symbol_blue.png\" class=\"attachment-full size-full\" alt=\"\" srcset=\"https:\/\/izharia.com\/wp-content\/uploads\/2026\/02\/QDE_symbol_blue.png 1183w, https:\/\/izharia.com\/wp-content\/uploads\/2026\/02\/QDE_symbol_blue-300x269.png 300w, https:\/\/izharia.com\/wp-content\/uploads\/2026\/02\/QDE_symbol_blue-1024x918.png 1024w, https:\/\/izharia.com\/wp-content\/uploads\/2026\/02\/QDE_symbol_blue-768x689.png 768w, https:\/\/izharia.com\/wp-content\/uploads\/2026\/02\/QDE_symbol_blue-13x12.png 13w\" sizes=\"(max-width: 1183px) 100vw, 1183px\" \/>\t\t\t\t\t\t\t<\/div>\n\t<\/div>\n\t\t\t\t<\/div>\n\t\t\t\t<\/div>\n\t\t\t\t\t<\/div>\n\t\t<\/div>\n\t\t\t\t\t<\/div>\n\t\t<\/section>\n\t\t\t\t<\/div>","protected":false},"excerpt":{"rendered":"<p>EMPRESA Organigrama Quadrante Izharia En Quadrante ES + LATAM, nuestra estructura organizativa refleja nuestro compromiso con la eficiencia operativa, la comunicaci\u00f3n fluida y la excelencia en la ejecuci\u00f3n de proyectos. Nuestro organigrama est\u00e1 dise\u00f1ado para optimizar nuestros recursos y potenciar el talento de nuestro equipo en todas las \u00e1reas de la empresa. \u00a0 DESCARGAR ORGANIGRAMA [&hellip;]<\/p>\n","protected":false},"author":1,"featured_media":0,"parent":0,"menu_order":0,"comment_status":"closed","ping_status":"closed","template":"page-full-width.php","meta":{"footnotes":""},"class_list":["post-12370","page","type-page","status-publish","hentry"],"_links":{"self":[{"href":"https:\/\/izharia.com\/en\/wp-json\/wp\/v2\/pages\/12370","targetHints":{"allow":["GET"]}}],"collection":[{"href":"https:\/\/izharia.com\/en\/wp-json\/wp\/v2\/pages"}],"about":[{"href":"https:\/\/izharia.com\/en\/wp-json\/wp\/v2\/types\/page"}],"author":[{"embeddable":true,"href":"https:\/\/izharia.com\/en\/wp-json\/wp\/v2\/users\/1"}],"replies":[{"embeddable":true,"href":"https:\/\/izharia.com\/en\/wp-json\/wp\/v2\/comments?post=12370"}],"version-history":[{"count":61,"href":"https:\/\/izharia.com\/en\/wp-json\/wp\/v2\/pages\/12370\/revisions"}],"predecessor-version":[{"id":14978,"href":"https:\/\/izharia.com\/en\/wp-json\/wp\/v2\/pages\/12370\/revisions\/14978"}],"wp:attachment":[{"href":"https:\/\/izharia.com\/en\/wp-json\/wp\/v2\/media?parent=12370"}],"curies":[{"name":"wp","href":"https:\/\/api.w.org\/{rel}","templated":true}]}}