{"id":14716,"date":"2025-11-11T10:54:36","date_gmt":"2025-11-11T09:54:36","guid":{"rendered":"https:\/\/izharia.com\/?page_id=14716"},"modified":"2025-11-11T10:56:57","modified_gmt":"2025-11-11T09:56:57","slug":"compliance","status":"publish","type":"page","link":"https:\/\/izharia.com\/en\/compliance\/","title":{"rendered":"Compliance"},"content":{"rendered":"<div data-elementor-type=\"wp-page\" data-elementor-id=\"14716\" class=\"elementor elementor-14716\">\n\t\t\t\t<div class=\"elementor-element elementor-element-22ff3555 e-flex e-con-boxed e-con e-parent\" data-id=\"22ff3555\" data-element_type=\"container\" data-e-type=\"container\">\n\t\t\t\t\t<div class=\"e-con-inner\">\n\t\t\t\t<div class=\"elementor-element elementor-element-56d57040 elementor-widget elementor-widget-text-editor\" data-id=\"56d57040\" data-element_type=\"widget\" data-e-type=\"widget\" data-widget_type=\"text-editor.default\">\n\t\t\t\t<div class=\"elementor-widget-container\">\n\t\t\t\t\t\t\t\t\t<div class=\"elementToProof\"><i>IZHARIA dispone\u00a0de un <\/i><b><i>Modelo de Prevenci\u00f3n de Delitos (Compliance Penal) en la entidad<\/i><\/b><i>\u00a0que se ajusta a las exigencias\u00a0legales en materia de responsabilidad penal corporativa, cuyo objetivo es prevenir que su estructura jur\u00eddica sea utilizada para la comisi\u00f3n de hechos delictivos y crear una adecuada cultura de cumplimiento. En el marco del Modelo de Prevenci\u00f3n de Delitos se han desarrollado controles transversales, entre los que se encuentra el Sistema Interno de informaci\u00f3n, al que se puede acceder a trav\u00e9s del siguiente enlace:\u00a0<\/i><\/div>\n<div>\u00a0<\/div>\n<div class=\"elementToProof\"><a id=\"OWAb7dd451d-7ba3-9086-f432-de87fbdb006d\" class=\"OWAAutoLink\" title=\"https:\/\/centinela.lefebvre.es\/public\/concept\/1214926?access=I5FI46prN%2BmyItF750GvaRHPSJMwYGDPtOGPAmSmIiU%3D\" href=\"https:\/\/centinela.lefebvre.es\/public\/concept\/1214926?access=I5FI46prN%2BmyItF750GvaRHPSJMwYGDPtOGPAmSmIiU%3D\" data-outlook-id=\"2f7170da-dfc2-4c45-b8c0-2633cb509c67\">Leefebvre-Centinela<\/a><\/div>\n<p><br style=\"font-weight: 400;\" \/><br style=\"font-weight: 400;\" \/><\/p>\n<p><!-- \/wp:paragraph --><\/p>\t\t\t\t\t\t\t\t<\/div>\n\t\t\t\t<\/div>\n\t\t\t\t\t<\/div>\n\t\t\t\t<\/div>\n\t\t\t\t<\/div>","protected":false},"excerpt":{"rendered":"<p>IZHARIA dispone\u00a0de un Modelo de Prevenci\u00f3n de Delitos (Compliance Penal) en la entidad\u00a0que se ajusta a las exigencias\u00a0legales en materia de responsabilidad penal corporativa, cuyo objetivo es prevenir que su estructura jur\u00eddica sea utilizada para la comisi\u00f3n de hechos delictivos y crear una adecuada cultura de cumplimiento. En el marco del Modelo de Prevenci\u00f3n de [&hellip;]<\/p>\n","protected":false},"author":1,"featured_media":0,"parent":0,"menu_order":0,"comment_status":"closed","ping_status":"closed","template":"","meta":{"footnotes":""},"class_list":["post-14716","page","type-page","status-publish","hentry"],"_links":{"self":[{"href":"https:\/\/izharia.com\/en\/wp-json\/wp\/v2\/pages\/14716","targetHints":{"allow":["GET"]}}],"collection":[{"href":"https:\/\/izharia.com\/en\/wp-json\/wp\/v2\/pages"}],"about":[{"href":"https:\/\/izharia.com\/en\/wp-json\/wp\/v2\/types\/page"}],"author":[{"embeddable":true,"href":"https:\/\/izharia.com\/en\/wp-json\/wp\/v2\/users\/1"}],"replies":[{"embeddable":true,"href":"https:\/\/izharia.com\/en\/wp-json\/wp\/v2\/comments?post=14716"}],"version-history":[{"count":5,"href":"https:\/\/izharia.com\/en\/wp-json\/wp\/v2\/pages\/14716\/revisions"}],"predecessor-version":[{"id":14944,"href":"https:\/\/izharia.com\/en\/wp-json\/wp\/v2\/pages\/14716\/revisions\/14944"}],"wp:attachment":[{"href":"https:\/\/izharia.com\/en\/wp-json\/wp\/v2\/media?parent=14716"}],"curies":[{"name":"wp","href":"https:\/\/api.w.org\/{rel}","templated":true}]}}