{"id":2762,"date":"2022-12-14T21:34:43","date_gmt":"2022-12-14T21:34:43","guid":{"rendered":"https:\/\/hiroshi.qodeinteractive.com\/?page_id=2762"},"modified":"2024-04-03T17:19:48","modified_gmt":"2024-04-03T15:19:48","slug":"actualidad","status":"publish","type":"page","link":"https:\/\/izharia.com\/en\/actualidad\/","title":{"rendered":"NEWS"},"content":{"rendered":"<div data-elementor-type=\"wp-page\" data-elementor-id=\"2762\" class=\"elementor elementor-2762\">\n\t\t\t\t\t\t<section class=\"elementor-section elementor-top-section elementor-element elementor-element-326d4c8 elementor-section-boxed elementor-section-height-default elementor-section-height-default qodef-elementor-content-no qodef-elementor-column-no\" data-id=\"326d4c8\" data-element_type=\"section\" data-e-type=\"section\">\n\t\t\t\t\t\t<div class=\"elementor-container elementor-column-gap-default\">\n\t\t\t\t\t<div class=\"elementor-column elementor-col-100 elementor-top-column elementor-element elementor-element-8028420\" data-id=\"8028420\" data-element_type=\"column\" data-e-type=\"column\">\n\t\t\t<div class=\"elementor-widget-wrap elementor-element-populated\">\n\t\t\t\t\t\t<div class=\"elementor-element elementor-element-b34a5e6 elementor-widget elementor-widget-hiroshi_core_blog_list\" data-id=\"b34a5e6\" data-element_type=\"widget\" data-e-type=\"widget\" data-widget_type=\"hiroshi_core_blog_list.default\">\n\t\t\t\t<div class=\"elementor-widget-container\">\n\t\t\t\t\t<div class=\"qodef-shortcode qodef-m  qodef-blog qodef--list qodef-item-layout--standard qodef-bottom-border--enabled qodef-grid qodef-layout--columns  qodef-gutter--huge qodef-col-num--1 qodef-item-layout--standard qodef-pagination--on qodef-pagination-type--standard qodef-responsive--predefined\" data-options=\"{&quot;plugin&quot;:&quot;hiroshi_core&quot;,&quot;module&quot;:&quot;blog\\\/shortcodes&quot;,&quot;shortcode&quot;:&quot;blog-list&quot;,&quot;post_type&quot;:&quot;post&quot;,&quot;next_page&quot;:&quot;2&quot;,&quot;max_pages_num&quot;:4,&quot;behavior&quot;:&quot;columns&quot;,&quot;images_proportion&quot;:&quot;full&quot;,&quot;columns&quot;:&quot;1&quot;,&quot;columns_responsive&quot;:&quot;predefined&quot;,&quot;space&quot;:&quot;huge&quot;,&quot;posts_per_page&quot;:&quot;6&quot;,&quot;orderby&quot;:&quot;date&quot;,&quot;order&quot;:&quot;DESC&quot;,&quot;layout&quot;:&quot;standard&quot;,&quot;title_tag&quot;:&quot;h2&quot;,&quot;toggle_read_more&quot;:&quot;no&quot;,&quot;toggle_excerpt&quot;:&quot;no&quot;,&quot;toggle_tags&quot;:&quot;no&quot;,&quot;toggle_date&quot;:&quot;yes&quot;,&quot;toggle_border&quot;:&quot;yes&quot;,&quot;enable_vertical_info&quot;:&quot;no&quot;,&quot;pagination_type&quot;:&quot;standard&quot;,&quot;object_class_name&quot;:&quot;HiroshiCore_Blog_List_Shortcode&quot;,&quot;taxonomy_filter&quot;:&quot;category&quot;,&quot;space_value&quot;:37}\">\n\t\t<div class=\"qodef-grid-inner clear\">\n\t\t<article class=\"qodef-e qodef-blog-item qodef-grid-item qodef-item--full post-14979 post type-post status-publish format-standard has-post-thumbnail hentry category-entrevistas\">\n\t<div class=\"qodef-e-inner\">\n\t\t<div class=\"qodef-e-media\">\n\t\t<div class=\"qodef-e-media-image\">\n\t\t<a itemprop=\"url\" href=\"https:\/\/izharia.com\/en\/2026\/02\/13\/diamundialdelaenergia\/\">\n\t\t\t<img fetchpriority=\"high\" decoding=\"async\" width=\"1344\" height=\"896\" src=\"https:\/\/izharia.com\/wp-content\/uploads\/2026\/02\/Isabel-Lopez.png\" class=\"attachment-full size-full wp-post-image\" alt=\"\" srcset=\"https:\/\/izharia.com\/wp-content\/uploads\/2026\/02\/Isabel-Lopez.png 1344w, https:\/\/izharia.com\/wp-content\/uploads\/2026\/02\/Isabel-Lopez-300x200.png 300w, https:\/\/izharia.com\/wp-content\/uploads\/2026\/02\/Isabel-Lopez-1024x683.png 1024w, https:\/\/izharia.com\/wp-content\/uploads\/2026\/02\/Isabel-Lopez-768x512.png 768w, https:\/\/izharia.com\/wp-content\/uploads\/2026\/02\/Isabel-Lopez-18x12.png 18w\" sizes=\"(max-width: 1344px) 100vw, 1344px\" \/>\t\t<\/a>\n\t<\/div>\n<\/div>\n\t\t<div class=\"qodef-e-content\">\n\t\t\t<div class=\"qodef-e-text\">\n\t\t\t\t<h2 itemprop=\"name\" class=\"qodef-e-title entry-title\" >\n\t<a itemprop=\"url\" class=\"qodef-e-title-link\" href=\"https:\/\/izharia.com\/en\/2026\/02\/13\/diamundialdelaenergia\/\">\n\t\tD\u00eda Mundial de la Energ\u00eda: Isabel L\u00f3pez Ferrer HBS de Energ\u00eda del Grupo Quadrante.\t<\/a>\n<\/h2>\n\t\t\t<\/div>\n\t\t\t<div class=\"qodef-e-bottom-holder\">\n\t\t\t\t<div class=\"qodef-e-left qodef-e-info\">\n\t\t\t\t\t<a href=\"https:\/\/izharia.com\/en\/category\/entrevistas\/\" rel=\"tag\">Entrevistas<\/a><div class=\"qodef-info-separator-end\"><\/div><a itemprop=\"dateCreated\" href=\"https:\/\/izharia.com\/en\/2026\/02\/\" class=\"entry-date\">\n\t13 de February de 2026<\/a><div class=\"qodef-info-separator-end\"><\/div>\n\t\t\t\t<\/div>\n\t\t\t\t\t\t\t<\/div>\n\t\t<\/div>\n\t<\/div>\n<\/article>\n<article class=\"qodef-e qodef-blog-item qodef-grid-item qodef-item--full post-14853 post type-post status-publish format-standard has-post-thumbnail hentry category-izharia-proyectos-internacionales\">\n\t<div class=\"qodef-e-inner\">\n\t\t<div class=\"qodef-e-media\">\n\t\t<div class=\"qodef-e-media-image\">\n\t\t<a itemprop=\"url\" href=\"https:\/\/izharia.com\/en\/2025\/05\/27\/ingenieria-de-detalle-para-la-planta-fotovoltaica-la-victoria-panama\/\">\n\t\t\t<img decoding=\"async\" width=\"1080\" height=\"1350\" src=\"https:\/\/izharia.com\/wp-content\/uploads\/2025\/05\/23.jpg\" class=\"attachment-full size-full wp-post-image\" alt=\"\" srcset=\"https:\/\/izharia.com\/wp-content\/uploads\/2025\/05\/23.jpg 1080w, https:\/\/izharia.com\/wp-content\/uploads\/2025\/05\/23-240x300.jpg 240w, https:\/\/izharia.com\/wp-content\/uploads\/2025\/05\/23-819x1024.jpg 819w, https:\/\/izharia.com\/wp-content\/uploads\/2025\/05\/23-768x960.jpg 768w, https:\/\/izharia.com\/wp-content\/uploads\/2025\/05\/23-10x12.jpg 10w\" sizes=\"(max-width: 1080px) 100vw, 1080px\" \/>\t\t<\/a>\n\t<\/div>\n<\/div>\n\t\t<div class=\"qodef-e-content\">\n\t\t\t<div class=\"qodef-e-text\">\n\t\t\t\t<h2 itemprop=\"name\" class=\"qodef-e-title entry-title\" >\n\t<a itemprop=\"url\" class=\"qodef-e-title-link\" href=\"https:\/\/izharia.com\/en\/2025\/05\/27\/ingenieria-de-detalle-para-la-planta-fotovoltaica-la-victoria-panama\/\">\n\t\tIngenier\u00eda de detalle para la Planta Fotovoltaica La Victoria, Panam\u00e1\t<\/a>\n<\/h2>\n\t\t\t<\/div>\n\t\t\t<div class=\"qodef-e-bottom-holder\">\n\t\t\t\t<div class=\"qodef-e-left qodef-e-info\">\n\t\t\t\t\t<a href=\"https:\/\/izharia.com\/en\/category\/izharia-proyectos-internacionales\/\" rel=\"tag\">IZHARIA Proyectos Internacionales<\/a><div class=\"qodef-info-separator-end\"><\/div><a itemprop=\"dateCreated\" href=\"https:\/\/izharia.com\/en\/2025\/05\/\" class=\"entry-date\">\n\t27 de May de 2025<\/a><div class=\"qodef-info-separator-end\"><\/div>\n\t\t\t\t<\/div>\n\t\t\t\t\t\t\t<\/div>\n\t\t<\/div>\n\t<\/div>\n<\/article>\n<article class=\"qodef-e qodef-blog-item qodef-grid-item qodef-item--full post-14845 post type-post status-publish format-standard has-post-thumbnail hentry category-izharia-proyectos-nacionales\">\n\t<div class=\"qodef-e-inner\">\n\t\t<div class=\"qodef-e-media\">\n\t\t<div class=\"qodef-e-media-image\">\n\t\t<a itemprop=\"url\" href=\"https:\/\/izharia.com\/en\/2025\/05\/21\/ingenieria-de-detalle-de-la-planta-fotovoltaica-subestacion-y-linea-electrica-del-proyecto-es-mercadal-en-menorca-islas-baleares\/\">\n\t\t\t<img decoding=\"async\" width=\"800\" height=\"1000\" src=\"https:\/\/izharia.com\/wp-content\/uploads\/2025\/05\/1747732275025.jpeg\" class=\"attachment-full size-full wp-post-image\" alt=\"\" srcset=\"https:\/\/izharia.com\/wp-content\/uploads\/2025\/05\/1747732275025.jpeg 800w, https:\/\/izharia.com\/wp-content\/uploads\/2025\/05\/1747732275025-240x300.jpeg 240w, https:\/\/izharia.com\/wp-content\/uploads\/2025\/05\/1747732275025-768x960.jpeg 768w, https:\/\/izharia.com\/wp-content\/uploads\/2025\/05\/1747732275025-10x12.jpeg 10w\" sizes=\"(max-width: 800px) 100vw, 800px\" \/>\t\t<\/a>\n\t<\/div>\n<\/div>\n\t\t<div class=\"qodef-e-content\">\n\t\t\t<div class=\"qodef-e-text\">\n\t\t\t\t<h2 itemprop=\"name\" class=\"qodef-e-title entry-title\" >\n\t<a itemprop=\"url\" class=\"qodef-e-title-link\" href=\"https:\/\/izharia.com\/en\/2025\/05\/21\/ingenieria-de-detalle-de-la-planta-fotovoltaica-subestacion-y-linea-electrica-del-proyecto-es-mercadal-en-menorca-islas-baleares\/\">\n\t\tIngenier\u00eda de Detalle de la Planta Fotovoltaica, Subestaci\u00f3n y L\u00ednea el\u00e9ctrica del proyecto Es Mercadal, en Menorca (Islas Baleares)\t<\/a>\n<\/h2>\n\t\t\t<\/div>\n\t\t\t<div class=\"qodef-e-bottom-holder\">\n\t\t\t\t<div class=\"qodef-e-left qodef-e-info\">\n\t\t\t\t\t<a href=\"https:\/\/izharia.com\/en\/category\/izharia-proyectos-nacionales\/\" rel=\"tag\">IZHARIA Proyectos nacionales<\/a><div class=\"qodef-info-separator-end\"><\/div><a itemprop=\"dateCreated\" href=\"https:\/\/izharia.com\/en\/2025\/05\/\" class=\"entry-date\">\n\t21 de May de 2025<\/a><div class=\"qodef-info-separator-end\"><\/div>\n\t\t\t\t<\/div>\n\t\t\t\t\t\t\t<\/div>\n\t\t<\/div>\n\t<\/div>\n<\/article>\n<article class=\"qodef-e qodef-blog-item qodef-grid-item qodef-item--full post-14837 post type-post status-publish format-standard has-post-thumbnail hentry category-izharia-proyectos-internacionales\">\n\t<div class=\"qodef-e-inner\">\n\t\t<div class=\"qodef-e-media\">\n\t\t<div class=\"qodef-e-media-image\">\n\t\t<a itemprop=\"url\" href=\"https:\/\/izharia.com\/en\/2025\/05\/11\/parque-solar-inti-ii-colombia\/\">\n\t\t\t<img loading=\"lazy\" decoding=\"async\" width=\"800\" height=\"1000\" src=\"https:\/\/izharia.com\/wp-content\/uploads\/2025\/05\/1745481577002.jpeg\" class=\"attachment-full size-full wp-post-image\" alt=\"\" srcset=\"https:\/\/izharia.com\/wp-content\/uploads\/2025\/05\/1745481577002.jpeg 800w, https:\/\/izharia.com\/wp-content\/uploads\/2025\/05\/1745481577002-240x300.jpeg 240w, https:\/\/izharia.com\/wp-content\/uploads\/2025\/05\/1745481577002-768x960.jpeg 768w, https:\/\/izharia.com\/wp-content\/uploads\/2025\/05\/1745481577002-10x12.jpeg 10w\" sizes=\"(max-width: 800px) 100vw, 800px\" \/>\t\t<\/a>\n\t<\/div>\n<\/div>\n\t\t<div class=\"qodef-e-content\">\n\t\t\t<div class=\"qodef-e-text\">\n\t\t\t\t<h2 itemprop=\"name\" class=\"qodef-e-title entry-title\" >\n\t<a itemprop=\"url\" class=\"qodef-e-title-link\" href=\"https:\/\/izharia.com\/en\/2025\/05\/11\/parque-solar-inti-ii-colombia\/\">\n\t\tParque Solar INTI II &#8211; Colombia\t<\/a>\n<\/h2>\n\t\t\t<\/div>\n\t\t\t<div class=\"qodef-e-bottom-holder\">\n\t\t\t\t<div class=\"qodef-e-left qodef-e-info\">\n\t\t\t\t\t<a href=\"https:\/\/izharia.com\/en\/category\/izharia-proyectos-internacionales\/\" rel=\"tag\">IZHARIA Proyectos Internacionales<\/a><div class=\"qodef-info-separator-end\"><\/div><a itemprop=\"dateCreated\" href=\"https:\/\/izharia.com\/en\/2025\/05\/\" class=\"entry-date\">\n\t11 de May de 2025<\/a><div class=\"qodef-info-separator-end\"><\/div>\n\t\t\t\t<\/div>\n\t\t\t\t\t\t\t<\/div>\n\t\t<\/div>\n\t<\/div>\n<\/article>\n<article class=\"qodef-e qodef-blog-item qodef-grid-item qodef-item--full post-14831 post type-post status-publish format-standard has-post-thumbnail hentry category-sin-categoria-es\">\n\t<div class=\"qodef-e-inner\">\n\t\t<div class=\"qodef-e-media\">\n\t\t<div class=\"qodef-e-media-image\">\n\t\t<a itemprop=\"url\" href=\"https:\/\/izharia.com\/en\/2025\/05\/05\/estaremos-presentes-en-intersolar-europe-munich-2025\/\">\n\t\t\t<img loading=\"lazy\" decoding=\"async\" width=\"800\" height=\"1000\" src=\"https:\/\/izharia.com\/wp-content\/uploads\/2025\/05\/1746520682045.jpeg\" class=\"attachment-full size-full wp-post-image\" alt=\"\" srcset=\"https:\/\/izharia.com\/wp-content\/uploads\/2025\/05\/1746520682045.jpeg 800w, https:\/\/izharia.com\/wp-content\/uploads\/2025\/05\/1746520682045-240x300.jpeg 240w, https:\/\/izharia.com\/wp-content\/uploads\/2025\/05\/1746520682045-768x960.jpeg 768w, https:\/\/izharia.com\/wp-content\/uploads\/2025\/05\/1746520682045-10x12.jpeg 10w\" sizes=\"(max-width: 800px) 100vw, 800px\" \/>\t\t<\/a>\n\t<\/div>\n<\/div>\n\t\t<div class=\"qodef-e-content\">\n\t\t\t<div class=\"qodef-e-text\">\n\t\t\t\t<h2 itemprop=\"name\" class=\"qodef-e-title entry-title\" >\n\t<a itemprop=\"url\" class=\"qodef-e-title-link\" href=\"https:\/\/izharia.com\/en\/2025\/05\/05\/estaremos-presentes-en-intersolar-europe-munich-2025\/\">\n\t\tEstaremos presentes en Intersolar Europe Munich 2025\t<\/a>\n<\/h2>\n\t\t\t<\/div>\n\t\t\t<div class=\"qodef-e-bottom-holder\">\n\t\t\t\t<div class=\"qodef-e-left qodef-e-info\">\n\t\t\t\t\t<a href=\"https:\/\/izharia.com\/en\/category\/sin-categoria-es\/\" rel=\"tag\">Sin categor\u00eda<\/a><div class=\"qodef-info-separator-end\"><\/div><a itemprop=\"dateCreated\" href=\"https:\/\/izharia.com\/en\/2025\/05\/\" class=\"entry-date\">\n\t5 de May de 2025<\/a><div class=\"qodef-info-separator-end\"><\/div>\n\t\t\t\t<\/div>\n\t\t\t\t\t\t\t<\/div>\n\t\t<\/div>\n\t<\/div>\n<\/article>\n<article class=\"qodef-e qodef-blog-item qodef-grid-item qodef-item--full post-14787 post type-post status-publish format-standard has-post-thumbnail hentry category-parques-fotovoltaicos\">\n\t<div class=\"qodef-e-inner\">\n\t\t<div class=\"qodef-e-media\">\n\t\t<div class=\"qodef-e-media-image\">\n\t\t<a itemprop=\"url\" href=\"https:\/\/izharia.com\/en\/2025\/01\/30\/cluster-marisol-un-gran-proyecto-compuesto-compuesto-por-cuatro-plantas-fotovoltaicas\/\">\n\t\t\t<img loading=\"lazy\" decoding=\"async\" width=\"1920\" height=\"1080\" src=\"https:\/\/izharia.com\/wp-content\/uploads\/2025\/01\/1736240334378.jpeg\" class=\"attachment-full size-full wp-post-image\" alt=\"\" srcset=\"https:\/\/izharia.com\/wp-content\/uploads\/2025\/01\/1736240334378.jpeg 1920w, https:\/\/izharia.com\/wp-content\/uploads\/2025\/01\/1736240334378-300x169.jpeg 300w, https:\/\/izharia.com\/wp-content\/uploads\/2025\/01\/1736240334378-1024x576.jpeg 1024w, https:\/\/izharia.com\/wp-content\/uploads\/2025\/01\/1736240334378-768x432.jpeg 768w, https:\/\/izharia.com\/wp-content\/uploads\/2025\/01\/1736240334378-1536x864.jpeg 1536w, https:\/\/izharia.com\/wp-content\/uploads\/2025\/01\/1736240334378-18x10.jpeg 18w\" sizes=\"(max-width: 1920px) 100vw, 1920px\" \/>\t\t<\/a>\n\t<\/div>\n<\/div>\n\t\t<div class=\"qodef-e-content\">\n\t\t\t<div class=\"qodef-e-text\">\n\t\t\t\t<h2 itemprop=\"name\" class=\"qodef-e-title entry-title\" >\n\t<a itemprop=\"url\" class=\"qodef-e-title-link\" href=\"https:\/\/izharia.com\/en\/2025\/01\/30\/cluster-marisol-un-gran-proyecto-compuesto-compuesto-por-cuatro-plantas-fotovoltaicas\/\">\n\t\tCluster Marisol. Un gran proyecto compuesto compuesto por cuatro plantas fotovoltaicas\t<\/a>\n<\/h2>\n\t\t\t<\/div>\n\t\t\t<div class=\"qodef-e-bottom-holder\">\n\t\t\t\t<div class=\"qodef-e-left qodef-e-info\">\n\t\t\t\t\t<a href=\"https:\/\/izharia.com\/en\/category\/parques-fotovoltaicos\/\" rel=\"tag\">Photovoltaic Plants<\/a><div class=\"qodef-info-separator-end\"><\/div><a itemprop=\"dateCreated\" href=\"https:\/\/izharia.com\/en\/2025\/01\/\" class=\"entry-date\">\n\t30 de January de 2025<\/a><div class=\"qodef-info-separator-end\"><\/div>\n\t\t\t\t<\/div>\n\t\t\t\t\t\t\t<\/div>\n\t\t<\/div>\n\t<\/div>\n<\/article>\n\t<\/div>\n\t\t<div class=\"qodef-m-pagination qodef--standard\">\n\t\t<div class=\"qodef-m-pagination-inner\">\n\t\t\t<nav class=\"qodef-m-pagination-items\">\n\t\t\t\t<a class=\"qodef-m-pagination-item qodef--prev qodef--hide\" href=\"#\" data-paged=\"1\">\n\t\t\t\t\t<svg class=\"qodef-svg--pagination-arrow-left\" xmlns=\"http:\/\/www.w3.org\/2000\/svg\" width=\"32\" height=\"8\" viewbox=\"0 1 32 6\"><path d=\"M 26 3.5 V 0 l 3 1.75 l 3 1.75 l -3 1.75 L 26 7 V 3.5 z z\"\/><path d=\"M 0 3.5 L 26 3.5 z\"\/><\/svg>\t\t\t\t<\/a>\n\t\t\t\t\t\t\t\t\t<a class=\"qodef-m-pagination-item qodef--number qodef--number-1 qodef--active qodef-prev--hidden\" href=\"#\" data-paged=\"1\">1<\/a>\n\t\t\t\t\t\t\t\t\t\t\t\t\t\t<a class=\"qodef-m-pagination-item qodef--number qodef--number-2\" href=\"#\" data-paged=\"2\">2<\/a>\n\t\t\t\t\t\t\t\t\t\t\t\t\t\t<a class=\"qodef-m-pagination-item qodef--number qodef--number-3 qodef--hide\" href=\"#\" data-paged=\"3\">3<\/a>\n\t\t\t\t\t<span class=\"qodef-m-pagination-item qodef--dots\">&hellip;<\/span>\t\t\t\t\t\t\t\t\t<a class=\"qodef-m-pagination-item qodef--number qodef--number-4\" href=\"#\" data-paged=\"4\">4<\/a>\n\t\t\t\t\t\t\t\t\t\t\t\t\t<a class=\"qodef-m-pagination-item qodef--next\" href=\"#\" data-paged=\"2\">\n\t\t\t\t\t<svg class=\"qodef-svg--pagination-arrow-right\" xmlns=\"http:\/\/www.w3.org\/2000\/svg\" width=\"32\" height=\"8\" viewbox=\"0 1 32 6\"><path d=\"M 26 3.5 V 0 l 3 1.75 l 3 1.75 l -3 1.75 L 26 7 V 3.5 z z\"\/><path d=\"M 0 3.5 L 26 3.5 z\"\/><\/svg>\t\t\t\t<\/a>\n\t\t\t<\/nav>\n\t\t<\/div>\n\t<\/div>\n\t<svg class=\"qodef-svg--spinner qodef-m-pagination-spinner\" xmlns=\"http:\/\/www.w3.org\/2000\/svg\" width=\"512\" height=\"512\" viewbox=\"0 0 512 512\"><path d=\"M304 48c0 26.51-21.49 48-48 48s-48-21.49-48-48 21.49-48 48-48 48 21.49 48 48zm-48 368c-26.51 0-48 21.49-48 48s21.49 48 48 48 48-21.49 48-48-21.49-48-48-48zm208-208c-26.51 0-48 21.49-48 48s21.49 48 48 48 48-21.49 48-48-21.49-48-48-48zM96 256c0-26.51-21.49-48-48-48S0 229.49 0 256s21.49 48 48 48 48-21.49 48-48zm12.922 99.078c-26.51 0-48 21.49-48 48s21.49 48 48 48 48-21.49 48-48c0-26.509-21.491-48-48-48zm294.156 0c-26.51 0-48 21.49-48 48s21.49 48 48 48 48-21.49 48-48c0-26.509-21.49-48-48-48zM108.922 60.922c-26.51 0-48 21.49-48 48s21.49 48 48 48 48-21.49 48-48-21.491-48-48-48z\"><\/path><\/svg><\/div>\n\t\t\t\t<\/div>\n\t\t\t\t<\/div>\n\t\t\t\t\t<\/div>\n\t\t<\/div>\n\t\t\t\t\t<\/div>\n\t\t<\/section>\n\t\t\t\t<\/div>","protected":false},"excerpt":{"rendered":"<p>Living Room Trends For The Upcoming Season 2024 Landscape Architecture December 14, 2022 \u201cArchitecture should speak of its time and place, but yearn for timelessness.\u201d Frank Gehry Glass Wall Facade And How To Design It With Wooden Profiles Landscape Architecture December 14, 2022 Types of flooring to consider for your new apartment https:\/\/hiroshi.qodeinteractive.com\/wp-content\/uploads\/2022\/12\/home3-3_1.mp4 video Landscape [&hellip;]<\/p>\n","protected":false},"author":1,"featured_media":0,"parent":0,"menu_order":0,"comment_status":"closed","ping_status":"closed","template":"","meta":{"footnotes":""},"class_list":["post-2762","page","type-page","status-publish","hentry"],"_links":{"self":[{"href":"https:\/\/izharia.com\/en\/wp-json\/wp\/v2\/pages\/2762","targetHints":{"allow":["GET"]}}],"collection":[{"href":"https:\/\/izharia.com\/en\/wp-json\/wp\/v2\/pages"}],"about":[{"href":"https:\/\/izharia.com\/en\/wp-json\/wp\/v2\/types\/page"}],"author":[{"embeddable":true,"href":"https:\/\/izharia.com\/en\/wp-json\/wp\/v2\/users\/1"}],"replies":[{"embeddable":true,"href":"https:\/\/izharia.com\/en\/wp-json\/wp\/v2\/comments?post=2762"}],"version-history":[{"count":1,"href":"https:\/\/izharia.com\/en\/wp-json\/wp\/v2\/pages\/2762\/revisions"}],"predecessor-version":[{"id":9656,"href":"https:\/\/izharia.com\/en\/wp-json\/wp\/v2\/pages\/2762\/revisions\/9656"}],"wp:attachment":[{"href":"https:\/\/izharia.com\/en\/wp-json\/wp\/v2\/media?parent=2762"}],"curies":[{"name":"wp","href":"https:\/\/api.w.org\/{rel}","templated":true}]}}