{"id":3,"date":"2024-02-29T11:28:54","date_gmt":"2024-02-29T10:28:54","guid":{"rendered":"https:\/\/izharia.com\/?page_id=3"},"modified":"2025-07-07T09:55:39","modified_gmt":"2025-07-07T07:55:39","slug":"politica-cookies","status":"publish","type":"page","link":"https:\/\/izharia.com\/en\/politica-cookies\/","title":{"rendered":"Cookie Policy"},"content":{"rendered":"\t\t<div data-elementor-type=\"wp-page\" data-elementor-id=\"3\" class=\"elementor elementor-3\">\n\t\t\t\t<div class=\"elementor-element elementor-element-22ff3555 e-flex e-con-boxed e-con e-parent\" data-id=\"22ff3555\" data-element_type=\"container\" data-e-type=\"container\">\n\t\t\t\t\t<div class=\"e-con-inner\">\n\t\t\t\t<div class=\"elementor-element elementor-element-56d57040 elementor-widget elementor-widget-text-editor\" data-id=\"56d57040\" data-element_type=\"widget\" data-e-type=\"widget\" data-widget_type=\"text-editor.default\">\n\t\t\t\t<div class=\"elementor-widget-container\">\n\t\t\t\t\t\t\t\t\t<h2>\u00a0\u00a0\u00a0\u00a0I.- Informaci\u00f3n<\/h2>\n<p>De conformidad con la Ley 34\/2002, de 11 de julio, de servicios de la sociedad de la informaci\u00f3n y de comercio electr\u00f3nico, \u201clos prestadores de servicios podr\u00e1n utilizar dispositivos de almacenamiento y recuperaci\u00f3n de datos en equipos terminales de los destinatarios, a condici\u00f3n de que los mismo hayan dado su consentimiento, despu\u00e9s de que se les haya facilitado informaci\u00f3n clara y completa sobre su utilizaci\u00f3n [\u2026]\u201d.<\/p>\n<p style=\"font-weight: 400;\">En este sentido la LSSI establece que se debe facilitar a los usuarios informaci\u00f3n clara y completa sobre la utilizaci\u00f3n de los dispositivos de almacenamiento y recuperaci\u00f3n de datos y, en particular, sobre los fines del tratamiento de los datos, con arreglo a lo dispuesto en la normativa vigente de protecci\u00f3n de datos.<\/p>\n<p style=\"font-weight: 400;\">Cabe se\u00f1alar que quedan exceptuadas del cumplimiento de las obligaciones establecidas en el art\u00edculo 22.2 de la LSSI, y por lo tanto, no ser\u00eda necesario informar ni obtener el consentimiento sobre su uso las cookies utilizadas para alguna de las siguientes finalidades:<\/p>\n<ol style=\"font-weight: 400;\">\n<li>Cuando el almacenamiento o acceso de \u00edndole t\u00e9cnica se realiza con el fin de efectuar la transmisi\u00f3n de una comunicaci\u00f3n por una red de comunicaciones electr\u00f3nicas.<\/li>\n<li>Si resulta estrictamente necesario, para la prestaci\u00f3n de un servicio de la sociedad de la informaci\u00f3n expresamente solicitado por el destinatario.<\/li>\n<\/ol>\n<p style=\"font-weight: 400;\">En este sentido el Grupo de Trabajo del Art\u00edculo 29 en su Dictamen 4\/2012ha interpretado que entre las cookies exceptuadas estar\u00edan aquellas que tienen por finalidad:<\/p>\n<ul>\n<li>Cookies de \u201centrada del usuario\u201d como las utilizadas en los carritos o cesta de compra, o las que permiten rastrear las acciones del usuario al rellenar los formularios en l\u00ednea en varias p\u00e1ginas.<\/li>\n<li>Cookies de autenticaci\u00f3n o identificaci\u00f3n de usuario (\u00fanicamente de sesi\u00f3n).<\/li>\n<li>Cookies de seguridad del usuario como las utilizados para detectar intentos err\u00f3neos y reiterados de conexi\u00f3n a un sitio web.<\/li>\n<li>Cookies de sesi\u00f3n de reproductor multimedia.<\/li>\n<li>Cookies de sesi\u00f3n para equilibrar la carga.<\/li>\n<li>Cookies de personalizaci\u00f3n de la interfaz de usuario.<\/li>\n<li>Cookies de complemento para intercambiar contenidos sociales.<\/li>\n<\/ul>\n<p style=\"font-weight: 400;\">El incumplimiento queda regulado en el T\u00edtulo VII de la LSSI, en el que se detallan las infracciones y sanciones y, en concreto, a los art\u00edculos 38.3.i y 38.4.g, que tipifican con infracci\u00f3n grave y leve, respectivamente, el incumplimiento \u201c(\u2026) de las obligaciones de informaci\u00f3n o de establecimiento de un procedimiento de rechazo del tratamiento de datos, establecidas en el apartado 2 del art\u00edculo 22\u201d. As\u00ed, las sanciones en caso de incumplimiento ser\u00e1n las previstas en el art\u00edculo 39, y pueden suponer multas de hasta 150.000 euros en el caso de ser consideradas como graves.<\/p>\n<h2>\u00a0II.- \u00bfQu\u00e9 es una Cookie?<\/h2>\n<p>Las Cookies son archivos que contienen peque\u00f1as cantidades de informaci\u00f3n que se descargan en el dispositivo del usuario cuando visita una p\u00e1gina web. Su finalidad principal es reconocer al usuario cada vez que acceda la P\u00e1gina Web permitiendo, adem\u00e1s, mejorar la calidad y ofrecer un mejor uso de la P\u00e1gina Web.<\/p>\n<p>Las Cookies son esenciales para el funcionamiento de Internet; no pueden da\u00f1ar el equipo\/dispositivo del usuario y, si se encuentran activadas en la configuraci\u00f3n de su navegador, ayudan a identificar y resolver posibles errores de funcionamiento de la P\u00e1gina Web.<\/p>\n<h2>\u00a0III.- Uso de Cookies por parte del prestador<\/h2>\n<p>Mediante el acceso a la P\u00e1gina Web, acepta de manera expresa la utilizaci\u00f3n de este tipo de Cookies en sus dispositivos. Si desactiva las Cookies, puede que su navegaci\u00f3n por el Sitio Web no sea \u00f3ptima y algunas de las utilidades de que dispone el Sitio Web no funcionen correctamente.<\/p>\n<p>Concretamente, META ENGINEERING est\u00e1 utilizando las Cookies para las finalidades que a continuaci\u00f3n se exponen. Si en un futuro el prestador utilizase otras con el prop\u00f3sito de otorgar m\u00e1s y mejores servicios, se informar\u00e1 al usuario de ello.<\/p>\n<p><b class=\" hidden-xs\">TIPOS DE COOKIES QUE SE UTILIZAN EN ESTE PORTAL<\/b><\/p>\n<ul>\n<li><strong>Cookies \u201cestrictamente necesarias\u201d<\/strong>o de\u00a0<strong>\u201cpersonalizaci\u00f3n\u201d<\/strong>: Son aquellas cookies consideradas imprescindibles para la navegaci\u00f3n por la p\u00e1gina Web pues facilitan al usuario la utilizaci\u00f3n de sus prestaciones o herramientas como, por ejemplo, identificar la sesi\u00f3n.<\/li>\n<\/ul>\n<table class=\"table hidden-xs\">\n<thead>\n<tr>\n<th>TIPO DE COOKIES<\/th>\n<th>FINALIDAD<\/th>\n<\/tr>\n<\/thead>\n<tbody>\n<tr>\n<td>DE FUNCIONALIDAD<\/td>\n<td>\n<p><strong>Cookies \u201cestrictamente necesarias\u201d<\/strong>o de\u00a0<strong>\u201cpersonalizaci\u00f3n\u201d<\/strong>: Son aquellas cookies consideradas imprescindibles para la navegaci\u00f3n por la p\u00e1gina Web pues facilitan al usuario la utilizaci\u00f3n de sus prestaciones o herramientas como, por ejemplo, identificar la sesi\u00f3n.<\/p>\n<p>Son aquellas cookies que permiten recordar a la p\u00e1gina Web las decisiones que el usuario toma, por ejemplo: se almacenar\u00e1 el idioma, el tipo de navegador mediante el cual se accede a la p\u00e1gina Web, entre otros. El objetivo es la prestaci\u00f3n de un servicio m\u00e1s personalizado. La informaci\u00f3n recopilada por estas cookies es an\u00f3nima no pudiendo identificar al usuario personalmente y por lo tanto se utiliza exclusivamente para el funcionamiento de la p\u00e1gina Web<\/p>\n<\/td>\n<\/tr>\n<tr>\n<td>ANALITICA WEB<\/td>\n<td>\n<p>Re\u00fane informaci\u00f3n y estad\u00edsticas sobre los visitantes a esta web y de todos nuestros sitos internacionales, por ejemplo, qu\u00e9 p\u00e1ginas y qu\u00e9 servicios son m\u00e1s visitados. S\u00f3lo utilizamos esta informaci\u00f3n de una forma an\u00f3nima para que nos ayude a determinar qu\u00e9 es m\u00e1s ventajoso para nuestros usuarios y c\u00f3mo podemos mejorar continuamente nuestros servicios online para facilitar el manejo de nuestra Web.<\/p>\n<\/td>\n<\/tr>\n<\/tbody>\n<\/table>\n<ul>\n<li><strong>Cookies anal\u00edticas de Google Analytics<\/strong>:META ENGINEERING\u00a0a trav\u00e9s del Sitio Web utiliza Google Analytics, servicio prestado por Google, Inc., entidad cuya oficina principal est\u00e1 en 1600 AmphitheatreParkway, Mountain View (California), CA 94043, Estados Unidos (\u201cGoogle\u201d).<br \/>Google Analytics utiliza Cookies con el prop\u00f3sito de analizar el uso que hacen los usuarios del Sitio Web.La informaci\u00f3n que genera la Cookie (incluyendo su direcci\u00f3n IP) ser\u00e1 directamente transmitida y archivada por Google en sus servidores de Estados Unidos. Google usar\u00e1 esta informaci\u00f3n por cuenta del prestador con el prop\u00f3sito de seguir la pista de su uso del sitio, recopilando de la actividad del sitio y prestando otros servicios relacionados con la actividad del Sitio Web y el uso de Internet. Google podr\u00e1 transmitir dicha informaci\u00f3n a terceros cuando as\u00ed se lo requiera la legislaci\u00f3n, o cuando dichos terceros traten la informaci\u00f3n por cuenta de Google. Google no asociar\u00e1 su direcci\u00f3n IP con ning\u00fan otro dato de que disponga.Al utilizar este sitio consiente el tratamiento su informaci\u00f3n por Google en la forma y para los fines arriba indicados.<\/li>\n<li><strong>Social Media cookies<\/strong>: Son aquellas cookies que permiten compartir informaci\u00f3n de nuestra web en social media como puede ser recabar su informaci\u00f3n desde su perfil de Facebook o cuenta de Google.<\/li>\n<\/ul>\n<h4><strong>Configuraci\u00f3n del usuario para evitar Cookies<\/strong><\/h4>\n<p>En cumplimiento de la normativa legal vigente, ponemos a su disposici\u00f3n la informaci\u00f3n que le permita configurar su navegador\/navegadores de Internet para mantener su privacidad y seguridad en relaci\u00f3n con las Cookies. Por ello, le facilitamos la informaci\u00f3n y enlaces a los sitios de soporte oficiales de los principales navegadores para que pueda decidir si desea o no aceptar el uso de Cookies.<\/p>\n<p>As\u00ed, puede bloquear las Cookies a trav\u00e9s de las herramientas de configuraci\u00f3n del navegador, o bien, puede configurar su navegador para que le avise cuando un servidor quiera guardar una Cookie:<\/p>\n<ul>\n<li>Si utiliza Microsoft Internet Explorer, encontrar\u00e1 la opci\u00f3nen el men\u00fa Herramientas &gt; Opciones de Internet &gt; Privacidad &gt; Configuraci\u00f3n. Para saber m\u00e1s visite\u00a0<u><a href=\"http:\/\/windows.microsoft.com\/es-es\/windows-vista\/block-or-allow-Cookies\">http:\/\/windows.microsoft.com\/es-es\/windows-vista\/block-or-allow-Cookies<\/a><\/u>y\u00a0<u><a href=\"http:\/\/windows.microsoft.com\/es-es\/windows7\/how-to-manage-Cookies-in-internet-explorer-9\">http:\/\/windows.microsoft.com\/es-es\/windows7\/how-to-manage-Cookies-in-internet-explorer-9<\/a><\/u>.<\/li>\n<li>Si utiliza Firefox, encontrar\u00e1 la opci\u00f3n en el men\u00fa Herramientas &gt; Opciones &gt; Privacidad &gt; Cookies. Para saber m\u00e1s visite\u00a0<u><a href=\"http:\/\/support.mozilla.org\/es\/kb\/habilitar-y-deshabilitar-Cookies-que-los-sitios-we\">http:\/\/support.mozilla.org\/es\/kb\/habilitar-y-deshabilitar-Cookies-que-los-sitios-we<\/a><\/u>.<\/li>\n<li>Si utiliza Chrome, en la secci\u00f3n de Opciones &gt; Opciones avanzadas &gt; Privacidad. Para saber m\u00e1s\u00a0<u><a href=\"https:\/\/support.google.com\/accounts\/answer\/61416?hl=es\">https:\/\/support.google.com\/accounts\/answer\/61416?hl=es<br \/><\/a><\/u><\/li>\n<li>Si utiliza Opera, en la opci\u00f3n de Seguridad y Privacidad, podr\u00e1 configurar el navegador. Para saber m\u00e1s visite\u00a0<u><a href=\"http:\/\/help.opera.com\/Windows\/11.50\/es-ES\/cookies.html\">http:\/\/help.opera.com\/Windows\/11.50\/es-ES\/cookies.html<br \/><\/a><\/u><\/li>\n<li>Si utiliza Safari encontrar\u00e1 la opci\u00f3n en el men\u00fa Preferencias\/Privacidad. M\u00e1s informaci\u00f3n en:\u00a0<u><a href=\"http:\/\/support.apple.com\/kb\/HT1677?viewlocale=es_ES\">http:\/\/support.apple.com\/kb\/HT1677?viewlocale=es_ES<\/a><\/u><\/li>\n<\/ul>\n<div>\u00a0<\/div>\n<div>\n<div>I.- Informaci\u00f3n<\/div>\n<div>De conformidad con la Ley 34\/2002, de 11 de julio, de servicios de la sociedad de la<\/div>\n<div>informaci\u00f3n y de comercio electr\u00f3nico, \u201clos prestadores de servicios podr\u00e1n utilizar<\/div>\n<div>dispositivos de almacenamiento y recuperaci\u00f3n de datos en equipos terminales de los<\/div>\n<div>destinatarios, a condici\u00f3n de que los mismo hayan dado su consentimiento, despu\u00e9s de que se<\/div>\n<div>les haya facilitado informaci\u00f3n clara y completa sobre su utilizaci\u00f3n [\u2026]\u201d.<\/div>\n<div>En este sentido la LSSI establece que se debe facilitar a los usuarios informaci\u00f3n clara y<\/div>\n<div>completa sobre la utilizaci\u00f3n de los dispositivos de almacenamiento y recuperaci\u00f3n de datos y,<\/div>\n<div>en particular, sobre los fines del tratamiento de los datos, con arreglo a lo dispuesto en la<\/div>\n<div>normativa vigente de protecci\u00f3n de datos.<\/div>\n<div>\u00a0<\/div>\n<div>Cabe se\u00f1alar que quedan exceptuadas del cumplimiento de las obligaciones establecidas en el<\/div>\n<div>art\u00edculo 22.2 de la LSSI, y por lo tanto, no ser\u00eda necesario informar ni obtener el<\/div>\n<div>consentimiento sobre su uso las cookies utilizadas para alguna de las siguientes finalidades:<\/div>\n<div>1. Cuando el almacenamiento o acceso de \u00edndole t\u00e9cnica se realiza con el fin de efectuar<\/div>\n<div>la transmisi\u00f3n de una comunicaci\u00f3n por una red de comunicaciones electr\u00f3nicas.<\/div>\n<div>2. Si resulta estrictamente necesario, para la prestaci\u00f3n de un servicio de la sociedad de<\/div>\n<div>la informaci\u00f3n expresamente solicitado por el destinatario.<\/div>\n<div>En este sentido el Grupo de Trabajo del Art\u00edculo 29 en su Dictamen 4\/2012ha interpretado que<\/div>\n<div>entre las cookies exceptuadas estar\u00edan aquellas que tienen por finalidad:<\/div>\n<div>\u2013 Cookies de \u201centrada del usuario\u201d como las utilizadas en los carritos o cesta de compra,<\/div>\n<div>o las que permiten rastrear las acciones del usuario al rellenar los formularios en l\u00ednea<\/div>\n<div>en varias p\u00e1ginas.<\/div>\n<div>\u2013 Cookies de autenticaci\u00f3n o identificaci\u00f3n de usuario (\u00fanicamente de sesi\u00f3n).<\/div>\n<div>\u2013 Cookies de seguridad del usuario como las utilizados para detectar intentos err\u00f3neos y<\/div>\n<div>reiterados de conexi\u00f3n a un sitio web.<\/div>\n<div>\u2013 Cookies de sesi\u00f3n de reproductor multimedia.<\/div>\n<div>\u2013 Cookies de sesi\u00f3n para equilibrar la carga.<\/div>\n<div>\u2013 Cookies de personalizaci\u00f3n de la interfaz de usuario.<\/div>\n<div>\u2013 Cookies de complemento para intercambiar contenidos sociales.<\/div>\n<div>El incumplimiento queda regulado en el T\u00edtulo VII de la LSSI, en el que se detallan las<\/div>\n<div>infracciones y sanciones y, en concreto, a los art\u00edculos 38.3.i y 38.4.g, que tipifican con<\/div>\n<div>infracci\u00f3n grave y leve, respectivamente, el incumplimiento \u201c(\u2026) de las obligaciones de<\/div>\n<div>informaci\u00f3n o de establecimiento de un procedimiento de rechazo del tratamiento de datos,<\/div>\n<div>establecidas en el apartado 2 del art\u00edculo 22\u201d. As\u00ed, las sanciones en caso de incumplimiento<\/div>\n<div>\u00a0<\/div>\n<div>ser\u00e1n las previstas en el art\u00edculo 39, y pueden suponer multas de hasta 150.000 euros en el<\/div>\n<div>caso de ser consideradas como graves.<\/div>\n<div>\u00a0 \u00a0 II.- \u00bfQu\u00e9 es una Cookie?<\/div>\n<div>Las Cookies son archivos que contienen peque\u00f1as cantidades de informaci\u00f3n que se descargan<\/div>\n<div>en el dispositivo del usuario cuando visita una p\u00e1gina web. Su finalidad principal es reconocer<\/div>\n<div>al usuario cada vez que accede a la P\u00e1gina Web permitiendo, adem\u00e1s, mejorar la calidad y<\/div>\n<div>ofrecer un mejor uso de la P\u00e1gina Web.<\/div>\n<div>Las Cookies son esenciales para el funcionamiento de Internet; no pueden da\u00f1ar el<\/div>\n<div>equipo\/dispositivo del usuario y, si se encuentran activadas en la configuraci\u00f3n de su<\/div>\n<div>navegador, ayudan a identificar y resolver posibles errores de funcionamiento de la P\u00e1gina<\/div>\n<div>Web.<\/div>\n<div>\u00a0 \u00a0 III.- Uso de Cookies por parte del prestador<\/div>\n<div>Mediante el acceso a la P\u00e1gina Web, acepta de manera expresa la utilizaci\u00f3n de este tipo de<\/div>\n<div>Cookies en sus dispositivos. Si desactiva las Cookies, puede que su navegaci\u00f3n por el Sitio Web<\/div>\n<div>no sea \u00f3ptima y algunas de las utilidades de que dispone el Sitio Web no funcionen<\/div>\n<div>correctamente.<\/div>\n<div>Concretamente, IZHARIA est\u00e1 utilizando las Cookies para las finalidades que a continuaci\u00f3n se<\/div>\n<div>exponen. Si en un futuro el prestador utilizase otras con el prop\u00f3sito de otorgar m\u00e1s y mejores<\/div>\n<div>servicios, se informar\u00e1 al usuario de ello.<\/div>\n<div>Tipolog\u00eda de cookies<\/div>\n<div>\uf0b7 Cookies \u201cestrictamente necesarias\u201d o de \u201cpersonalizaci\u00f3n\u201d: Son aquellas cookies<\/div>\n<div>consideradas imprescindibles para la navegaci\u00f3n por la p\u00e1gina Web pues facilitan al<\/div>\n<div>usuario la utilizaci\u00f3n de sus prestaciones o herramientas como, por ejemplo,<\/div>\n<div>identificar la sesi\u00f3n.<\/div>\n<div>\uf0b7 Cookies de funcionalidad: Son aquellas cookies que permiten recordar a la p\u00e1gina<\/div>\n<div>Web las decisiones que el usuario toma, por ejemplo: se almacenar\u00e1 el idioma, el tipo<\/div>\n<div>de navegador mediante el cual se accede a la p\u00e1gina Web, entre otros. El objetivo es la<\/div>\n<div>prestaci\u00f3n de un servicio m\u00e1s personalizado. La informaci\u00f3n recopilada por estas<\/div>\n<div>cookies es an\u00f3nima no pudiendo identificar al usuario personalmente y por lo tanto se<\/div>\n<div>utiliza exclusivamente para el funcionamiento de la p\u00e1gina Web.<\/div>\n<div>\uf0b7 Anal\u00edtica Web: Re\u00fane informaci\u00f3n y estad\u00edsticas sobre los visitantes a esta web y de<\/div>\n<div>todos nuestros sitos internacionales, por ejemplo, qu\u00e9 p\u00e1ginas y qu\u00e9 servicios son m\u00e1s<\/div>\n<div>visitados. S\u00f3lo utilizamos esta informaci\u00f3n de una forma an\u00f3nima para que nos ayude<\/div>\n<div>a determinar qu\u00e9 es m\u00e1s ventajoso para nuestros usuarios y c\u00f3mo podemos mejorar<\/div>\n<div>continuamente nuestros servicios online para facilitar el manejo de nuestra Web.<\/div>\n<div>\u00a0<\/div>\n<div>\uf0b7 Cookies anal\u00edticas de Google Analytics: IZHARIA a trav\u00e9s del Sitio Web utiliza Google<\/div>\n<div>Analytics, servicio prestado por Google, Inc., entidad cuya oficina principal est\u00e1 en<\/div>\n<div>1600 AmphitheatreParkway, Mountain View (California), CA 94043, Estados Unidos<\/div>\n<div>(\u201cGoogle\u201d).<\/div>\n<div>Google Analytics utiliza Cookies con el prop\u00f3sito de analizar el uso que hacen los<\/div>\n<div>usuarios del Sitio Web. La informaci\u00f3n que genera la Cookie (incluyendo su direcci\u00f3n<\/div>\n<div>IP) ser\u00e1 directamente transmitida y archivada por Google en sus servidores de Estados<\/div>\n<div>Unidos. Google usar\u00e1 esta informaci\u00f3n por cuenta del prestador con el prop\u00f3sito de<\/div>\n<div>seguir la pista de su uso del sitio, recopilando de la actividad del sitio y prestando otros<\/div>\n<div>servicios relacionados con la actividad del Sitio Web y el uso de Internet. Google podr\u00e1<\/div>\n<div>transmitir dicha informaci\u00f3n a terceros cuando as\u00ed se lo requiera la legislaci\u00f3n, o<\/div>\n<div>cuando dichos terceros traten la informaci\u00f3n por cuenta de Google. Google no<\/div>\n<div>asociar\u00e1 su direcci\u00f3n IP con ning\u00fan otro dato de que disponga.<\/div>\n<div>Al utilizar este sitio consiente el tratamiento su informaci\u00f3n por Google en la forma y<\/div>\n<div>para los fines arriba indicados.<\/div>\n<div>\uf0b7 Social Media cookies: Son aquellas cookies que permiten compartir informaci\u00f3n de<\/div>\n<div>nuestra web en social media como puede ser recabar su informaci\u00f3n desde su perfil de<\/div>\n<div>Facebook o cuenta de Google.<\/div>\n<div>Configuraci\u00f3n del usuario para evitar Cookies<\/div>\n<div>En cumplimiento de la normativa legal vigente, ponemos a su disposici\u00f3n la informaci\u00f3n que le<\/div>\n<div>permita configurar su navegador\/navegadores de Internet para mantener su privacidad y<\/div>\n<div>seguridad en relaci\u00f3n con las Cookies. Por ello, le facilitamos la informaci\u00f3n y enlaces a los<\/div>\n<div>sitios de soporte oficiales de los principales navegadores para que pueda decidir si desea o no<\/div>\n<div>aceptar el uso de Cookies.<\/div>\n<div>As\u00ed, puede bloquear las Cookies a trav\u00e9s de las herramientas de configuraci\u00f3n del navegador, o<\/div>\n<div>Cbien, puede configurar su navegador para que le avise cuando un servidor quiera guardar una<\/div>\n<div>Cookie:<\/div>\n<div>1. Si utiliza Microsoft Internet Explorer, encontrar\u00e1 la opci\u00f3nen el men\u00fa Herramientas &amp;gt;<\/div>\n<div>Opciones de Internet &amp;gt; Privacidad &amp;gt; Configuraci\u00f3n. Para saber m\u00e1s<\/div>\n<div>visite http:\/\/windows.microsoft.com\/es-es\/windows-vista\/block-or-allow-<\/div>\n<div>Cookies y http:\/\/windows.microsoft.com\/es-es\/windows7\/how-to-manage-Cookies-in-<\/div>\n<div>internet-explorer-9.<\/div>\n<div>2. Si utiliza Firefox, encontrar\u00e1 la opci\u00f3n en el men\u00fa Herramientas &amp;gt; Opciones &amp;gt;<\/div>\n<div>Privacidad &amp;gt; Cookies. Para saber m\u00e1s visite http:\/\/support.mozilla.org\/es\/kb\/habilitar-<\/div>\n<div>y-deshabilitar-Cookies-que-los-sitios-we.<\/div>\n<div>3. Si utiliza Chrome, en la secci\u00f3n de Opciones &amp;gt; Opciones avanzadas &amp;gt; Privacidad. Para<\/div>\n<div>saber m\u00e1s https:\/\/support.google.com\/accounts\/answer\/61416?hl=es<\/div>\n<div>\u00a0<\/div>\n<div>4. Si utiliza Opera, en la opci\u00f3n de Seguridad y Privacidad, podr\u00e1 configurar el navegador.<\/div>\n<div>Para saber m\u00e1s visite http:\/\/help.opera.com\/Windows\/11.50\/es-ES\/cookies.html<\/div>\n<div>5. Si utiliza Safari encontrar\u00e1 la opci\u00f3n en el men\u00fa Preferencias\/Privacidad. M\u00e1s<\/div>\n<div>informaci\u00f3n<\/div>\n<\/div>\n<p><!-- \/wp:paragraph --><\/p>\t\t\t\t\t\t\t\t<\/div>\n\t\t\t\t<\/div>\n\t\t\t\t\t<\/div>\n\t\t\t\t<\/div>\n\t\t\t\t<\/div>\n\t\t","protected":false},"excerpt":{"rendered":"<p>\u00a0\u00a0\u00a0\u00a0I.- Informaci\u00f3n De conformidad con la Ley 34\/2002, de 11 de julio, de servicios de la sociedad de la informaci\u00f3n y de comercio electr\u00f3nico, \u201clos prestadores de servicios podr\u00e1n utilizar dispositivos de almacenamiento y recuperaci\u00f3n de datos en equipos terminales de los destinatarios, a condici\u00f3n de que los mismo hayan dado su consentimiento, despu\u00e9s de [&hellip;]<\/p>\n","protected":false},"author":1,"featured_media":0,"parent":0,"menu_order":0,"comment_status":"closed","ping_status":"closed","template":"","meta":{"footnotes":""},"class_list":["post-3","page","type-page","status-publish","hentry"],"_links":{"self":[{"href":"https:\/\/izharia.com\/en\/wp-json\/wp\/v2\/pages\/3","targetHints":{"allow":["GET"]}}],"collection":[{"href":"https:\/\/izharia.com\/en\/wp-json\/wp\/v2\/pages"}],"about":[{"href":"https:\/\/izharia.com\/en\/wp-json\/wp\/v2\/types\/page"}],"author":[{"embeddable":true,"href":"https:\/\/izharia.com\/en\/wp-json\/wp\/v2\/users\/1"}],"replies":[{"embeddable":true,"href":"https:\/\/izharia.com\/en\/wp-json\/wp\/v2\/comments?post=3"}],"version-history":[{"count":22,"href":"https:\/\/izharia.com\/en\/wp-json\/wp\/v2\/pages\/3\/revisions"}],"predecessor-version":[{"id":14872,"href":"https:\/\/izharia.com\/en\/wp-json\/wp\/v2\/pages\/3\/revisions\/14872"}],"wp:attachment":[{"href":"https:\/\/izharia.com\/en\/wp-json\/wp\/v2\/media?parent=3"}],"curies":[{"name":"wp","href":"https:\/\/api.w.org\/{rel}","templated":true}]}}