{"id":3569,"date":"2022-12-16T07:07:55","date_gmt":"2022-12-16T07:07:55","guid":{"rendered":"https:\/\/hiroshi.qodeinteractive.com\/?page_id=3569"},"modified":"2024-05-31T13:25:52","modified_gmt":"2024-05-31T11:25:52","slug":"equipo","status":"publish","type":"page","link":"https:\/\/izharia.com\/en\/equipo\/","title":{"rendered":"TEAM"},"content":{"rendered":"<div data-elementor-type=\"wp-page\" data-elementor-id=\"3569\" class=\"elementor elementor-3569\">\n\t\t\t\t\t\t<section class=\"elementor-section elementor-top-section elementor-element elementor-element-debe038 elementor-section-full_width elementor-section-height-default elementor-section-height-default qodef-elementor-content-no qodef-elementor-column-no\" data-id=\"debe038\" data-element_type=\"section\" data-e-type=\"section\">\n\t\t\t\t\t\t<div class=\"elementor-container elementor-column-gap-default\">\n\t\t\t\t\t<div class=\"elementor-column elementor-col-50 elementor-top-column elementor-element elementor-element-875511b\" data-id=\"875511b\" data-element_type=\"column\" data-e-type=\"column\">\n\t\t\t<div class=\"elementor-widget-wrap elementor-element-populated\">\n\t\t\t\t\t\t<div class=\"elementor-element elementor-element-0168c64 elementor-widget elementor-widget-hiroshi_core_icon_with_text\" data-id=\"0168c64\" data-element_type=\"widget\" data-e-type=\"widget\" data-widget_type=\"hiroshi_core_icon_with_text.default\">\n\t\t\t\t<div class=\"elementor-widget-container\">\n\t\t\t\t\t<div class=\"qodef-shortcode qodef-m  qodef-icon-with-text qodef-layout--before-content qodef--icon-pack\">\n\t<div class=\"qodef-m-icon-wrapper\" >\n\t\t<span class=\"qodef-shortcode qodef-m  qodef-icon-holder qodef-size--default qodef-layout--circle\"  style=\"width: 4px;height: 4px;line-height: 4px\">\t\t\t\t<\/span>\t<\/div>\n\t<div class=\"qodef-m-content\">\n\t\t\t<h6 class=\"qodef-m-title\" style=\"margin-top: -5px\">\n\t\t\t\t\t<span class=\"qodef-m-title-text\">MANAGEMENT TEAM<\/span>\n\t\t\t<\/h6>\n\t\t\t<\/div>\n<\/div>\n\t\t\t\t<\/div>\n\t\t\t\t<\/div>\n\t\t\t\t<div class=\"elementor-element elementor-element-14e2b95 elementor-widget elementor-widget-hiroshi_core_section_title\" data-id=\"14e2b95\" data-element_type=\"widget\" data-e-type=\"widget\" data-widget_type=\"hiroshi_core_section_title.default\">\n\t\t\t\t<div class=\"elementor-widget-container\">\n\t\t\t\t\t<div class=\"qodef-shortcode qodef-m  qodef-section-title qodef-alignment--left\">\n\t\t<h3 class=\"qodef-m-title\" >\n\t\t\t\t\tIZHARIA's management team is leading the way towards a sustainable future with experience and passion.\t\t\t<\/h3>\n\t<\/div>\n\t\t\t\t<\/div>\n\t\t\t\t<\/div>\n\t\t\t\t\t<\/div>\n\t\t<\/div>\n\t\t\t\t<div class=\"elementor-column elementor-col-50 elementor-top-column elementor-element elementor-element-4b18eff\" data-id=\"4b18eff\" data-element_type=\"column\" data-e-type=\"column\">\n\t\t\t<div class=\"elementor-widget-wrap elementor-element-populated\">\n\t\t\t\t\t\t<div class=\"elementor-element elementor-element-01e29be elementor-widget elementor-widget-video\" data-id=\"01e29be\" data-element_type=\"widget\" data-e-type=\"widget\" data-settings=\"{&quot;youtube_url&quot;:&quot;https:\\\/\\\/youtu.be\\\/PQYErtcRFEY&quot;,&quot;video_type&quot;:&quot;youtube&quot;,&quot;controls&quot;:&quot;yes&quot;}\" data-widget_type=\"video.default\">\n\t\t\t\t<div class=\"elementor-widget-container\">\n\t\t\t\t\t\t\t<div class=\"elementor-wrapper elementor-open-inline\">\n\t\t\t<div class=\"elementor-video\"><\/div>\t\t<\/div>\n\t\t\t\t\t\t<\/div>\n\t\t\t\t<\/div>\n\t\t\t\t\t<\/div>\n\t\t<\/div>\n\t\t\t\t\t<\/div>\n\t\t<\/section>\n\t\t\t\t<section class=\"elementor-section elementor-top-section elementor-element elementor-element-260761c elementor-section-full_width elementor-section-height-default elementor-section-height-default qodef-elementor-content-no qodef-elementor-column-no\" data-id=\"260761c\" data-element_type=\"section\" data-e-type=\"section\">\n\t\t\t\t\t\t<div class=\"elementor-container elementor-column-gap-default\">\n\t\t\t\t\t<div class=\"elementor-column elementor-col-100 elementor-top-column elementor-element elementor-element-e067259\" data-id=\"e067259\" data-element_type=\"column\" data-e-type=\"column\">\n\t\t\t<div class=\"elementor-widget-wrap elementor-element-populated\">\n\t\t\t\t\t\t<div class=\"elementor-element elementor-element-6e8a01b elementor-widget elementor-widget-hiroshi_core_icon_with_text\" data-id=\"6e8a01b\" data-element_type=\"widget\" data-e-type=\"widget\" data-widget_type=\"hiroshi_core_icon_with_text.default\">\n\t\t\t\t<div class=\"elementor-widget-container\">\n\t\t\t\t\t<div class=\"qodef-shortcode qodef-m  qodef-icon-with-text qodef-layout--before-content qodef--icon-pack\">\n\t<div class=\"qodef-m-icon-wrapper\" >\n\t\t<span class=\"qodef-shortcode qodef-m  qodef-icon-holder qodef-size--default qodef-layout--circle\"  style=\"width: 4px;height: 4px;line-height: 4px\">\t\t\t\t<\/span>\t<\/div>\n\t<div class=\"qodef-m-content\">\n\t\t\t<h6 class=\"qodef-m-title\" style=\"margin-top: -5px\">\n\t\t\t\t\t<span class=\"qodef-m-title-text\">AREA MANAGERS<\/span>\n\t\t\t<\/h6>\n\t\t\t<\/div>\n<\/div>\n\t\t\t\t<\/div>\n\t\t\t\t<\/div>\n\t\t\t\t<div class=\"elementor-element elementor-element-979870c elementor-widget elementor-widget-hiroshi_core_team_list\" data-id=\"979870c\" data-element_type=\"widget\" data-e-type=\"widget\" data-widget_type=\"hiroshi_core_team_list.default\">\n\t\t\t\t<div class=\"elementor-widget-container\">\n\t\t\t\t\t<div class=\"qodef-shortcode qodef-m  qodef-team-list qodef-item-layout--info-right  qodef-enable-border qodef-content-align--center-title qodef-grid qodef-layout--columns  qodef-gutter--no qodef-col-num--2 qodef-item-layout--info-right qodef--no-bottom-space qodef-pagination--off qodef-responsive--custom qodef-col-num--1440--2 qodef-col-num--1366--2 qodef-col-num--1024--1 qodef-col-num--768--1 qodef-col-num--680--1 qodef-col-num--480--1\" data-options=\"{&quot;plugin&quot;:&quot;hiroshi_core&quot;,&quot;module&quot;:&quot;post-types\\\/team\\\/shortcodes&quot;,&quot;shortcode&quot;:&quot;team-list&quot;,&quot;post_type&quot;:&quot;team&quot;,&quot;next_page&quot;:&quot;2&quot;,&quot;max_pages_num&quot;:1,&quot;behavior&quot;:&quot;columns&quot;,&quot;images_proportion&quot;:&quot;full&quot;,&quot;columns&quot;:&quot;2&quot;,&quot;columns_responsive&quot;:&quot;custom&quot;,&quot;columns_1440&quot;:&quot;2&quot;,&quot;columns_1366&quot;:&quot;2&quot;,&quot;columns_1024&quot;:&quot;1&quot;,&quot;columns_768&quot;:&quot;1&quot;,&quot;columns_680&quot;:&quot;1&quot;,&quot;columns_480&quot;:&quot;1&quot;,&quot;space&quot;:&quot;no&quot;,&quot;enable_appear&quot;:&quot;no&quot;,&quot;posts_per_page&quot;:&quot;10&quot;,&quot;orderby&quot;:&quot;date&quot;,&quot;order&quot;:&quot;ASC&quot;,&quot;layout&quot;:&quot;info-right&quot;,&quot;title_tag&quot;:&quot;h4&quot;,&quot;pagination_type&quot;:&quot;no-pagination&quot;,&quot;content_align&quot;:&quot;center-title&quot;,&quot;enable_border&quot;:&quot;yes&quot;,&quot;info_right_checkered_layout&quot;:&quot;no&quot;,&quot;object_class_name&quot;:&quot;HiroshiCore_Team_List_Shortcode&quot;,&quot;taxonomy_filter&quot;:&quot;team-category&quot;,&quot;item_classes&quot;:&quot;qodef-e qodef-grid-item  &quot;}\">\n\t\t<div class=\"qodef-grid-inner clear\">\n\t\t<div class=\"qodef-e qodef-grid-item  post-3428 team type-team status-publish has-post-thumbnail hentry\" >\n\t<div class=\"qodef-e-inner\">\n\t\t<div class=\"qodef-e-image\">\n\t\t\t\t<div class=\"qodef-e-media-image\">\n\t\t\t\t\t<img fetchpriority=\"high\" decoding=\"async\" width=\"800\" height=\"596\" src=\"https:\/\/izharia.com\/wp-content\/uploads\/2022\/12\/h1-team-img-01-ISABEL.jpg\" class=\"attachment-full size-full wp-post-image\" alt=\"\" srcset=\"https:\/\/izharia.com\/wp-content\/uploads\/2022\/12\/h1-team-img-01-ISABEL.jpg 800w, https:\/\/izharia.com\/wp-content\/uploads\/2022\/12\/h1-team-img-01-ISABEL-300x224.jpg 300w, https:\/\/izharia.com\/wp-content\/uploads\/2022\/12\/h1-team-img-01-ISABEL-768x572.jpg 768w\" sizes=\"(max-width: 800px) 100vw, 800px\" \/>\t\t\t<\/div>\n\t\t<\/div>\n\t\t<div class=\"qodef-e-content\">\n\t\t\t<h4 itemprop=\"name\" class=\"qodef-e-title entry-title\" >\n\t\t\tIsabel L\u00f3pez Ferrer\t<\/h4>\n\t\t\t\t<p class=\"qodef-e-role\">Vicepresidenta y Responsable del \u00c1rea de Energ\u00eda<\/p>\n\t\t\t\t\t\t\t<div class=\"qodef-team-member-social-icons\">\n\t\t\t\t\t\t\t<a class=\"qodef-team-member-social-icon\" href=\"https:\/\/www.linkedin.com\/company\/izharia-ingenier-a\/\" target=\"_blank\">\n\t\t\t\t\t\t<span class=\"qodef-icon-font-awesome fab fa-linkedin-in\" ><\/span>\t\t\t\t\t<\/a>\n\t\t\t\t\t\t\t\t\t\t\t\t\t\t<a class=\"qodef-team-member-social-icon\" href=\"https:\/\/izharia.com\/en\/isabel-lopez-ferrer\/\" target=\"_blank\">\n\t\t\t\t\t\t<span class=\"qodef-icon-elegant-icons arrow_right\" ><\/span>\t\t\t\t\t<\/a>\n\t\t\t\t\t\t\t\t\t\t<\/div>\n\t\t<\/div>\n\t<\/div>\n<\/div>\n<div class=\"qodef-e qodef-grid-item  post-176 team type-team status-publish has-post-thumbnail hentry team-category-home-1\" >\n\t<div class=\"qodef-e-inner\">\n\t\t<div class=\"qodef-e-image\">\n\t\t\t\t<div class=\"qodef-e-media-image\">\n\t\t\t\t\t<img decoding=\"async\" width=\"800\" height=\"596\" src=\"https:\/\/izharia.com\/wp-content\/uploads\/2022\/12\/h1-team-img-02-ERIC.jpg\" class=\"attachment-full size-full wp-post-image\" alt=\"\" srcset=\"https:\/\/izharia.com\/wp-content\/uploads\/2022\/12\/h1-team-img-02-ERIC.jpg 800w, https:\/\/izharia.com\/wp-content\/uploads\/2022\/12\/h1-team-img-02-ERIC-300x224.jpg 300w, https:\/\/izharia.com\/wp-content\/uploads\/2022\/12\/h1-team-img-02-ERIC-768x572.jpg 768w\" sizes=\"(max-width: 800px) 100vw, 800px\" \/>\t\t\t<\/div>\n\t\t<\/div>\n\t\t<div class=\"qodef-e-content\">\n\t\t\t<h4 itemprop=\"name\" class=\"qodef-e-title entry-title\" >\n\t\t\tEnric Font\t<\/h4>\n\t\t\t\t<p class=\"qodef-e-role\">CHAIRMAN<\/p>\n\t\t\t\t\t\t\t<div class=\"qodef-team-member-social-icons\">\n\t\t\t\t\t\t\t<a class=\"qodef-team-member-social-icon\" href=\"https:\/\/www.linkedin.com\/company\/izharia-ingenier-a\/\" target=\"_blank\">\n\t\t\t\t\t\t<span class=\"qodef-icon-font-awesome fab fa-linkedin-in\" ><\/span>\t\t\t\t\t<\/a>\n\t\t\t\t\t\t\t\t\t\t\t\t\t\t<a class=\"qodef-team-member-social-icon\" href=\"https:\/\/izharia.com\/en\/enric-font\/\" target=\"_blank\">\n\t\t\t\t\t\t<span class=\"qodef-icon-elegant-icons arrow_right\" ><\/span>\t\t\t\t\t<\/a>\n\t\t\t\t\t\t\t\t\t\t<\/div>\n\t\t<\/div>\n\t<\/div>\n<\/div>\n<div class=\"qodef-e qodef-grid-item  post-3587 team type-team status-publish has-post-thumbnail hentry\" >\n\t<div class=\"qodef-e-inner\">\n\t\t<div class=\"qodef-e-image\">\n\t\t\t\t<div class=\"qodef-e-media-image\">\n\t\t\t\t\t<img decoding=\"async\" width=\"800\" height=\"596\" src=\"https:\/\/izharia.com\/wp-content\/uploads\/2022\/12\/h1-team-img-03-PILAR.jpg\" class=\"attachment-full size-full wp-post-image\" alt=\"\" srcset=\"https:\/\/izharia.com\/wp-content\/uploads\/2022\/12\/h1-team-img-03-PILAR.jpg 800w, https:\/\/izharia.com\/wp-content\/uploads\/2022\/12\/h1-team-img-03-PILAR-300x224.jpg 300w, https:\/\/izharia.com\/wp-content\/uploads\/2022\/12\/h1-team-img-03-PILAR-768x572.jpg 768w\" sizes=\"(max-width: 800px) 100vw, 800px\" \/>\t\t\t<\/div>\n\t\t<\/div>\n\t\t<div class=\"qodef-e-content\">\n\t\t\t<h4 itemprop=\"name\" class=\"qodef-e-title entry-title\" >\n\t\t\tPilar Del Val\t<\/h4>\n\t\t\t\t<p class=\"qodef-e-role\">DIRECTORA GENERAL ES+LATAM (HBU ES+LATAM)<\/p>\n\t\t\t\t\t\t\t<div class=\"qodef-team-member-social-icons\">\n\t\t\t\t\t\t\t<a class=\"qodef-team-member-social-icon\" href=\"https:\/\/www.linkedin.com\/company\/izharia-ingenier-a\/\" target=\"_blank\">\n\t\t\t\t\t\t<span class=\"qodef-icon-font-awesome fab fa-linkedin-in\" ><\/span>\t\t\t\t\t<\/a>\n\t\t\t\t\t\t\t\t\t\t\t\t\t\t<a class=\"qodef-team-member-social-icon\" href=\"https:\/\/izharia.com\/en\/pilar-del-val\/\" target=\"_blank\">\n\t\t\t\t\t\t<span class=\"qodef-icon-elegant-icons arrow_right\" ><\/span>\t\t\t\t\t<\/a>\n\t\t\t\t\t\t\t\t\t\t<\/div>\n\t\t<\/div>\n\t<\/div>\n<\/div>\n<div class=\"qodef-e qodef-grid-item  post-10394 team type-team status-publish has-post-thumbnail hentry\" >\n\t<div class=\"qodef-e-inner\">\n\t\t<div class=\"qodef-e-image\">\n\t\t\t\t<div class=\"qodef-e-media-image\">\n\t\t\t\t\t<img loading=\"lazy\" decoding=\"async\" width=\"800\" height=\"596\" src=\"https:\/\/izharia.com\/wp-content\/uploads\/2024\/04\/h1-team-img-05-ALVARO.jpg\" class=\"attachment-full size-full wp-post-image\" alt=\"\" srcset=\"https:\/\/izharia.com\/wp-content\/uploads\/2024\/04\/h1-team-img-05-ALVARO.jpg 800w, https:\/\/izharia.com\/wp-content\/uploads\/2024\/04\/h1-team-img-05-ALVARO-300x224.jpg 300w, https:\/\/izharia.com\/wp-content\/uploads\/2024\/04\/h1-team-img-05-ALVARO-768x572.jpg 768w\" sizes=\"(max-width: 800px) 100vw, 800px\" \/>\t\t\t<\/div>\n\t\t<\/div>\n\t\t<div class=\"qodef-e-content\">\n\t\t\t<h4 itemprop=\"name\" class=\"qodef-e-title entry-title\" >\n\t\t\t\u00c1lvaro Rodr\u00edguez\t<\/h4>\n\t\t\t\t<p class=\"qodef-e-role\">BUSINESS DEVELOPMENT MANAGER <\/p>\n\t\t\t\t\t\t\t<div class=\"qodef-team-member-social-icons\">\n\t\t\t\t\t\t\t<a class=\"qodef-team-member-social-icon\" href=\"https:\/\/www.linkedin.com\/company\/izharia-ingenier-a\/\" target=\"_blank\">\n\t\t\t\t\t\t<span class=\"qodef-icon-font-awesome fab fa-linkedin-in\" ><\/span>\t\t\t\t\t<\/a>\n\t\t\t\t\t\t\t\t\t\t\t\t\t\t<a class=\"qodef-team-member-social-icon\" href=\"https:\/\/izharia.com\/en\/alvaro-rodriguez\/\" target=\"_blank\">\n\t\t\t\t\t\t<span class=\"qodef-icon-elegant-icons arrow_right\" ><\/span>\t\t\t\t\t<\/a>\n\t\t\t\t\t\t\t\t\t\t<\/div>\n\t\t<\/div>\n\t<\/div>\n<\/div>\n<div class=\"qodef-e qodef-grid-item  post-10787 team type-team status-publish has-post-thumbnail hentry\" >\n\t<div class=\"qodef-e-inner\">\n\t\t<div class=\"qodef-e-image\">\n\t\t\t\t<div class=\"qodef-e-media-image\">\n\t\t\t\t\t<img loading=\"lazy\" decoding=\"async\" width=\"800\" height=\"596\" src=\"https:\/\/izharia.com\/wp-content\/uploads\/2024\/04\/h1-team-img-06-JAVIER.jpg\" class=\"attachment-full size-full wp-post-image\" alt=\"\" srcset=\"https:\/\/izharia.com\/wp-content\/uploads\/2024\/04\/h1-team-img-06-JAVIER.jpg 800w, https:\/\/izharia.com\/wp-content\/uploads\/2024\/04\/h1-team-img-06-JAVIER-300x224.jpg 300w, https:\/\/izharia.com\/wp-content\/uploads\/2024\/04\/h1-team-img-06-JAVIER-768x572.jpg 768w\" sizes=\"(max-width: 800px) 100vw, 800px\" \/>\t\t\t<\/div>\n\t\t<\/div>\n\t\t<div class=\"qodef-e-content\">\n\t\t\t<h4 itemprop=\"name\" class=\"qodef-e-title entry-title\" >\n\t\t\tJavier Escalante\t<\/h4>\n\t\t\t\t<p class=\"qodef-e-role\">PPEE AND CONSTRUCTION DIRECTOR <\/p>\n\t\t\t\t\t\t\t<div class=\"qodef-team-member-social-icons\">\n\t\t\t\t\t\t\t<a class=\"qodef-team-member-social-icon\" href=\"https:\/\/www.linkedin.com\/company\/izharia-ingenier-a\/\" target=\"_blank\">\n\t\t\t\t\t\t<span class=\"qodef-icon-font-awesome fab fa-linkedin-in\" ><\/span>\t\t\t\t\t<\/a>\n\t\t\t\t\t\t\t\t\t\t\t\t\t\t<a class=\"qodef-team-member-social-icon\" href=\"https:\/\/izharia.com\/en\/javier-escalante\/\" target=\"_blank\">\n\t\t\t\t\t\t<span class=\"qodef-icon-elegant-icons arrow_right\" ><\/span>\t\t\t\t\t<\/a>\n\t\t\t\t\t\t\t\t\t\t<\/div>\n\t\t<\/div>\n\t<\/div>\n<\/div>\n<div class=\"qodef-e qodef-grid-item  post-10789 team type-team status-publish has-post-thumbnail hentry\" >\n\t<div class=\"qodef-e-inner\">\n\t\t<div class=\"qodef-e-image\">\n\t\t\t\t<div class=\"qodef-e-media-image\">\n\t\t\t\t\t<img loading=\"lazy\" decoding=\"async\" width=\"800\" height=\"596\" src=\"https:\/\/izharia.com\/wp-content\/uploads\/2024\/04\/h1-team-img-07-DAVID.jpg\" class=\"attachment-full size-full wp-post-image\" alt=\"\" srcset=\"https:\/\/izharia.com\/wp-content\/uploads\/2024\/04\/h1-team-img-07-DAVID.jpg 800w, https:\/\/izharia.com\/wp-content\/uploads\/2024\/04\/h1-team-img-07-DAVID-300x224.jpg 300w, https:\/\/izharia.com\/wp-content\/uploads\/2024\/04\/h1-team-img-07-DAVID-768x572.jpg 768w\" sizes=\"(max-width: 800px) 100vw, 800px\" \/>\t\t\t<\/div>\n\t\t<\/div>\n\t\t<div class=\"qodef-e-content\">\n\t\t\t<h4 itemprop=\"name\" class=\"qodef-e-title entry-title\" >\n\t\t\tDavid Blanco\t<\/h4>\n\t\t\t\t<p class=\"qodef-e-role\">Director de Fotovoltaica<\/p>\n\t\t\t\t\t\t\t<div class=\"qodef-team-member-social-icons\">\n\t\t\t\t\t\t\t<a class=\"qodef-team-member-social-icon\" href=\"https:\/\/www.linkedin.com\/company\/izharia-ingenier-a\/\" target=\"_blank\">\n\t\t\t\t\t\t<span class=\"qodef-icon-font-awesome fab fa-linkedin-in\" ><\/span>\t\t\t\t\t<\/a>\n\t\t\t\t\t\t\t\t\t\t\t\t\t\t<a class=\"qodef-team-member-social-icon\" href=\"https:\/\/izharia.com\/en\/david-blanco\/\" target=\"_blank\">\n\t\t\t\t\t\t<span class=\"qodef-icon-elegant-icons arrow_right\" ><\/span>\t\t\t\t\t<\/a>\n\t\t\t\t\t\t\t\t\t\t<\/div>\n\t\t<\/div>\n\t<\/div>\n<\/div>\n<div class=\"qodef-e qodef-grid-item  post-10794 team type-team status-publish has-post-thumbnail hentry\" >\n\t<div class=\"qodef-e-inner\">\n\t\t<div class=\"qodef-e-image\">\n\t\t\t\t<div class=\"qodef-e-media-image\">\n\t\t\t\t\t<img loading=\"lazy\" decoding=\"async\" width=\"800\" height=\"596\" src=\"https:\/\/izharia.com\/wp-content\/uploads\/2024\/04\/h1-team-img-09-CARMEN.jpg\" class=\"attachment-full size-full wp-post-image\" alt=\"\" srcset=\"https:\/\/izharia.com\/wp-content\/uploads\/2024\/04\/h1-team-img-09-CARMEN.jpg 800w, https:\/\/izharia.com\/wp-content\/uploads\/2024\/04\/h1-team-img-09-CARMEN-300x224.jpg 300w, https:\/\/izharia.com\/wp-content\/uploads\/2024\/04\/h1-team-img-09-CARMEN-768x572.jpg 768w\" sizes=\"(max-width: 800px) 100vw, 800px\" \/>\t\t\t<\/div>\n\t\t<\/div>\n\t\t<div class=\"qodef-e-content\">\n\t\t\t<h4 itemprop=\"name\" class=\"qodef-e-title entry-title\" >\n\t\t\tCarmen Fern\u00e1ndez\t<\/h4>\n\t\t\t\t<p class=\"qodef-e-role\">HEAD OF PEOPLE AND TALENT DEPARTMENT<\/p>\n\t\t\t\t\t\t\t<div class=\"qodef-team-member-social-icons\">\n\t\t\t\t\t\t\t<a class=\"qodef-team-member-social-icon\" href=\"https:\/\/www.linkedin.com\/company\/izharia-ingenier-a\/\" target=\"_blank\">\n\t\t\t\t\t\t<span class=\"qodef-icon-font-awesome fab fa-linkedin-in\" ><\/span>\t\t\t\t\t<\/a>\n\t\t\t\t\t\t\t\t\t\t\t\t\t\t<a class=\"qodef-team-member-social-icon\" href=\"https:\/\/izharia.com\/en\/carmen-fernandez\/\" target=\"_blank\">\n\t\t\t\t\t\t<span class=\"qodef-icon-elegant-icons arrow_right\" ><\/span>\t\t\t\t\t<\/a>\n\t\t\t\t\t\t\t\t\t\t<\/div>\n\t\t<\/div>\n\t<\/div>\n<\/div>\n<div class=\"qodef-e qodef-grid-item  post-10796 team type-team status-publish has-post-thumbnail hentry\" >\n\t<div class=\"qodef-e-inner\">\n\t\t<div class=\"qodef-e-image\">\n\t\t\t\t<div class=\"qodef-e-media-image\">\n\t\t\t\t\t<img loading=\"lazy\" decoding=\"async\" width=\"800\" height=\"596\" src=\"https:\/\/izharia.com\/wp-content\/uploads\/2024\/04\/fwrgegwerv.png\" class=\"attachment-full size-full wp-post-image\" alt=\"\" srcset=\"https:\/\/izharia.com\/wp-content\/uploads\/2024\/04\/fwrgegwerv.png 800w, https:\/\/izharia.com\/wp-content\/uploads\/2024\/04\/fwrgegwerv-300x224.png 300w, https:\/\/izharia.com\/wp-content\/uploads\/2024\/04\/fwrgegwerv-768x572.png 768w, https:\/\/izharia.com\/wp-content\/uploads\/2024\/04\/fwrgegwerv-16x12.png 16w\" sizes=\"(max-width: 800px) 100vw, 800px\" \/>\t\t\t<\/div>\n\t\t<\/div>\n\t\t<div class=\"qodef-e-content\">\n\t\t\t<h4 itemprop=\"name\" class=\"qodef-e-title entry-title\" >\n\t\t\tSandra Fuentes\t<\/h4>\n\t\t\t\t<p class=\"qodef-e-role\">Responsable Departamento Parques E\u00f3licos y Obra Civil<\/p>\n\t\t\t\t\t\t\t<div class=\"qodef-team-member-social-icons\">\n\t\t\t\t\t\t\t<a class=\"qodef-team-member-social-icon\" href=\"https:\/\/www.linkedin.com\/in\/sandrafuentesalonso\/\" target=\"_blank\">\n\t\t\t\t\t\t<span class=\"qodef-icon-font-awesome fab fa-linkedin-in\" ><\/span>\t\t\t\t\t<\/a>\n\t\t\t\t\t\t\t\t\t\t\t\t\t\t<a class=\"qodef-team-member-social-icon\" href=\"https:\/\/izharia.com\/en\/sandra-fuentes\/\" target=\"_blank\">\n\t\t\t\t\t\t<span class=\"qodef-icon-elegant-icons arrow_right\" ><\/span>\t\t\t\t\t<\/a>\n\t\t\t\t\t\t\t\t\t\t<\/div>\n\t\t<\/div>\n\t<\/div>\n<\/div>\n\t<\/div>\n\t<\/div>\n\t\t\t\t<\/div>\n\t\t\t\t<\/div>\n\t\t\t\t<div class=\"elementor-element elementor-element-8e9d98b elementor-widget elementor-widget-spacer\" data-id=\"8e9d98b\" data-element_type=\"widget\" data-e-type=\"widget\" data-widget_type=\"spacer.default\">\n\t\t\t\t<div class=\"elementor-widget-container\">\n\t\t\t\t\t\t\t<div class=\"elementor-spacer\">\n\t\t\t<div class=\"elementor-spacer-inner\"><\/div>\n\t\t<\/div>\n\t\t\t\t\t\t<\/div>\n\t\t\t\t<\/div>\n\t\t\t\t\t<\/div>\n\t\t<\/div>\n\t\t\t\t\t<\/div>\n\t\t<\/section>\n\t\t<div class=\"elementor-element elementor-element-4d8f6d9 e-flex e-con-boxed e-con e-parent\" data-id=\"4d8f6d9\" data-element_type=\"container\" data-e-type=\"container\" data-settings=\"{&quot;background_background&quot;:&quot;classic&quot;}\">\n\t\t\t\t\t<div class=\"e-con-inner\">\n\t\t<div class=\"elementor-element elementor-element-8f5a079 e-flex e-con-boxed e-con e-child\" data-id=\"8f5a079\" data-element_type=\"container\" data-e-type=\"container\">\n\t\t\t\t\t<div class=\"e-con-inner\">\n\t\t\t\t<div class=\"elementor-element elementor-element-e27fa4c elementor-widget elementor-widget-spacer\" data-id=\"e27fa4c\" data-element_type=\"widget\" data-e-type=\"widget\" data-widget_type=\"spacer.default\">\n\t\t\t\t<div class=\"elementor-widget-container\">\n\t\t\t\t\t\t\t<div class=\"elementor-spacer\">\n\t\t\t<div class=\"elementor-spacer-inner\"><\/div>\n\t\t<\/div>\n\t\t\t\t\t\t<\/div>\n\t\t\t\t<\/div>\n\t\t\t\t<div class=\"elementor-element elementor-element-0e22a12 elementor-widget elementor-widget-text-editor\" data-id=\"0e22a12\" data-element_type=\"widget\" data-e-type=\"widget\" data-widget_type=\"text-editor.default\">\n\t\t\t\t<div class=\"elementor-widget-container\">\n\t\t\t\t\t\t\t\t\t<h5 style=\"text-align: left;\"><a href=\"https:\/\/izharia.com\/en\/organigrama\/\"><span style=\"text-decoration: underline;\"><strong>Organisational chart of IZHARIA<\/strong><\/span><\/a><\/h5>\t\t\t\t\t\t\t\t<\/div>\n\t\t\t\t<\/div>\n\t\t\t\t\t<\/div>\n\t\t\t\t<\/div>\n\t\t\t\t<div class=\"elementor-element elementor-element-8650ce9 elementor-widget elementor-widget-text-editor\" data-id=\"8650ce9\" data-element_type=\"widget\" data-e-type=\"widget\" data-widget_type=\"text-editor.default\">\n\t\t\t\t<div class=\"elementor-widget-container\">\n\t\t\t\t\t\t\t\t\t<div class=\"page\" title=\"Page 2\"><div class=\"section\"><div class=\"layoutArea\"><div class=\"column\"><h3>As a leader in electrical engineering and renewable energy, we offer opportunities to contribute to innovative projects that are transforming the world.<\/h3><\/div><\/div><\/div><\/div>\t\t\t\t\t\t\t\t<\/div>\n\t\t\t\t<\/div>\n\t\t\t\t<div class=\"elementor-element elementor-element-2170ec5 elementor-widget elementor-widget-hiroshi_core_call_to_action\" data-id=\"2170ec5\" data-element_type=\"widget\" data-e-type=\"widget\" data-widget_type=\"hiroshi_core_call_to_action.default\">\n\t\t\t\t<div class=\"elementor-widget-container\">\n\t\t\t\t\t<div class=\"qodef-shortcode qodef-m  qodef-call-to-action qodef-layout--standard qodef-style--stretched\">\n\t<div class=\"qodef-m-inner\">\n\t\t\t<div class=\"qodef-m-content\" style=\"color: #000000\"><p>If you need top-quality electricity and renewable energy services, with a global, multilingual and sustainable approach, contact us. We are here to accompany you at every stage of your project, ensuring success and contributing to the promotion of a more sustainable future.<\/p><\/div>\n\t\t\t<div class=\"qodef-m-button\">\n\t\t<a class=\"qodef-shortcode qodef-m  qodef-button qodef-layout--outlined  qodef-html--link\" href=\"https:\/\/izharia.com\/en\/contacto\/\" target=\"_self\" data-hover-color=\"#FFFFFF\" data-hover-background-color=\"#000000\" data-hover-border-color=\"#000000\" style=\"color: #000000;border-color: #000000;--qodef-hover-bg-color:#000000\">\t<span class=\"qodef-m-text\">contact us<\/span><\/a>\t<\/div>\n\t<\/div>\n<\/div>\n\t\t\t\t<\/div>\n\t\t\t\t<\/div>\n\t\t\t\t<div class=\"elementor-element elementor-element-7d4748c elementor-widget elementor-widget-spacer\" data-id=\"7d4748c\" data-element_type=\"widget\" data-e-type=\"widget\" data-widget_type=\"spacer.default\">\n\t\t\t\t<div class=\"elementor-widget-container\">\n\t\t\t\t\t\t\t<div class=\"elementor-spacer\">\n\t\t\t<div class=\"elementor-spacer-inner\"><\/div>\n\t\t<\/div>\n\t\t\t\t\t\t<\/div>\n\t\t\t\t<\/div>\n\t\t\t\t\t<\/div>\n\t\t\t\t<\/div>\n\t\t\t\t<\/div>","protected":false},"excerpt":{"rendered":"<p>EQUIPO DIRECTIVO El equipo directivo de IZHARIA lidera con experiencia y pasi\u00f3n el camino hacia un futuro sostenible DIRECTORES DE \u00c1REAS Isabel L\u00f3pez Ferrer CEO \/ DIRECTORA GENERAL Enric Font PRESIDENTE Pilar del Val CHIEF OPERATING OFFICER (COO) Ernesto P\u00e9rez DIRECTOR DE ESTRATEGIA Y DESARROLLO CORPORATIVO \u00c1lvaro Rodr\u00edguez Director de Desarrollo de Negocio Javier Escalante [&hellip;]<\/p>\n","protected":false},"author":1,"featured_media":0,"parent":0,"menu_order":0,"comment_status":"closed","ping_status":"closed","template":"page-full-width.php","meta":{"footnotes":""},"class_list":["post-3569","page","type-page","status-publish","hentry"],"_links":{"self":[{"href":"https:\/\/izharia.com\/en\/wp-json\/wp\/v2\/pages\/3569","targetHints":{"allow":["GET"]}}],"collection":[{"href":"https:\/\/izharia.com\/en\/wp-json\/wp\/v2\/pages"}],"about":[{"href":"https:\/\/izharia.com\/en\/wp-json\/wp\/v2\/types\/page"}],"author":[{"embeddable":true,"href":"https:\/\/izharia.com\/en\/wp-json\/wp\/v2\/users\/1"}],"replies":[{"embeddable":true,"href":"https:\/\/izharia.com\/en\/wp-json\/wp\/v2\/comments?post=3569"}],"version-history":[{"count":76,"href":"https:\/\/izharia.com\/en\/wp-json\/wp\/v2\/pages\/3569\/revisions"}],"predecessor-version":[{"id":14088,"href":"https:\/\/izharia.com\/en\/wp-json\/wp\/v2\/pages\/3569\/revisions\/14088"}],"wp:attachment":[{"href":"https:\/\/izharia.com\/en\/wp-json\/wp\/v2\/media?parent=3569"}],"curies":[{"name":"wp","href":"https:\/\/api.w.org\/{rel}","templated":true}]}}