{"id":9609,"date":"2024-04-03T16:45:35","date_gmt":"2024-04-03T14:45:35","guid":{"rendered":"https:\/\/izharia.com\/?page_id=9609"},"modified":"2024-07-23T10:29:42","modified_gmt":"2024-07-23T08:29:42","slug":"valores-de-izharia","status":"publish","type":"page","link":"https:\/\/izharia.com\/en\/valores-de-izharia\/","title":{"rendered":"Izharia Values"},"content":{"rendered":"<div data-elementor-type=\"wp-page\" data-elementor-id=\"9609\" class=\"elementor elementor-9609\">\n\t\t\t\t\t\t<section class=\"elementor-section elementor-top-section elementor-element elementor-element-e5ee8d4 elementor-section-full_width elementor-reverse-mobile elementor-section-height-default elementor-section-height-default qodef-elementor-content-no qodef-elementor-column-no\" data-id=\"e5ee8d4\" data-element_type=\"section\" data-e-type=\"section\">\n\t\t\t\t\t\t<div class=\"elementor-container elementor-column-gap-default\">\n\t\t\t\t\t<div class=\"elementor-column elementor-col-100 elementor-top-column elementor-element elementor-element-fa70e4f\" data-id=\"fa70e4f\" data-element_type=\"column\" data-e-type=\"column\">\n\t\t\t<div class=\"elementor-widget-wrap elementor-element-populated\">\n\t\t\t\t\t\t<div class=\"elementor-element elementor-element-9f16d80 elementor-widget elementor-widget-hiroshi_core_section_title\" data-id=\"9f16d80\" data-element_type=\"widget\" data-e-type=\"widget\" data-widget_type=\"hiroshi_core_section_title.default\">\n\t\t\t\t<div class=\"elementor-widget-container\">\n\t\t\t\t\t<div class=\"qodef-shortcode qodef-m  qodef-section-title qodef-alignment--left qodef-title-break--disabled\">\n\t\t<h4 class=\"qodef-m-title\" >\n\t\t\t\t\tOur commitment: To improve people's lives by caring for the environment and collaborating in the energy transition for a cleaner world, with the utmost professionalism.\t\t\t<\/h4>\n\t<\/div>\n\t\t\t\t<\/div>\n\t\t\t\t<\/div>\n\t\t\t\t\t<\/div>\n\t\t<\/div>\n\t\t\t\t\t<\/div>\n\t\t<\/section>\n\t\t\t\t<section class=\"elementor-section elementor-top-section elementor-element elementor-element-38d6861 elementor-section-full_width elementor-reverse-mobile elementor-section-height-default elementor-section-height-default qodef-elementor-content-no qodef-elementor-column-no\" data-id=\"38d6861\" data-element_type=\"section\" data-e-type=\"section\" data-settings=\"{&quot;background_background&quot;:&quot;classic&quot;}\">\n\t\t\t\t\t\t<div class=\"elementor-container elementor-column-gap-default\">\n\t\t\t\t\t<div class=\"elementor-column elementor-col-50 elementor-top-column elementor-element elementor-element-1fc45b0\" data-id=\"1fc45b0\" data-element_type=\"column\" data-e-type=\"column\">\n\t\t\t<div class=\"elementor-widget-wrap elementor-element-populated\">\n\t\t\t\t\t\t<div class=\"elementor-element elementor-element-4d4bd7d elementor-widget elementor-widget-spacer\" data-id=\"4d4bd7d\" data-element_type=\"widget\" data-e-type=\"widget\" data-widget_type=\"spacer.default\">\n\t\t\t\t<div class=\"elementor-widget-container\">\n\t\t\t\t\t\t\t<div class=\"elementor-spacer\">\n\t\t\t<div class=\"elementor-spacer-inner\"><\/div>\n\t\t<\/div>\n\t\t\t\t\t\t<\/div>\n\t\t\t\t<\/div>\n\t\t\t\t<div class=\"elementor-element elementor-element-ef20650 elementor-widget elementor-widget-spacer\" data-id=\"ef20650\" data-element_type=\"widget\" data-e-type=\"widget\" data-widget_type=\"spacer.default\">\n\t\t\t\t<div class=\"elementor-widget-container\">\n\t\t\t\t\t\t\t<div class=\"elementor-spacer\">\n\t\t\t<div class=\"elementor-spacer-inner\"><\/div>\n\t\t<\/div>\n\t\t\t\t\t\t<\/div>\n\t\t\t\t<\/div>\n\t\t\t\t<div class=\"elementor-element elementor-element-819c2a1 elementor-widget elementor-widget-hiroshi_core_section_title\" data-id=\"819c2a1\" data-element_type=\"widget\" data-e-type=\"widget\" data-widget_type=\"hiroshi_core_section_title.default\">\n\t\t\t\t<div class=\"elementor-widget-container\">\n\t\t\t\t\t<div class=\"qodef-shortcode qodef-m  qodef-section-title qodef-alignment--left\">\n\t\t<h4 class=\"qodef-m-title\" >\n\t\t\t\t\tIdeas and Solutions\t\t\t<\/h4>\n\t\t<p class=\"qodef-m-text\" style=\"margin-top: 15px\">IZHARIA is a young and dynamic company, with innovative ideas and solutions, specialised and oriented towards satisfying customer needs. A Spanish company that provides engineering and consultancy solutions and offers the industrial sector its technical capabilities in the fields of electrical engineering and civil works. A big family where we prioritise the well-being and happiness of the team to obtain satisfied customers.<\/p>\n<\/div>\n\t\t\t\t<\/div>\n\t\t\t\t<\/div>\n\t\t\t\t<div class=\"elementor-element elementor-element-1bc279d elementor-widget elementor-widget-image\" data-id=\"1bc279d\" data-element_type=\"widget\" data-e-type=\"widget\" data-widget_type=\"image.default\">\n\t\t\t\t<div class=\"elementor-widget-container\">\n\t\t\t\t\t\t\t\t\t\t\t\t\t\t\t<img fetchpriority=\"high\" decoding=\"async\" width=\"1000\" height=\"668\" src=\"https:\/\/izharia.com\/wp-content\/uploads\/2024\/04\/IZH_EMPRESA_VALORES_img-02-1000X668PX.png\" class=\"attachment-large size-large wp-image-9935\" alt=\"\" srcset=\"https:\/\/izharia.com\/wp-content\/uploads\/2024\/04\/IZH_EMPRESA_VALORES_img-02-1000X668PX.png 1000w, https:\/\/izharia.com\/wp-content\/uploads\/2024\/04\/IZH_EMPRESA_VALORES_img-02-1000X668PX-300x200.png 300w, https:\/\/izharia.com\/wp-content\/uploads\/2024\/04\/IZH_EMPRESA_VALORES_img-02-1000X668PX-768x513.png 768w\" sizes=\"(max-width: 1000px) 100vw, 1000px\" \/>\t\t\t\t\t\t\t\t\t\t\t\t\t\t\t<\/div>\n\t\t\t\t<\/div>\n\t\t\t\t<div class=\"elementor-element elementor-element-01ff564 elementor-widget elementor-widget-spacer\" data-id=\"01ff564\" data-element_type=\"widget\" data-e-type=\"widget\" data-widget_type=\"spacer.default\">\n\t\t\t\t<div class=\"elementor-widget-container\">\n\t\t\t\t\t\t\t<div class=\"elementor-spacer\">\n\t\t\t<div class=\"elementor-spacer-inner\"><\/div>\n\t\t<\/div>\n\t\t\t\t\t\t<\/div>\n\t\t\t\t<\/div>\n\t\t\t\t<div class=\"elementor-element elementor-element-cbdb449 elementor-widget elementor-widget-hiroshi_core_section_title\" data-id=\"cbdb449\" data-element_type=\"widget\" data-e-type=\"widget\" data-widget_type=\"hiroshi_core_section_title.default\">\n\t\t\t\t<div class=\"elementor-widget-container\">\n\t\t\t\t\t<div class=\"qodef-shortcode qodef-m  qodef-section-title qodef-alignment--left\">\n\t\t<h4 class=\"qodef-m-title\" >\n\t\t\t\t\tKnowledge\t\t\t<\/h4>\n\t\t<p class=\"qodef-m-text\" style=\"margin-top: 15px\">At IZHARIA we are convinced that knowledge and talent are fundamental elements for the development of any high-level engineering project. Both contribute to responding proactively and with high added value to the needs of our clients and, therefore, both also guide our company policy.<\/p>\n<\/div>\n\t\t\t\t<\/div>\n\t\t\t\t<\/div>\n\t\t\t\t<div class=\"elementor-element elementor-element-3805a5a elementor-widget elementor-widget-spacer\" data-id=\"3805a5a\" data-element_type=\"widget\" data-e-type=\"widget\" data-widget_type=\"spacer.default\">\n\t\t\t\t<div class=\"elementor-widget-container\">\n\t\t\t\t\t\t\t<div class=\"elementor-spacer\">\n\t\t\t<div class=\"elementor-spacer-inner\"><\/div>\n\t\t<\/div>\n\t\t\t\t\t\t<\/div>\n\t\t\t\t<\/div>\n\t\t\t\t<div class=\"elementor-element elementor-element-2e9231a elementor-widget elementor-widget-text-editor\" data-id=\"2e9231a\" data-element_type=\"widget\" data-e-type=\"widget\" data-widget_type=\"text-editor.default\">\n\t\t\t\t<div class=\"elementor-widget-container\">\n\t\t\t\t\t\t\t\t\t<h4><a href=\"https:\/\/izharia.com\/en\/compromiso-con-el-medio-ambiente\/\"><span style=\"text-decoration: underline;\">Commitment to the environment<\/span><\/a><\/h4><h4><a href=\"https:\/\/izharia.com\/en\/compromiso-con-la-innovacion\/\"><span style=\"text-decoration: underline;\">Commitment to Innovation<\/span><\/a><\/h4><h4><a href=\"https:\/\/izharia.com\/en\/calidad_certificada\/\"><span style=\"text-decoration: underline;\">Certified Quality<\/span><\/a><\/h4>\t\t\t\t\t\t\t\t<\/div>\n\t\t\t\t<\/div>\n\t\t\t\t\t<\/div>\n\t\t<\/div>\n\t\t\t\t<div class=\"elementor-column elementor-col-50 elementor-top-column elementor-element elementor-element-4f64acb\" data-id=\"4f64acb\" data-element_type=\"column\" data-e-type=\"column\">\n\t\t\t<div class=\"elementor-widget-wrap elementor-element-populated\">\n\t\t\t\t\t\t<div class=\"elementor-element elementor-element-0e165ed elementor-widget elementor-widget-hiroshi_core_single_image\" data-id=\"0e165ed\" data-element_type=\"widget\" data-e-type=\"widget\" data-widget_type=\"hiroshi_core_single_image.default\">\n\t\t\t\t<div class=\"elementor-widget-container\">\n\t\t\t\t\t<div class=\"qodef-shortcode qodef-m  qodef-single-image qodef-layout--default   qodef--has-appear\">\n\t\t\t<div class=\"qodef-m-image\">\n\t\t\t\t\t\t\t\t<img decoding=\"async\" width=\"2560\" height=\"1706\" src=\"https:\/\/izharia.com\/wp-content\/uploads\/2024\/04\/20240306_IZHARIA_0146-scaled.jpg\" class=\"attachment-full size-full\" alt=\"\" srcset=\"https:\/\/izharia.com\/wp-content\/uploads\/2024\/04\/20240306_IZHARIA_0146-scaled.jpg 2560w, https:\/\/izharia.com\/wp-content\/uploads\/2024\/04\/20240306_IZHARIA_0146-300x200.jpg 300w, https:\/\/izharia.com\/wp-content\/uploads\/2024\/04\/20240306_IZHARIA_0146-1024x683.jpg 1024w, https:\/\/izharia.com\/wp-content\/uploads\/2024\/04\/20240306_IZHARIA_0146-768x512.jpg 768w, https:\/\/izharia.com\/wp-content\/uploads\/2024\/04\/20240306_IZHARIA_0146-1536x1024.jpg 1536w, https:\/\/izharia.com\/wp-content\/uploads\/2024\/04\/20240306_IZHARIA_0146-2048x1365.jpg 2048w\" sizes=\"(max-width: 2560px) 100vw, 2560px\" \/>\t\t\t\t\t\t\t<\/div>\n\t<\/div>\n\t\t\t\t<\/div>\n\t\t\t\t<\/div>\n\t\t\t\t<div class=\"elementor-element elementor-element-6164dc4 elementor-widget elementor-widget-spacer\" data-id=\"6164dc4\" data-element_type=\"widget\" data-e-type=\"widget\" data-widget_type=\"spacer.default\">\n\t\t\t\t<div class=\"elementor-widget-container\">\n\t\t\t\t\t\t\t<div class=\"elementor-spacer\">\n\t\t\t<div class=\"elementor-spacer-inner\"><\/div>\n\t\t<\/div>\n\t\t\t\t\t\t<\/div>\n\t\t\t\t<\/div>\n\t\t\t\t<div class=\"elementor-element elementor-element-3621382 elementor-widget elementor-widget-spacer\" data-id=\"3621382\" data-element_type=\"widget\" data-e-type=\"widget\" data-widget_type=\"spacer.default\">\n\t\t\t\t<div class=\"elementor-widget-container\">\n\t\t\t\t\t\t\t<div class=\"elementor-spacer\">\n\t\t\t<div class=\"elementor-spacer-inner\"><\/div>\n\t\t<\/div>\n\t\t\t\t\t\t<\/div>\n\t\t\t\t<\/div>\n\t\t\t\t<div class=\"elementor-element elementor-element-6ae2d6f elementor-widget elementor-widget-hiroshi_core_section_title\" data-id=\"6ae2d6f\" data-element_type=\"widget\" data-e-type=\"widget\" data-widget_type=\"hiroshi_core_section_title.default\">\n\t\t\t\t<div class=\"elementor-widget-container\">\n\t\t\t\t\t<div class=\"qodef-shortcode qodef-m  qodef-section-title qodef-alignment--left\">\n\t\t<h4 class=\"qodef-m-title\" >\n\t\t\t\t\tFlexibility\t\t\t<\/h4>\n\t\t<p class=\"qodef-m-text\" style=\"margin-top: 15px\">Focused on providing services to the electricity generation, transmission and distribution sectors, as well as renewable energies, IZHARIA brings together the experience of a select group of professionals with more than twenty years of experience in the electricity sector, with the aim of offering companies and clients a fast and flexible response in the form of high quality technical services.<\/p>\n<\/div>\n\t\t\t\t<\/div>\n\t\t\t\t<\/div>\n\t\t\t\t<div class=\"elementor-element elementor-element-d716364 elementor-widget elementor-widget-image\" data-id=\"d716364\" data-element_type=\"widget\" data-e-type=\"widget\" data-widget_type=\"image.default\">\n\t\t\t\t<div class=\"elementor-widget-container\">\n\t\t\t\t\t\t\t\t\t\t\t\t\t\t\t<img decoding=\"async\" width=\"1000\" height=\"668\" src=\"https:\/\/izharia.com\/wp-content\/uploads\/2024\/04\/IZH_EMPRESA_VALORES_img-03-1000X668PX.png\" class=\"attachment-large size-large wp-image-9936\" alt=\"\" srcset=\"https:\/\/izharia.com\/wp-content\/uploads\/2024\/04\/IZH_EMPRESA_VALORES_img-03-1000X668PX.png 1000w, https:\/\/izharia.com\/wp-content\/uploads\/2024\/04\/IZH_EMPRESA_VALORES_img-03-1000X668PX-300x200.png 300w, https:\/\/izharia.com\/wp-content\/uploads\/2024\/04\/IZH_EMPRESA_VALORES_img-03-1000X668PX-768x513.png 768w\" sizes=\"(max-width: 1000px) 100vw, 1000px\" \/>\t\t\t\t\t\t\t\t\t\t\t\t\t\t\t<\/div>\n\t\t\t\t<\/div>\n\t\t\t\t\t<\/div>\n\t\t<\/div>\n\t\t\t\t\t<\/div>\n\t\t<\/section>\n\t\t<div class=\"elementor-element elementor-element-2afca61 e-flex e-con-boxed e-con e-parent\" data-id=\"2afca61\" data-element_type=\"container\" data-e-type=\"container\">\n\t\t\t\t\t<div class=\"e-con-inner\">\n\t\t\t\t<div class=\"elementor-element elementor-element-3141e30 elementor-widget elementor-widget-heading\" data-id=\"3141e30\" data-element_type=\"widget\" data-e-type=\"widget\" data-widget_type=\"heading.default\">\n\t\t\t\t<div class=\"elementor-widget-container\">\n\t\t\t\t\t<h3 class=\"elementor-heading-title elementor-size-default\">Request our Corporate Catalogue<\/h3>\t\t\t\t<\/div>\n\t\t\t\t<\/div>\n\t\t\t\t\t<\/div>\n\t\t\t\t<\/div>\n\t\t\t\t<\/div>","protected":false},"excerpt":{"rendered":"<p>Nuestro compromiso: Mejorar la vida de las personas cuidando el medio ambiente y colaborando en la transici\u00f3n energ\u00e9tica por un mundo m\u00e1s limpio, con la m\u00e1xima profesionalidad Ideas y Soluciones IZHARIA es una empresa joven y din\u00e1mica, con ideas y soluciones innovadoras, especializada y orientada a satisfacer las necesidades del cliente. Una compa\u00f1\u00eda espa\u00f1ola que [&hellip;]<\/p>\n","protected":false},"author":1,"featured_media":0,"parent":0,"menu_order":0,"comment_status":"closed","ping_status":"closed","template":"page-full-width.php","meta":{"footnotes":""},"class_list":["post-9609","page","type-page","status-publish","hentry"],"_links":{"self":[{"href":"https:\/\/izharia.com\/en\/wp-json\/wp\/v2\/pages\/9609","targetHints":{"allow":["GET"]}}],"collection":[{"href":"https:\/\/izharia.com\/en\/wp-json\/wp\/v2\/pages"}],"about":[{"href":"https:\/\/izharia.com\/en\/wp-json\/wp\/v2\/types\/page"}],"author":[{"embeddable":true,"href":"https:\/\/izharia.com\/en\/wp-json\/wp\/v2\/users\/1"}],"replies":[{"embeddable":true,"href":"https:\/\/izharia.com\/en\/wp-json\/wp\/v2\/comments?post=9609"}],"version-history":[{"count":91,"href":"https:\/\/izharia.com\/en\/wp-json\/wp\/v2\/pages\/9609\/revisions"}],"predecessor-version":[{"id":14644,"href":"https:\/\/izharia.com\/en\/wp-json\/wp\/v2\/pages\/9609\/revisions\/14644"}],"wp:attachment":[{"href":"https:\/\/izharia.com\/en\/wp-json\/wp\/v2\/media?parent=9609"}],"curies":[{"name":"wp","href":"https:\/\/api.w.org\/{rel}","templated":true}]}}