{"id":9617,"date":"2024-04-03T16:54:08","date_gmt":"2024-04-03T14:54:08","guid":{"rendered":"https:\/\/izharia.com\/?page_id=9617"},"modified":"2024-06-21T17:24:55","modified_gmt":"2024-06-21T15:24:55","slug":"compromiso-con-el-medio-ambiente","status":"publish","type":"page","link":"https:\/\/izharia.com\/en\/compromiso-con-el-medio-ambiente\/","title":{"rendered":"Commitment to the environment"},"content":{"rendered":"<div data-elementor-type=\"wp-page\" data-elementor-id=\"9617\" class=\"elementor elementor-9617\">\n\t\t\t\t\t\t<section class=\"elementor-section elementor-top-section elementor-element elementor-element-e5ee8d4 elementor-section-full_width elementor-reverse-mobile elementor-section-height-default elementor-section-height-default qodef-elementor-content-no qodef-elementor-column-no\" data-id=\"e5ee8d4\" data-element_type=\"section\" data-e-type=\"section\">\n\t\t\t\t\t\t<div class=\"elementor-container elementor-column-gap-default\">\n\t\t\t\t\t<div class=\"elementor-column elementor-col-100 elementor-top-column elementor-element elementor-element-fa70e4f\" data-id=\"fa70e4f\" data-element_type=\"column\" data-e-type=\"column\">\n\t\t\t<div class=\"elementor-widget-wrap elementor-element-populated\">\n\t\t\t\t\t\t<div class=\"elementor-element elementor-element-9f16d80 elementor-widget elementor-widget-hiroshi_core_section_title\" data-id=\"9f16d80\" data-element_type=\"widget\" data-e-type=\"widget\" data-widget_type=\"hiroshi_core_section_title.default\">\n\t\t\t\t<div class=\"elementor-widget-container\">\n\t\t\t\t\t<div class=\"qodef-shortcode qodef-m  qodef-section-title qodef-alignment--left qodef-title-break--disabled\">\n\t\t<h3 class=\"qodef-m-title\" >\n\t\t\t\t\tRespect for the environment is guaranteed by our integrated management system, with a complete focus on occupational risk prevention and care for our staff.\t\t\t<\/h3>\n\t<\/div>\n\t\t\t\t<\/div>\n\t\t\t\t<\/div>\n\t\t\t\t\t<\/div>\n\t\t<\/div>\n\t\t\t\t\t<\/div>\n\t\t<\/section>\n\t\t\t\t<section class=\"elementor-section elementor-top-section elementor-element elementor-element-38d6861 elementor-section-full_width elementor-reverse-mobile elementor-section-height-default elementor-section-height-default qodef-elementor-content-no qodef-elementor-column-no\" data-id=\"38d6861\" data-element_type=\"section\" data-e-type=\"section\" data-settings=\"{&quot;background_background&quot;:&quot;classic&quot;}\">\n\t\t\t\t\t\t<div class=\"elementor-container elementor-column-gap-default\">\n\t\t\t\t\t<div class=\"elementor-column elementor-col-50 elementor-top-column elementor-element elementor-element-1fc45b0\" data-id=\"1fc45b0\" data-element_type=\"column\" data-e-type=\"column\">\n\t\t\t<div class=\"elementor-widget-wrap elementor-element-populated\">\n\t\t\t\t\t\t<div class=\"elementor-element elementor-element-819c2a1 elementor-widget elementor-widget-hiroshi_core_section_title\" data-id=\"819c2a1\" data-element_type=\"widget\" data-e-type=\"widget\" data-widget_type=\"hiroshi_core_section_title.default\">\n\t\t\t\t<div class=\"elementor-widget-container\">\n\t\t\t\t\t<div class=\"qodef-shortcode qodef-m  qodef-section-title qodef-alignment--left\">\n\t\t<h4 class=\"qodef-m-title\" >\n\t\t\t\t\tCommitment\t\t\t<\/h4>\n\t\t<p class=\"qodef-m-text\" style=\"margin-top: 15px\">Our evolution is based on a constant search for excellence in all aspects of our work. This includes our commitment to safety, which allows us to reconcile our engineering and energy consultancy activities with the protection of people and the environment. This commitment mainly affects all the people who make up IZHARIA.<\/p>\n<\/div>\n\t\t\t\t<\/div>\n\t\t\t\t<\/div>\n\t\t\t\t\t<\/div>\n\t\t<\/div>\n\t\t\t\t<div class=\"elementor-column elementor-col-50 elementor-top-column elementor-element elementor-element-4f64acb\" data-id=\"4f64acb\" data-element_type=\"column\" data-e-type=\"column\">\n\t\t\t<div class=\"elementor-widget-wrap elementor-element-populated\">\n\t\t\t\t\t\t<div class=\"elementor-element elementor-element-0e165ed elementor-widget elementor-widget-hiroshi_core_single_image\" data-id=\"0e165ed\" data-element_type=\"widget\" data-e-type=\"widget\" data-widget_type=\"hiroshi_core_single_image.default\">\n\t\t\t\t<div class=\"elementor-widget-container\">\n\t\t\t\t\t<div class=\"qodef-shortcode qodef-m  qodef-single-image qodef-layout--default\">\n\t\t\t<div class=\"qodef-m-image\">\n\t\t\t\t\t\t\t\t<img fetchpriority=\"high\" decoding=\"async\" width=\"1000\" height=\"668\" src=\"https:\/\/izharia.com\/wp-content\/uploads\/2024\/04\/IZH_EMPRESA_MEDIOAMBIENTE-01.jpg\" class=\"attachment-full size-full\" alt=\"\" srcset=\"https:\/\/izharia.com\/wp-content\/uploads\/2024\/04\/IZH_EMPRESA_MEDIOAMBIENTE-01.jpg 1000w, https:\/\/izharia.com\/wp-content\/uploads\/2024\/04\/IZH_EMPRESA_MEDIOAMBIENTE-01-300x200.jpg 300w, https:\/\/izharia.com\/wp-content\/uploads\/2024\/04\/IZH_EMPRESA_MEDIOAMBIENTE-01-768x513.jpg 768w\" sizes=\"(max-width: 1000px) 100vw, 1000px\" \/>\t\t\t\t\t\t\t<\/div>\n\t<\/div>\n\t\t\t\t<\/div>\n\t\t\t\t<\/div>\n\t\t\t\t\t<\/div>\n\t\t<\/div>\n\t\t\t\t\t<\/div>\n\t\t<\/section>\n\t\t\t\t<section class=\"elementor-section elementor-top-section elementor-element elementor-element-a994333 elementor-section-full_width elementor-section-height-default elementor-section-height-default qodef-elementor-content-no qodef-elementor-column-no\" data-id=\"a994333\" data-element_type=\"section\" data-e-type=\"section\" data-settings=\"{&quot;background_background&quot;:&quot;classic&quot;}\">\n\t\t\t\t\t\t<div class=\"elementor-container elementor-column-gap-default\">\n\t\t\t\t\t<div class=\"elementor-column elementor-col-50 elementor-top-column elementor-element elementor-element-ed9d890\" data-id=\"ed9d890\" data-element_type=\"column\" data-e-type=\"column\">\n\t\t\t<div class=\"elementor-widget-wrap elementor-element-populated\">\n\t\t\t\t\t\t<div class=\"elementor-element elementor-element-e981aab elementor-widget__width-initial elementor-widget elementor-widget-hiroshi_core_single_image\" data-id=\"e981aab\" data-element_type=\"widget\" data-e-type=\"widget\" data-widget_type=\"hiroshi_core_single_image.default\">\n\t\t\t\t<div class=\"elementor-widget-container\">\n\t\t\t\t\t<div class=\"qodef-shortcode qodef-m  qodef-single-image qodef-layout--default\">\n\t\t\t<div class=\"qodef-m-image\">\n\t\t\t\t\t\t\t\t<img decoding=\"async\" width=\"1000\" height=\"668\" src=\"https:\/\/izharia.com\/wp-content\/uploads\/2024\/05\/p7-img-01-100X668PX-CONTACTO.jpg\" class=\"attachment-full size-full\" alt=\"\" srcset=\"https:\/\/izharia.com\/wp-content\/uploads\/2024\/05\/p7-img-01-100X668PX-CONTACTO.jpg 1000w, https:\/\/izharia.com\/wp-content\/uploads\/2024\/05\/p7-img-01-100X668PX-CONTACTO-300x200.jpg 300w, https:\/\/izharia.com\/wp-content\/uploads\/2024\/05\/p7-img-01-100X668PX-CONTACTO-768x513.jpg 768w\" sizes=\"(max-width: 1000px) 100vw, 1000px\" \/>\t\t\t\t\t\t\t<\/div>\n\t<\/div>\n\t\t\t\t<\/div>\n\t\t\t\t<\/div>\n\t\t\t\t\t<\/div>\n\t\t<\/div>\n\t\t\t\t<div class=\"elementor-column elementor-col-50 elementor-top-column elementor-element elementor-element-a2ff171\" data-id=\"a2ff171\" data-element_type=\"column\" data-e-type=\"column\">\n\t\t\t<div class=\"elementor-widget-wrap elementor-element-populated\">\n\t\t\t\t\t\t<div class=\"elementor-element elementor-element-cecc918 elementor-widget elementor-widget-hiroshi_core_section_title\" data-id=\"cecc918\" data-element_type=\"widget\" data-e-type=\"widget\" data-widget_type=\"hiroshi_core_section_title.default\">\n\t\t\t\t<div class=\"elementor-widget-container\">\n\t\t\t\t\t<div class=\"qodef-shortcode qodef-m  qodef-section-title qodef-alignment--left\">\n\t\t<h4 class=\"qodef-m-title\" >\n\t\t\t\t\tContinuous Quest for Sustainability\t\t\t<\/h4>\n\t\t<p class=\"qodef-m-text\" style=\"margin-top: 15px\">In our company, evolution is a constant and rigorous process. At IZHARIA, we seek improvement in all aspects of our work. We are fully committed to safety in every task, excellence in the development and delivery of the final product, and we carry out an exhaustive prior study to minimise any environmental impact.<\/p>\n<\/div>\n\t\t\t\t<\/div>\n\t\t\t\t<\/div>\n\t\t\t\t\t<\/div>\n\t\t<\/div>\n\t\t\t\t\t<\/div>\n\t\t<\/section>\n\t\t\t\t<section class=\"elementor-section elementor-top-section elementor-element elementor-element-dcc6d26 elementor-section-full_width elementor-reverse-mobile elementor-section-height-default elementor-section-height-default qodef-elementor-content-no qodef-elementor-column-no\" data-id=\"dcc6d26\" data-element_type=\"section\" data-e-type=\"section\" data-settings=\"{&quot;background_background&quot;:&quot;classic&quot;}\">\n\t\t\t\t\t\t<div class=\"elementor-container elementor-column-gap-default\">\n\t\t\t\t\t<div class=\"elementor-column elementor-col-50 elementor-top-column elementor-element elementor-element-b214efb\" data-id=\"b214efb\" data-element_type=\"column\" data-e-type=\"column\">\n\t\t\t<div class=\"elementor-widget-wrap elementor-element-populated\">\n\t\t\t\t\t\t<div class=\"elementor-element elementor-element-f0cf1d3 elementor-widget elementor-widget-hiroshi_core_section_title\" data-id=\"f0cf1d3\" data-element_type=\"widget\" data-e-type=\"widget\" data-widget_type=\"hiroshi_core_section_title.default\">\n\t\t\t\t<div class=\"elementor-widget-container\">\n\t\t\t\t\t<div class=\"qodef-shortcode qodef-m  qodef-section-title qodef-alignment--left\">\n\t\t<h4 class=\"qodef-m-title\" >\n\t\t\t\t\tAn Integrated Management System to Secure Our Environment\t\t\t<\/h4>\n\t\t<p class=\"qodef-m-text\" style=\"margin-top: 15px\">Our commitment to customer satisfaction, risk prevention, continuous training of our staff and respect for the environment is embodied in a comprehensive management system. This system complies with ISO 9001 and ISO 14001 standards, which means that we adhere to the most rigorous standards in terms of quality and sustainability. We are dedicated to providing our clients with first-class services, while ensuring that our activities respect and protect the environment. At IZHARIA, we are deeply rooted in our society and have embraced a commitment that transcends our technological functions. Our actions benefit the community in which we operate, strengthening our bond with the region and the world.<\/p>\n<\/div>\n\t\t\t\t<\/div>\n\t\t\t\t<\/div>\n\t\t\t\t<div class=\"elementor-element elementor-element-64a580e elementor-widget elementor-widget-text-editor\" data-id=\"64a580e\" data-element_type=\"widget\" data-e-type=\"widget\" data-widget_type=\"text-editor.default\">\n\t\t\t\t<div class=\"elementor-widget-container\">\n\t\t\t\t\t\t\t\t\t<h5><a href=\"https:\/\/izharia.com\/en\/compromiso-con-la-innovacion\/\"><span style=\"text-decoration: underline;\">Innovating for growth<\/span><\/a><\/h5><h5><a href=\"https:\/\/izharia.com\/en\/calidad_certificada\/\"><span style=\"text-decoration: underline;\">Certified integrated management<\/span><\/a><\/h5><h5><a href=\"https:\/\/izharia.com\/en\/soluciones-de-ingenieria-y-consultoria\/\"><span style=\"text-decoration: underline;\">Engineering and consulting solutions<\/span><\/a><\/h5>\t\t\t\t\t\t\t\t<\/div>\n\t\t\t\t<\/div>\n\t\t\t\t\t<\/div>\n\t\t<\/div>\n\t\t\t\t<div class=\"elementor-column elementor-col-50 elementor-top-column elementor-element elementor-element-32fb06e\" data-id=\"32fb06e\" data-element_type=\"column\" data-e-type=\"column\">\n\t\t\t<div class=\"elementor-widget-wrap elementor-element-populated\">\n\t\t\t\t\t\t<div class=\"elementor-element elementor-element-da47ea3 elementor-widget elementor-widget-hiroshi_core_single_image\" data-id=\"da47ea3\" data-element_type=\"widget\" data-e-type=\"widget\" data-widget_type=\"hiroshi_core_single_image.default\">\n\t\t\t\t<div class=\"elementor-widget-container\">\n\t\t\t\t\t<div class=\"qodef-shortcode qodef-m  qodef-single-image qodef-layout--default\">\n\t\t\t<div class=\"qodef-m-image\">\n\t\t\t\t\t\t\t\t<img decoding=\"async\" width=\"1000\" height=\"668\" src=\"https:\/\/izharia.com\/wp-content\/uploads\/2024\/04\/IZH_EMPRESA_MEDIOAMBIENTE-04.png\" class=\"attachment-full size-full\" alt=\"\" srcset=\"https:\/\/izharia.com\/wp-content\/uploads\/2024\/04\/IZH_EMPRESA_MEDIOAMBIENTE-04.png 1000w, https:\/\/izharia.com\/wp-content\/uploads\/2024\/04\/IZH_EMPRESA_MEDIOAMBIENTE-04-300x200.png 300w, https:\/\/izharia.com\/wp-content\/uploads\/2024\/04\/IZH_EMPRESA_MEDIOAMBIENTE-04-768x513.png 768w\" sizes=\"(max-width: 1000px) 100vw, 1000px\" \/>\t\t\t\t\t\t\t<\/div>\n\t<\/div>\n\t\t\t\t<\/div>\n\t\t\t\t<\/div>\n\t\t\t\t\t<\/div>\n\t\t<\/div>\n\t\t\t\t\t<\/div>\n\t\t<\/section>\n\t\t<div class=\"elementor-element elementor-element-be3c56b e-flex e-con-boxed e-con e-parent\" data-id=\"be3c56b\" data-element_type=\"container\" data-e-type=\"container\">\n\t\t\t\t\t<div class=\"e-con-inner\">\n\t\t\t\t<div class=\"elementor-element elementor-element-5b8343f elementor-widget elementor-widget-heading\" data-id=\"5b8343f\" data-element_type=\"widget\" data-e-type=\"widget\" data-widget_type=\"heading.default\">\n\t\t\t\t<div class=\"elementor-widget-container\">\n\t\t\t\t\t<h3 class=\"elementor-heading-title elementor-size-default\"><a href=\"https:\/\/izharia.com\/en\/contacto\/\">Request our Corporate Catalogue<\/a><\/h3>\t\t\t\t<\/div>\n\t\t\t\t<\/div>\n\t\t\t\t\t<\/div>\n\t\t\t\t<\/div>\n\t\t\t\t<\/div>","protected":false},"excerpt":{"rendered":"<p>El respeto por el medioambiente est\u00e1 garantizado por nuestro sistema de gesti\u00f3n integral, con un enfoque completo en la prevenci\u00f3n de riesgos laborales y cuidando de nuestro personal Compromiso Nuestra evoluci\u00f3n se fundamenta en una b\u00fasqueda constante de la excelencia en todos los aspectos de nuestra labor. Esto incluye que el compromiso que tenemos con [&hellip;]<\/p>\n","protected":false},"author":1,"featured_media":10098,"parent":0,"menu_order":0,"comment_status":"closed","ping_status":"closed","template":"page-full-width.php","meta":{"footnotes":""},"class_list":["post-9617","page","type-page","status-publish","has-post-thumbnail","hentry"],"_links":{"self":[{"href":"https:\/\/izharia.com\/en\/wp-json\/wp\/v2\/pages\/9617","targetHints":{"allow":["GET"]}}],"collection":[{"href":"https:\/\/izharia.com\/en\/wp-json\/wp\/v2\/pages"}],"about":[{"href":"https:\/\/izharia.com\/en\/wp-json\/wp\/v2\/types\/page"}],"author":[{"embeddable":true,"href":"https:\/\/izharia.com\/en\/wp-json\/wp\/v2\/users\/1"}],"replies":[{"embeddable":true,"href":"https:\/\/izharia.com\/en\/wp-json\/wp\/v2\/comments?post=9617"}],"version-history":[{"count":60,"href":"https:\/\/izharia.com\/en\/wp-json\/wp\/v2\/pages\/9617\/revisions"}],"predecessor-version":[{"id":14450,"href":"https:\/\/izharia.com\/en\/wp-json\/wp\/v2\/pages\/9617\/revisions\/14450"}],"wp:featuredmedia":[{"embeddable":true,"href":"https:\/\/izharia.com\/en\/wp-json\/wp\/v2\/media\/10098"}],"wp:attachment":[{"href":"https:\/\/izharia.com\/en\/wp-json\/wp\/v2\/media?parent=9617"}],"curies":[{"name":"wp","href":"https:\/\/api.w.org\/{rel}","templated":true}]}}