{"id":9625,"date":"2024-04-03T16:59:41","date_gmt":"2024-04-03T14:59:41","guid":{"rendered":"https:\/\/izharia.com\/?page_id=9625"},"modified":"2024-07-23T10:21:04","modified_gmt":"2024-07-23T08:21:04","slug":"compromiso-con-la-innovacion","status":"publish","type":"page","link":"https:\/\/izharia.com\/en\/compromiso-con-la-innovacion\/","title":{"rendered":"Commitment to Innovation"},"content":{"rendered":"<div data-elementor-type=\"wp-page\" data-elementor-id=\"9625\" class=\"elementor elementor-9625\">\n\t\t\t\t\t\t<section class=\"elementor-section elementor-top-section elementor-element elementor-element-e5ee8d4 elementor-section-full_width elementor-reverse-mobile elementor-section-height-default elementor-section-height-default qodef-elementor-content-no qodef-elementor-column-no\" data-id=\"e5ee8d4\" data-element_type=\"section\" data-e-type=\"section\">\n\t\t\t\t\t\t<div class=\"elementor-container elementor-column-gap-default\">\n\t\t\t\t\t<div class=\"elementor-column elementor-col-100 elementor-top-column elementor-element elementor-element-fa70e4f\" data-id=\"fa70e4f\" data-element_type=\"column\" data-e-type=\"column\">\n\t\t\t<div class=\"elementor-widget-wrap elementor-element-populated\">\n\t\t\t\t\t\t<div class=\"elementor-element elementor-element-9f16d80 elementor-widget elementor-widget-hiroshi_core_section_title\" data-id=\"9f16d80\" data-element_type=\"widget\" data-e-type=\"widget\" data-widget_type=\"hiroshi_core_section_title.default\">\n\t\t\t\t<div class=\"elementor-widget-container\">\n\t\t\t\t\t<div class=\"qodef-shortcode qodef-m  qodef-section-title qodef-alignment--left qodef-title-break--disabled\">\n\t\t<h3 class=\"qodef-m-title\" >\n\t\t\t\t\tAt IZHARIA, we lead innovation in electrical and renewable energy. We prioritise customer satisfaction \t\t\t<\/h3>\n\t\t<p class=\"qodef-m-text\" > We are committed to fighting climate change in every step we take.<\/p>\n<\/div>\n\t\t\t\t<\/div>\n\t\t\t\t<\/div>\n\t\t\t\t\t<\/div>\n\t\t<\/div>\n\t\t\t\t\t<\/div>\n\t\t<\/section>\n\t\t\t\t<section class=\"elementor-section elementor-top-section elementor-element elementor-element-38d6861 elementor-section-full_width elementor-reverse-mobile elementor-section-height-default elementor-section-height-default qodef-elementor-content-no qodef-elementor-column-no\" data-id=\"38d6861\" data-element_type=\"section\" data-e-type=\"section\" data-settings=\"{&quot;background_background&quot;:&quot;classic&quot;}\">\n\t\t\t\t\t\t<div class=\"elementor-container elementor-column-gap-default\">\n\t\t\t\t\t<div class=\"elementor-column elementor-col-50 elementor-top-column elementor-element elementor-element-1fc45b0\" data-id=\"1fc45b0\" data-element_type=\"column\" data-e-type=\"column\">\n\t\t\t<div class=\"elementor-widget-wrap elementor-element-populated\">\n\t\t\t\t\t\t<div class=\"elementor-element elementor-element-819c2a1 elementor-widget elementor-widget-hiroshi_core_section_title\" data-id=\"819c2a1\" data-element_type=\"widget\" data-e-type=\"widget\" data-widget_type=\"hiroshi_core_section_title.default\">\n\t\t\t\t<div class=\"elementor-widget-container\">\n\t\t\t\t\t<div class=\"qodef-shortcode qodef-m  qodef-section-title qodef-alignment--left\">\n\t\t<h4 class=\"qodef-m-title\" >\n\t\t\t\t\t Innovating for growth\t\t\t<\/h4>\n\t\t<p class=\"qodef-m-text\" style=\"margin-top: 15px\">Our team of engineering experts works tirelessly to develop innovative solutions that not only meet current market needs, but also anticipate and address future challenges in the distribution and transmission of electricity and renewable energy. From implementing cutting-edge technologies to designing efficient and sustainable systems, we strive to deliver solutions that drive the transition to a cleaner, more sustainable future.<\/p>\n<\/div>\n\t\t\t\t<\/div>\n\t\t\t\t<\/div>\n\t\t\t\t\t<\/div>\n\t\t<\/div>\n\t\t\t\t<div class=\"elementor-column elementor-col-50 elementor-top-column elementor-element elementor-element-4f64acb\" data-id=\"4f64acb\" data-element_type=\"column\" data-e-type=\"column\">\n\t\t\t<div class=\"elementor-widget-wrap elementor-element-populated\">\n\t\t\t\t\t\t<div class=\"elementor-element elementor-element-0e165ed elementor-widget elementor-widget-hiroshi_core_single_image\" data-id=\"0e165ed\" data-element_type=\"widget\" data-e-type=\"widget\" data-widget_type=\"hiroshi_core_single_image.default\">\n\t\t\t\t<div class=\"elementor-widget-container\">\n\t\t\t\t\t<div class=\"qodef-shortcode qodef-m  qodef-single-image qodef-layout--default   qodef--has-appear\">\n\t\t\t<div class=\"qodef-m-image\">\n\t\t\t\t\t\t\t\t<img fetchpriority=\"high\" decoding=\"async\" width=\"1000\" height=\"668\" src=\"https:\/\/izharia.com\/wp-content\/uploads\/2024\/04\/IZH_EMPRESA_INNOVAR-01.jpg\" class=\"attachment-full size-full\" alt=\"\" srcset=\"https:\/\/izharia.com\/wp-content\/uploads\/2024\/04\/IZH_EMPRESA_INNOVAR-01.jpg 1000w, https:\/\/izharia.com\/wp-content\/uploads\/2024\/04\/IZH_EMPRESA_INNOVAR-01-300x200.jpg 300w, https:\/\/izharia.com\/wp-content\/uploads\/2024\/04\/IZH_EMPRESA_INNOVAR-01-768x513.jpg 768w\" sizes=\"(max-width: 1000px) 100vw, 1000px\" \/>\t\t\t\t\t\t\t<\/div>\n\t<\/div>\n\t\t\t\t<\/div>\n\t\t\t\t<\/div>\n\t\t\t\t\t<\/div>\n\t\t<\/div>\n\t\t\t\t\t<\/div>\n\t\t<\/section>\n\t\t\t\t<section class=\"elementor-section elementor-top-section elementor-element elementor-element-a994333 elementor-section-full_width elementor-section-height-default elementor-section-height-default qodef-elementor-content-no qodef-elementor-column-no\" data-id=\"a994333\" data-element_type=\"section\" data-e-type=\"section\" data-settings=\"{&quot;background_background&quot;:&quot;classic&quot;}\">\n\t\t\t\t\t\t<div class=\"elementor-container elementor-column-gap-default\">\n\t\t\t\t\t<div class=\"elementor-column elementor-col-50 elementor-top-column elementor-element elementor-element-ed9d890\" data-id=\"ed9d890\" data-element_type=\"column\" data-e-type=\"column\">\n\t\t\t<div class=\"elementor-widget-wrap elementor-element-populated\">\n\t\t\t\t\t\t<div class=\"elementor-element elementor-element-302369d elementor-widget__width-auto elementor-widget elementor-widget-hiroshi_core_single_image\" data-id=\"302369d\" data-element_type=\"widget\" data-e-type=\"widget\" data-widget_type=\"hiroshi_core_single_image.default\">\n\t\t\t\t<div class=\"elementor-widget-container\">\n\t\t\t\t\t<div class=\"qodef-shortcode qodef-m  qodef-single-image qodef-layout--default\">\n\t\t\t<div class=\"qodef-m-image\">\n\t\t\t\t\t\t\t\t<img decoding=\"async\" width=\"1000\" height=\"668\" src=\"https:\/\/izharia.com\/wp-content\/uploads\/2024\/06\/IZH_EMPRESA_INNOVAR-05.png\" class=\"attachment-full size-full\" alt=\"\" srcset=\"https:\/\/izharia.com\/wp-content\/uploads\/2024\/06\/IZH_EMPRESA_INNOVAR-05.png 1000w, https:\/\/izharia.com\/wp-content\/uploads\/2024\/06\/IZH_EMPRESA_INNOVAR-05-300x200.png 300w, https:\/\/izharia.com\/wp-content\/uploads\/2024\/06\/IZH_EMPRESA_INNOVAR-05-768x513.png 768w\" sizes=\"(max-width: 1000px) 100vw, 1000px\" \/>\t\t\t\t\t\t\t<\/div>\n\t<\/div>\n\t\t\t\t<\/div>\n\t\t\t\t<\/div>\n\t\t\t\t\t<\/div>\n\t\t<\/div>\n\t\t\t\t<div class=\"elementor-column elementor-col-50 elementor-top-column elementor-element elementor-element-a2ff171\" data-id=\"a2ff171\" data-element_type=\"column\" data-e-type=\"column\">\n\t\t\t<div class=\"elementor-widget-wrap elementor-element-populated\">\n\t\t\t\t\t\t<div class=\"elementor-element elementor-element-cecc918 elementor-widget elementor-widget-hiroshi_core_section_title\" data-id=\"cecc918\" data-element_type=\"widget\" data-e-type=\"widget\" data-widget_type=\"hiroshi_core_section_title.default\">\n\t\t\t\t<div class=\"elementor-widget-container\">\n\t\t\t\t\t<div class=\"qodef-shortcode qodef-m  qodef-section-title qodef-alignment--left\">\n\t\t<h4 class=\"qodef-m-title\" >\n\t\t\t\t\tTeamwork\t\t\t<\/h4>\n\t\t<p class=\"qodef-m-text\" style=\"margin-top: 15px\">Focused on providing services to the electricity generation, transmission and distribution sectors, as well as renewable energies, IZHARIA brings together the experience of a select group of professionals with more than 20 years of experience in the electricity sector, with the aim of offering companies and clients a fast and flexible response in the form of high quality technical services.<\/p>\n<\/div>\n\t\t\t\t<\/div>\n\t\t\t\t<\/div>\n\t\t\t\t\t<\/div>\n\t\t<\/div>\n\t\t\t\t\t<\/div>\n\t\t<\/section>\n\t\t\t\t<section class=\"elementor-section elementor-top-section elementor-element elementor-element-dcc6d26 elementor-section-full_width elementor-reverse-mobile elementor-section-height-default elementor-section-height-default qodef-elementor-content-no qodef-elementor-column-no\" data-id=\"dcc6d26\" data-element_type=\"section\" data-e-type=\"section\" data-settings=\"{&quot;background_background&quot;:&quot;classic&quot;}\">\n\t\t\t\t\t\t<div class=\"elementor-container elementor-column-gap-default\">\n\t\t\t\t\t<div class=\"elementor-column elementor-col-50 elementor-top-column elementor-element elementor-element-b214efb\" data-id=\"b214efb\" data-element_type=\"column\" data-e-type=\"column\">\n\t\t\t<div class=\"elementor-widget-wrap elementor-element-populated\">\n\t\t\t\t\t\t<div class=\"elementor-element elementor-element-f0cf1d3 elementor-widget elementor-widget-hiroshi_core_section_title\" data-id=\"f0cf1d3\" data-element_type=\"widget\" data-e-type=\"widget\" data-widget_type=\"hiroshi_core_section_title.default\">\n\t\t\t\t<div class=\"elementor-widget-container\">\n\t\t\t\t\t<div class=\"qodef-shortcode qodef-m  qodef-section-title qodef-alignment--left\">\n\t\t<h4 class=\"qodef-m-title\" >\n\t\t\t\t\tLeading change\t\t\t<\/h4>\n\t\t<p class=\"qodef-m-text\" style=\"margin-top: 15px\">Our passion for innovation and commitment to quality drive us forward in our mission to lead change towards a more sustainable future. At IZHARIA, we are proud to be part of the solution to the challenge of climate change, and we are committed to continuing our journey towards a better world for generations to come.<\/p>\n<\/div>\n\t\t\t\t<\/div>\n\t\t\t\t<\/div>\n\t\t\t\t<div class=\"elementor-element elementor-element-023abf5 elementor-widget elementor-widget-text-editor\" data-id=\"023abf5\" data-element_type=\"widget\" data-e-type=\"widget\" data-widget_type=\"text-editor.default\">\n\t\t\t\t<div class=\"elementor-widget-container\">\n\t\t\t\t\t\t\t\t\t<h5><a href=\"https:\/\/izharia.com\/en\/calidad_certificada\/\"><span style=\"text-decoration: underline;\">Certified integrated management\u00a0<\/span><\/a><\/h5><h5><a href=\"https:\/\/izharia.com\/en\/soluciones-de-ingenieria-y-consultoria\/\"><span style=\"text-decoration: underline;\">Engineering and consulting solutions<\/span><\/a><\/h5><h5><a href=\"https:\/\/izharia.com\/en\/compromiso-con-el-medio-ambiente\/\"><span style=\"text-decoration: underline;\">Commitment to the environment<\/span><\/a><\/h5>\t\t\t\t\t\t\t\t<\/div>\n\t\t\t\t<\/div>\n\t\t\t\t\t<\/div>\n\t\t<\/div>\n\t\t\t\t<div class=\"elementor-column elementor-col-50 elementor-top-column elementor-element elementor-element-32fb06e\" data-id=\"32fb06e\" data-element_type=\"column\" data-e-type=\"column\">\n\t\t\t<div class=\"elementor-widget-wrap elementor-element-populated\">\n\t\t\t\t\t\t<div class=\"elementor-element elementor-element-da47ea3 elementor-widget elementor-widget-hiroshi_core_single_image\" data-id=\"da47ea3\" data-element_type=\"widget\" data-e-type=\"widget\" data-widget_type=\"hiroshi_core_single_image.default\">\n\t\t\t\t<div class=\"elementor-widget-container\">\n\t\t\t\t\t<div class=\"qodef-shortcode qodef-m  qodef-single-image qodef-layout--default   qodef--has-appear\">\n\t\t\t<div class=\"qodef-m-image\">\n\t\t\t\t\t\t\t\t<img decoding=\"async\" width=\"1000\" height=\"668\" src=\"https:\/\/izharia.com\/wp-content\/uploads\/2024\/04\/IZH_EMPRESA_INNOVAR-04.jpg\" class=\"attachment-full size-full\" alt=\"\" srcset=\"https:\/\/izharia.com\/wp-content\/uploads\/2024\/04\/IZH_EMPRESA_INNOVAR-04.jpg 1000w, https:\/\/izharia.com\/wp-content\/uploads\/2024\/04\/IZH_EMPRESA_INNOVAR-04-300x200.jpg 300w, https:\/\/izharia.com\/wp-content\/uploads\/2024\/04\/IZH_EMPRESA_INNOVAR-04-768x513.jpg 768w\" sizes=\"(max-width: 1000px) 100vw, 1000px\" \/>\t\t\t\t\t\t\t<\/div>\n\t<\/div>\n\t\t\t\t<\/div>\n\t\t\t\t<\/div>\n\t\t\t\t\t<\/div>\n\t\t<\/div>\n\t\t\t\t\t<\/div>\n\t\t<\/section>\n\t\t<div class=\"elementor-element elementor-element-be3c56b e-flex e-con-boxed e-con e-parent\" data-id=\"be3c56b\" data-element_type=\"container\" data-e-type=\"container\">\n\t\t\t\t\t<div class=\"e-con-inner\">\n\t\t\t\t<div class=\"elementor-element elementor-element-5b8343f elementor-widget elementor-widget-heading\" data-id=\"5b8343f\" data-element_type=\"widget\" data-e-type=\"widget\" data-widget_type=\"heading.default\">\n\t\t\t\t<div class=\"elementor-widget-container\">\n\t\t\t\t\t<h3 class=\"elementor-heading-title elementor-size-default\"><a href=\"https:\/\/izharia.com\/en\/contacto\/\">Request our Corporate Catalogue<\/a><\/h3>\t\t\t\t<\/div>\n\t\t\t\t<\/div>\n\t\t\t\t\t<\/div>\n\t\t\t\t<\/div>\n\t\t\t\t<\/div>","protected":false},"excerpt":{"rendered":"<p>En IZHARIA, lideramos la innovaci\u00f3n en energ\u00eda el\u00e9ctrica y renovable. Priorizamos la satisfacci\u00f3n del cliente Estamos comprometidos con la lucha contra el cambio clim\u00e1tico en cada paso que damos. Innovamos para crecer Nuestro equipo de expertos en ingenier\u00eda trabaja incansablemente para desarrollar soluciones innovadoras que no solo satisfagan las necesidades actuales del mercado, sino que [&hellip;]<\/p>\n","protected":false},"author":1,"featured_media":0,"parent":0,"menu_order":0,"comment_status":"closed","ping_status":"closed","template":"page-full-width.php","meta":{"footnotes":""},"class_list":["post-9625","page","type-page","status-publish","hentry"],"_links":{"self":[{"href":"https:\/\/izharia.com\/en\/wp-json\/wp\/v2\/pages\/9625","targetHints":{"allow":["GET"]}}],"collection":[{"href":"https:\/\/izharia.com\/en\/wp-json\/wp\/v2\/pages"}],"about":[{"href":"https:\/\/izharia.com\/en\/wp-json\/wp\/v2\/types\/page"}],"author":[{"embeddable":true,"href":"https:\/\/izharia.com\/en\/wp-json\/wp\/v2\/users\/1"}],"replies":[{"embeddable":true,"href":"https:\/\/izharia.com\/en\/wp-json\/wp\/v2\/comments?post=9625"}],"version-history":[{"count":61,"href":"https:\/\/izharia.com\/en\/wp-json\/wp\/v2\/pages\/9625\/revisions"}],"predecessor-version":[{"id":14638,"href":"https:\/\/izharia.com\/en\/wp-json\/wp\/v2\/pages\/9625\/revisions\/14638"}],"wp:attachment":[{"href":"https:\/\/izharia.com\/en\/wp-json\/wp\/v2\/media?parent=9625"}],"curies":[{"name":"wp","href":"https:\/\/api.w.org\/{rel}","templated":true}]}}