{"id":9845,"date":"2024-04-14T20:31:47","date_gmt":"2024-04-14T18:31:47","guid":{"rendered":"https:\/\/izharia.com\/?page_id=9845"},"modified":"2024-05-29T17:37:28","modified_gmt":"2024-05-29T15:37:28","slug":"beneficios-de-nuestros-parques-fotovoltaicos","status":"publish","type":"page","link":"https:\/\/izharia.com\/en\/beneficios-de-nuestros-parques-fotovoltaicos\/","title":{"rendered":"Benefits of our photovoltaic parks"},"content":{"rendered":"<div data-elementor-type=\"wp-page\" data-elementor-id=\"9845\" class=\"elementor elementor-9845\">\n\t\t\t\t\t\t<section data-dynamic-background-color=\"#EAE4E4\" class=\"elementor-section elementor-top-section elementor-element elementor-element-f177ae1 elementor-section-full_width elementor-section-height-default elementor-section-height-default qodef-elementor-content-no qodef-elementor-column-no\" data-id=\"f177ae1\" data-element_type=\"section\" data-e-type=\"section\" data-settings=\"{&quot;background_background&quot;:&quot;classic&quot;}\">\n\t\t\t\t\t\t<div class=\"elementor-container elementor-column-gap-default\">\n\t\t\t\t\t<div class=\"elementor-column elementor-col-100 elementor-top-column elementor-element elementor-element-a7d7ee9\" data-id=\"a7d7ee9\" data-element_type=\"column\" data-e-type=\"column\">\n\t\t\t<div class=\"elementor-widget-wrap elementor-element-populated\">\n\t\t\t\t\t\t<div class=\"elementor-element elementor-element-014ecfe elementor-widget elementor-widget-text-editor\" data-id=\"014ecfe\" data-element_type=\"widget\" data-e-type=\"widget\" data-widget_type=\"text-editor.default\">\n\t\t\t\t<div class=\"elementor-widget-container\">\n\t\t\t\t\t\t\t\t\t<h1>Beneficios de nuestros Parques Fotovoltaicos<\/h1>\t\t\t\t\t\t\t\t<\/div>\n\t\t\t\t<\/div>\n\t\t\t\t\t<\/div>\n\t\t<\/div>\n\t\t\t\t\t<\/div>\n\t\t<\/section>\n\t\t\t\t<section data-dynamic-background-color=\"#EAE4E4\" class=\"elementor-section elementor-top-section elementor-element elementor-element-f81e6db elementor-section-full_width elementor-section-height-default elementor-section-height-default qodef-elementor-content-no qodef-elementor-column-no\" data-id=\"f81e6db\" data-element_type=\"section\" data-e-type=\"section\" data-settings=\"{&quot;background_background&quot;:&quot;classic&quot;}\">\n\t\t\t\t\t\t<div class=\"elementor-container elementor-column-gap-default\">\n\t\t\t\t\t<div class=\"elementor-column elementor-col-50 elementor-top-column elementor-element elementor-element-fdd64de\" data-id=\"fdd64de\" data-element_type=\"column\" data-e-type=\"column\">\n\t\t\t<div class=\"elementor-widget-wrap elementor-element-populated\">\n\t\t\t\t\t\t<div class=\"elementor-element elementor-element-a03a259 elementor-widget elementor-widget-text-editor\" data-id=\"a03a259\" data-element_type=\"widget\" data-e-type=\"widget\" data-widget_type=\"text-editor.default\">\n\t\t\t\t<div class=\"elementor-widget-container\">\n\t\t\t\t\t\t\t\t\t<p><strong>Eficiencia Energ\u00e9tica<\/strong>: Nuestros dise\u00f1os est\u00e1n optimizados para garantizar la m\u00e1xima captura de la energ\u00eda solar disponible en cada ubicaci\u00f3n.<\/p><p><strong>Durabilidad y Fiabilidad<\/strong>: Utilizamos tecnolog\u00edas de punta y materiales de alta calidad para garantizar la durabilidad a largo plazo y la fiabilidad de nuestros parques fotovoltaicos.<\/p><p><strong>Monitoreo Avanzado<\/strong>: Implementamos sistemas de monitoreo en tiempo real que permiten un seguimiento preciso del rendimiento de cada parque, asegurando un mantenimiento proactivo y la optimizaci\u00f3n continua.<\/p><p><strong>Construyendo un Futuro Sostenible con Energ\u00eda Solar<\/strong>: Al elegir nuestros servicios de dise\u00f1o y construcci\u00f3n de parques fotovoltaicos, est\u00e1s invirtiendo en un futuro m\u00e1s sostenible y limpio. Nos enorgullece ser parte del cambio hacia una matriz energ\u00e9tica m\u00e1s amigable con el medio ambiente y estamos comprometidos a ofrecer soluciones que impulsen la adopci\u00f3n de energ\u00eda renovable.<\/p>\t\t\t\t\t\t\t\t<\/div>\n\t\t\t\t<\/div>\n\t\t<div class=\"elementor-element elementor-element-f988ee2 e-flex e-con-boxed e-con e-parent\" data-id=\"f988ee2\" data-element_type=\"container\" data-e-type=\"container\">\n\t\t\t\t\t<div class=\"e-con-inner\">\n\t\t\t\t<div class=\"elementor-element elementor-element-71877e4 elementor-widget elementor-widget-text-editor\" data-id=\"71877e4\" data-element_type=\"widget\" data-e-type=\"widget\" data-widget_type=\"text-editor.default\">\n\t\t\t\t<div class=\"elementor-widget-container\">\n\t\t\t\t\t\t\t\t\t<p><span style=\"text-decoration: underline;\"><a href=\"https:\/\/izharia.com\/en\/parques-fotovoltaicos\/\">Parques Fotovoltaicos IZHARIA<\/a><\/span><\/p>\t\t\t\t\t\t\t\t<\/div>\n\t\t\t\t<\/div>\n\t\t\t\t\t<\/div>\n\t\t\t\t<\/div>\n\t\t\t\t\t<\/div>\n\t\t<\/div>\n\t\t\t\t<div class=\"elementor-column elementor-col-50 elementor-top-column elementor-element elementor-element-74c15c3\" data-id=\"74c15c3\" data-element_type=\"column\" data-e-type=\"column\">\n\t\t\t<div class=\"elementor-widget-wrap elementor-element-populated\">\n\t\t\t\t\t\t<div class=\"elementor-element elementor-element-04e4f35 elementor-widget__width-auto elementor-widget elementor-widget-hiroshi_core_single_image\" data-id=\"04e4f35\" data-element_type=\"widget\" data-e-type=\"widget\" data-widget_type=\"hiroshi_core_single_image.default\">\n\t\t\t\t<div class=\"elementor-widget-container\">\n\t\t\t\t\t<div class=\"qodef-shortcode qodef-m  qodef-single-image qodef-layout--default\">\n\t\t\t<div class=\"qodef-m-image\">\n\t\t\t\t\t\t\t\t<img fetchpriority=\"high\" decoding=\"async\" width=\"1300\" height=\"908\" src=\"https:\/\/izharia.com\/wp-content\/uploads\/2022\/12\/IZH_blog-2-VITA-ENERGY-FV3-foto1.jpg\" class=\"attachment-full size-full\" alt=\"\" srcset=\"https:\/\/izharia.com\/wp-content\/uploads\/2022\/12\/IZH_blog-2-VITA-ENERGY-FV3-foto1.jpg 1300w, https:\/\/izharia.com\/wp-content\/uploads\/2022\/12\/IZH_blog-2-VITA-ENERGY-FV3-foto1-300x210.jpg 300w, https:\/\/izharia.com\/wp-content\/uploads\/2022\/12\/IZH_blog-2-VITA-ENERGY-FV3-foto1-1024x715.jpg 1024w, https:\/\/izharia.com\/wp-content\/uploads\/2022\/12\/IZH_blog-2-VITA-ENERGY-FV3-foto1-768x536.jpg 768w\" sizes=\"(max-width: 1300px) 100vw, 1300px\" \/>\t\t\t\t\t\t\t<\/div>\n\t<\/div>\n\t\t\t\t<\/div>\n\t\t\t\t<\/div>\n\t\t\t\t\t<\/div>\n\t\t<\/div>\n\t\t\t\t\t<\/div>\n\t\t<\/section>\n\t\t\t\t<section data-dynamic-background-color=\"#FFFFFF\" class=\"elementor-section elementor-top-section elementor-element elementor-element-a16cb38 elementor-section-boxed elementor-section-height-default elementor-section-height-default qodef-elementor-content-no qodef-elementor-column-no\" data-id=\"a16cb38\" data-element_type=\"section\" data-e-type=\"section\">\n\t\t\t\t\t\t<div class=\"elementor-container elementor-column-gap-default\">\n\t\t\t\t\t<div class=\"elementor-column elementor-col-100 elementor-top-column elementor-element elementor-element-5b385ad\" data-id=\"5b385ad\" data-element_type=\"column\" data-e-type=\"column\">\n\t\t\t<div class=\"elementor-widget-wrap elementor-element-populated\">\n\t\t\t\t\t\t<div class=\"elementor-element elementor-element-44da023 elementor-widget elementor-widget-text-editor\" data-id=\"44da023\" data-element_type=\"widget\" data-e-type=\"widget\" data-widget_type=\"text-editor.default\">\n\t\t\t\t<div class=\"elementor-widget-container\">\n\t\t\t\t\t\t\t\t\t<h2>Working together, we will achieve extraordinary projects<\/h2>\t\t\t\t\t\t\t\t<\/div>\n\t\t\t\t<\/div>\n\t\t\t\t<div class=\"elementor-element elementor-element-f88d2d1 elementor-widget elementor-widget-hiroshi_core_button\" data-id=\"f88d2d1\" data-element_type=\"widget\" data-e-type=\"widget\" data-widget_type=\"hiroshi_core_button.default\">\n\t\t\t\t<div class=\"elementor-widget-container\">\n\t\t\t\t\t<a class=\"qodef-shortcode qodef-m  qodef-button qodef-layout--textual  qodef-html--link\" href=\"\/en\/contacto\/\" target=\"_self\"  >\n\t<span class=\"qodef-m-text\">Contact Us<\/span>\n<\/a>\n\t\t\t\t<\/div>\n\t\t\t\t<\/div>\n\t\t\t\t\t<\/div>\n\t\t<\/div>\n\t\t\t\t\t<\/div>\n\t\t<\/section>\n\t\t\t\t<\/div>","protected":false},"excerpt":{"rendered":"<p>Beneficios de nuestros Parques Fotovoltaicos Eficiencia Energ\u00e9tica: Nuestros dise\u00f1os est\u00e1n optimizados para garantizar la m\u00e1xima captura de la energ\u00eda solar disponible en cada ubicaci\u00f3n. Durabilidad y Fiabilidad: Utilizamos tecnolog\u00edas de punta y materiales de alta calidad para garantizar la durabilidad a largo plazo y la fiabilidad de nuestros parques fotovoltaicos. Monitoreo Avanzado: Implementamos sistemas de [&hellip;]<\/p>\n","protected":false},"author":1,"featured_media":0,"parent":0,"menu_order":0,"comment_status":"closed","ping_status":"closed","template":"page-full-width.php","meta":{"footnotes":""},"class_list":["post-9845","page","type-page","status-publish","hentry"],"_links":{"self":[{"href":"https:\/\/izharia.com\/en\/wp-json\/wp\/v2\/pages\/9845","targetHints":{"allow":["GET"]}}],"collection":[{"href":"https:\/\/izharia.com\/en\/wp-json\/wp\/v2\/pages"}],"about":[{"href":"https:\/\/izharia.com\/en\/wp-json\/wp\/v2\/types\/page"}],"author":[{"embeddable":true,"href":"https:\/\/izharia.com\/en\/wp-json\/wp\/v2\/users\/1"}],"replies":[{"embeddable":true,"href":"https:\/\/izharia.com\/en\/wp-json\/wp\/v2\/comments?post=9845"}],"version-history":[{"count":22,"href":"https:\/\/izharia.com\/en\/wp-json\/wp\/v2\/pages\/9845\/revisions"}],"predecessor-version":[{"id":13873,"href":"https:\/\/izharia.com\/en\/wp-json\/wp\/v2\/pages\/9845\/revisions\/13873"}],"wp:attachment":[{"href":"https:\/\/izharia.com\/en\/wp-json\/wp\/v2\/media?parent=9845"}],"curies":[{"name":"wp","href":"https:\/\/api.w.org\/{rel}","templated":true}]}}